{"id":12993,"date":"2024-06-21T16:23:35","date_gmt":"2024-06-21T16:23:35","guid":{"rendered":"https:\/\/military-classic-auction.com\/?post_type=product&#038;p=12993"},"modified":"2024-07-06T11:47:35","modified_gmt":"2024-07-06T11:47:35","slug":"caisse-pour-4-obus-de-47cm-pak-181f","status":"publish","type":"product","link":"https:\/\/military-classic-auction.com\/en\/product\/caisse-pour-4-obus-de-47cm-pak-181f\/","title":{"rendered":"Caisse pour 4 obus de 4,7cm Pak 181(f)"},"content":{"rendered":"<p>Caisse pour 4 obus de 4,7cm Pak 181(f)<br \/>\nCaisse en m\u00e9tal de l&rsquo;arm\u00e9e fran\u00e7aise r\u00e9utilis\u00e9e par la Wehrmacht.<br \/>\nMarquage : \u00ab\u00a0BS-AP 36 194\u00a0\u00bb<br \/>\n\u00c9tiquettes pr\u00e9sentes (incompl\u00e8tes)<br \/>\nRatelier int\u00e9rieur pr\u00e9sent.<br \/>\nDimension : L35cm x l9cm x h59cm<br \/>\n(En l&rsquo;\u00e9tat, usures, oxydation)<br \/>\n&#8211;<br \/>\nCase for 4 4.7cm shells Pak 181(f)<br \/>\nMetal crate from the French army reused by the Wehrmacht.<br \/>\nMarking: \u00ab\u00a0BS-AP 36 194&Prime;<br \/>\nLabels present (incomplete)<br \/>\nInterior rack present.<br \/>\nDimensions: L13,8&Prime; x w3,5&Prime; x h23,2\u00a0\u00bb<br \/>\n(As is, wear, oxidation)<\/p>","protected":false},"excerpt":{"rendered":"<p>Caisse pour 4 obus de 4,7cm Pak 181(f) Caisse en m\u00e9tal de l&rsquo;arm\u00e9e fran\u00e7aise r\u00e9utilis\u00e9e par la Wehrmacht. Marquage : \u00ab\u00a0BS-AP 36 194\u00a0\u00bb \u00c9tiquettes pr\u00e9sentes (incompl\u00e8tes) Ratelier int\u00e9rieur pr\u00e9sent. Dimension : L35cm x l9cm x h59cm (En l&rsquo;\u00e9tat, usures, oxydation) &#8211; Case for 4 4.7cm shells Pak 181(f) Metal crate from the French army reused<a class=\"more-link\" href=\"https:\/\/military-classic-auction.com\/en\/product\/caisse-pour-4-obus-de-47cm-pak-181f\/\">Read more  &#10230;<\/a><\/p>","protected":false},"featured_media":12649,"template":"","meta":[],"product_brand":[],"product_cat":[27],"product_tag":[],"class_list":{"0":"post-12993","1":"product","2":"type-product","3":"status-publish","4":"has-post-thumbnail","6":"product_cat-larmee-des-caisses","8":"first","9":"instock","10":"sold-individually","11":"purchasable","12":"product-type-auction"},"aioseo_notices":[],"_links":{"self":[{"href":"https:\/\/military-classic-auction.com\/en\/wp-json\/wp\/v2\/product\/12993","targetHints":{"allow":["GET"]}}],"collection":[{"href":"https:\/\/military-classic-auction.com\/en\/wp-json\/wp\/v2\/product"}],"about":[{"href":"https:\/\/military-classic-auction.com\/en\/wp-json\/wp\/v2\/types\/product"}],"wp:featuredmedia":[{"embeddable":true,"href":"https:\/\/military-classic-auction.com\/en\/wp-json\/wp\/v2\/media\/12649"}],"wp:attachment":[{"href":"https:\/\/military-classic-auction.com\/en\/wp-json\/wp\/v2\/media?parent=12993"}],"wp:term":[{"taxonomy":"product_brand","embeddable":true,"href":"https:\/\/military-classic-auction.com\/en\/wp-json\/wp\/v2\/product_brand?post=12993"},{"taxonomy":"product_cat","embeddable":true,"href":"https:\/\/military-classic-auction.com\/en\/wp-json\/wp\/v2\/product_cat?post=12993"},{"taxonomy":"product_tag","embeddable":true,"href":"https:\/\/military-classic-auction.com\/en\/wp-json\/wp\/v2\/product_tag?post=12993"}],"curies":[{"name":"wp","href":"https:\/\/api.w.org\/{rel}","templated":true}]}}