{"id":12992,"date":"2024-06-21T16:23:34","date_gmt":"2024-06-21T16:23:34","guid":{"rendered":"https:\/\/military-classic-auction.com\/?post_type=product&#038;p=12992"},"modified":"2024-07-06T11:26:15","modified_gmt":"2024-07-06T11:26:15","slug":"caisse-en-bois-pour-sonderhulsenkart-152-cm-k-h-433-r","status":"publish","type":"product","link":"https:\/\/military-classic-auction.com\/en\/product\/caisse-en-bois-pour-sonderhulsenkart-152-cm-k-h-433-r\/","title":{"rendered":"Caisse en bois pour Sonderh\u00fclsenkart. 15,2 cm K.H.433 (r)"},"content":{"rendered":"<p>Caisse en bois pour Sonderh\u00fclsenkart. 15,2 cm K.H.433 (r)<br \/>\nCaisse de confection allemande pour le canon russe Mle.1937.<br \/>\nContenu : 2 douilles avec 3 charges.<br \/>\nFermeture par deux crochets &#038; deux poign\u00e9es de transport en cordelette.<br \/>\nFabrication : \u00ab\u00a0bgr\u00a0\u00bb<br \/>\nDat\u00e9e 1943<br \/>\nWaffenamt pr\u00e9sent.<br \/>\nDimension : L46cm x l39cm x h22,5cm<br \/>\n(En l&rsquo;\u00e9tat, usures)<br \/>\n&#8211;<br \/>\nWooden crate for Sonderh\u00fclsenkart. 6&Prime; K.H.433(r)<br \/>\nGerman-made case for the Russian Mle.1937 cannon.<br \/>\nContents: 2 sockets with 3 charges.<br \/>\nClosure with two hooks &#038; two cord carrying handles.<br \/>\nManufacture: \u00ab\u00a0bgr\u00a0\u00bb<br \/>\nDated 1943<br \/>\nWaffenamt present.<br \/>\nDimensions: L18,1&Prime; x w15,3&Prime; x h8,8&Prime;<br \/>\n(As is, wear)<\/p>","protected":false},"excerpt":{"rendered":"<p>Caisse en bois pour Sonderh\u00fclsenkart. 15,2 cm K.H.433 (r) Caisse de confection allemande pour le canon russe Mle.1937. Contenu : 2 douilles avec 3 charges. Fermeture par deux crochets &#038; deux poign\u00e9es de transport en cordelette. Fabrication : \u00ab\u00a0bgr\u00a0\u00bb Dat\u00e9e 1943 Waffenamt pr\u00e9sent. Dimension : L46cm x l39cm x h22,5cm (En l&rsquo;\u00e9tat, usures) &#8211; Wooden<a class=\"more-link\" href=\"https:\/\/military-classic-auction.com\/en\/product\/caisse-en-bois-pour-sonderhulsenkart-152-cm-k-h-433-r\/\">Read more  &#10230;<\/a><\/p>","protected":false},"featured_media":12640,"template":"","meta":[],"product_brand":[],"product_cat":[27],"product_tag":[],"class_list":{"0":"post-12992","1":"product","2":"type-product","3":"status-publish","4":"has-post-thumbnail","6":"product_cat-larmee-des-caisses","8":"first","9":"instock","10":"sold-individually","11":"purchasable","12":"product-type-auction"},"aioseo_notices":[],"_links":{"self":[{"href":"https:\/\/military-classic-auction.com\/en\/wp-json\/wp\/v2\/product\/12992","targetHints":{"allow":["GET"]}}],"collection":[{"href":"https:\/\/military-classic-auction.com\/en\/wp-json\/wp\/v2\/product"}],"about":[{"href":"https:\/\/military-classic-auction.com\/en\/wp-json\/wp\/v2\/types\/product"}],"wp:featuredmedia":[{"embeddable":true,"href":"https:\/\/military-classic-auction.com\/en\/wp-json\/wp\/v2\/media\/12640"}],"wp:attachment":[{"href":"https:\/\/military-classic-auction.com\/en\/wp-json\/wp\/v2\/media?parent=12992"}],"wp:term":[{"taxonomy":"product_brand","embeddable":true,"href":"https:\/\/military-classic-auction.com\/en\/wp-json\/wp\/v2\/product_brand?post=12992"},{"taxonomy":"product_cat","embeddable":true,"href":"https:\/\/military-classic-auction.com\/en\/wp-json\/wp\/v2\/product_cat?post=12992"},{"taxonomy":"product_tag","embeddable":true,"href":"https:\/\/military-classic-auction.com\/en\/wp-json\/wp\/v2\/product_tag?post=12992"}],"curies":[{"name":"wp","href":"https:\/\/api.w.org\/{rel}","templated":true}]}}