{"id":12991,"date":"2024-06-21T16:23:31","date_gmt":"2024-06-21T16:23:31","guid":{"rendered":"https:\/\/military-classic-auction.com\/?post_type=product&#038;p=12991"},"modified":"2024-07-06T11:03:20","modified_gmt":"2024-07-06T11:03:20","slug":"mire-anti-aerienne-pour-mitrailleuse-zb37","status":"publish","type":"product","link":"https:\/\/military-classic-auction.com\/en\/product\/mire-anti-aerienne-pour-mitrailleuse-zb37\/","title":{"rendered":"Mire anti-a\u00e9rienne pour mitrailleuse ZB37"},"content":{"rendered":"<p>Mire anti-a\u00e9rienne pour mitrailleuse ZB37<br \/>\nNum\u00e9ro de s\u00e9rie : 0230<br \/>\nPi\u00e8ces mobiles.<br \/>\nDans sa boite d&rsquo;origine.<br \/>\nDimension de la boite : L39cm x l21cm x h8,5cm<br \/>\n(Usures, oxydation)<br \/>\n&#8211;<br \/>\nAnti-aircraft sight for ZB37 machine gun<br \/>\nSerial number: 0230<br \/>\nMoving parts.<br \/>\nIn its original box.<br \/>\nDimensions of the box: L15,3&Prime; x w8,3&Prime; x h3,3&Prime;<br \/>\n(Wear, oxidation)<\/p>","protected":false},"excerpt":{"rendered":"<p>Mire anti-a\u00e9rienne pour mitrailleuse ZB37 Num\u00e9ro de s\u00e9rie : 0230 Pi\u00e8ces mobiles. Dans sa boite d&rsquo;origine. Dimension de la boite : L39cm x l21cm x h8,5cm (Usures, oxydation) &#8211; Anti-aircraft sight for ZB37 machine gun Serial number: 0230 Moving parts. In its original box. Dimensions of the box: L15,3&Prime; x w8,3&Prime; x h3,3&Prime; (Wear, oxidation)<\/p>","protected":false},"featured_media":12633,"template":"","meta":[],"product_brand":[],"product_cat":[27],"product_tag":[],"class_list":{"0":"post-12991","1":"product","2":"type-product","3":"status-publish","4":"has-post-thumbnail","6":"product_cat-larmee-des-caisses","8":"first","9":"instock","10":"sold-individually","11":"purchasable","12":"product-type-auction"},"aioseo_notices":[],"_links":{"self":[{"href":"https:\/\/military-classic-auction.com\/en\/wp-json\/wp\/v2\/product\/12991","targetHints":{"allow":["GET"]}}],"collection":[{"href":"https:\/\/military-classic-auction.com\/en\/wp-json\/wp\/v2\/product"}],"about":[{"href":"https:\/\/military-classic-auction.com\/en\/wp-json\/wp\/v2\/types\/product"}],"wp:featuredmedia":[{"embeddable":true,"href":"https:\/\/military-classic-auction.com\/en\/wp-json\/wp\/v2\/media\/12633"}],"wp:attachment":[{"href":"https:\/\/military-classic-auction.com\/en\/wp-json\/wp\/v2\/media?parent=12991"}],"wp:term":[{"taxonomy":"product_brand","embeddable":true,"href":"https:\/\/military-classic-auction.com\/en\/wp-json\/wp\/v2\/product_brand?post=12991"},{"taxonomy":"product_cat","embeddable":true,"href":"https:\/\/military-classic-auction.com\/en\/wp-json\/wp\/v2\/product_cat?post=12991"},{"taxonomy":"product_tag","embeddable":true,"href":"https:\/\/military-classic-auction.com\/en\/wp-json\/wp\/v2\/product_tag?post=12991"}],"curies":[{"name":"wp","href":"https:\/\/api.w.org\/{rel}","templated":true}]}}