{"id":12990,"date":"2024-06-21T16:23:31","date_gmt":"2024-06-21T16:23:31","guid":{"rendered":"https:\/\/military-classic-auction.com\/?post_type=product&#038;p=12990"},"modified":"2024-07-06T10:55:03","modified_gmt":"2024-07-06T10:55:03","slug":"caisse-de-3-charges-propulsives-pour-canon-l-f-h-18-3","status":"publish","type":"product","link":"https:\/\/military-classic-auction.com\/en\/product\/caisse-de-3-charges-propulsives-pour-canon-l-f-h-18-3\/","title":{"rendered":"Caisse de 3 charges propulsives pour canon \u00ab\u00a0l.F.H.18\u00a0\u00bb"},"content":{"rendered":"<p>Caisse de 3 charges propulsives pour canon \u00ab\u00a0l.F.H.18\u00a0\u00bb<br \/>\nFermeture par un crochet &#038; poign\u00e9e de transport en toile.<br \/>\nMarqu\u00e9e : \u00ab\u00a0Sonderkart.6. le.F.H.18<br \/>\nPas de marquage fabricant visible.<br \/>\n\u00c9tiquette int\u00e9rieure pr\u00e9sente mais incompl\u00e8te.<br \/>\nWaffenamt pr\u00e9sent, r\u00e2telier manquant.<br \/>\nDimension : L51cm x l16cm x h14cm<br \/>\n(En l&rsquo;\u00e9tat, usures, manques)<br \/>\n&#8211;<br \/>\nBox of 3 propellant charges for \u00ab\u00a0l.F.H.18\u00a0\u00bb cannon<br \/>\nClosure with a hook and canvas carrying handle.<br \/>\nMarked: \u00ab\u00a0Sonderkart.6. le.F.H.18<br \/>\nNo visible manufacturer marking.<br \/>\nInterior label present but incomplete.<br \/>\nWaffenamt present, rack missing.<br \/>\nDimensions: L20&Prime; x w6,3&Prime; x h5,5\u00a0\u00bb<br \/>\n(As is, wear and tear)<\/p>","protected":false},"excerpt":{"rendered":"<p>Caisse de 3 charges propulsives pour canon \u00ab\u00a0l.F.H.18\u00a0\u00bb Fermeture par un crochet &#038; poign\u00e9e de transport en toile. Marqu\u00e9e : \u00ab\u00a0Sonderkart.6. le.F.H.18 Pas de marquage fabricant visible. \u00c9tiquette int\u00e9rieure pr\u00e9sente mais incompl\u00e8te. Waffenamt pr\u00e9sent, r\u00e2telier manquant. Dimension : L51cm x l16cm x h14cm (En l&rsquo;\u00e9tat, usures, manques) &#8211; Box of 3 propellant charges for \u00ab\u00a0l.F.H.18\u00a0\u00bb<a class=\"more-link\" href=\"https:\/\/military-classic-auction.com\/en\/product\/caisse-de-3-charges-propulsives-pour-canon-l-f-h-18-3\/\">Read more  &#10230;<\/a><\/p>","protected":false},"featured_media":12626,"template":"","meta":[],"product_brand":[],"product_cat":[27],"product_tag":[],"class_list":{"0":"post-12990","1":"product","2":"type-product","3":"status-publish","4":"has-post-thumbnail","6":"product_cat-larmee-des-caisses","8":"first","9":"instock","10":"sold-individually","11":"purchasable","12":"product-type-auction"},"aioseo_notices":[],"_links":{"self":[{"href":"https:\/\/military-classic-auction.com\/en\/wp-json\/wp\/v2\/product\/12990","targetHints":{"allow":["GET"]}}],"collection":[{"href":"https:\/\/military-classic-auction.com\/en\/wp-json\/wp\/v2\/product"}],"about":[{"href":"https:\/\/military-classic-auction.com\/en\/wp-json\/wp\/v2\/types\/product"}],"wp:featuredmedia":[{"embeddable":true,"href":"https:\/\/military-classic-auction.com\/en\/wp-json\/wp\/v2\/media\/12626"}],"wp:attachment":[{"href":"https:\/\/military-classic-auction.com\/en\/wp-json\/wp\/v2\/media?parent=12990"}],"wp:term":[{"taxonomy":"product_brand","embeddable":true,"href":"https:\/\/military-classic-auction.com\/en\/wp-json\/wp\/v2\/product_brand?post=12990"},{"taxonomy":"product_cat","embeddable":true,"href":"https:\/\/military-classic-auction.com\/en\/wp-json\/wp\/v2\/product_cat?post=12990"},{"taxonomy":"product_tag","embeddable":true,"href":"https:\/\/military-classic-auction.com\/en\/wp-json\/wp\/v2\/product_tag?post=12990"}],"curies":[{"name":"wp","href":"https:\/\/api.w.org\/{rel}","templated":true}]}}