{"id":12989,"date":"2024-06-21T16:23:30","date_gmt":"2024-06-21T16:23:30","guid":{"rendered":"https:\/\/military-classic-auction.com\/?post_type=product&#038;p=12989"},"modified":"2024-07-06T10:54:10","modified_gmt":"2024-07-06T10:54:10","slug":"caisse-camouflee-de-3-charges-propulsives-pour-canon-l-f-h-18","status":"publish","type":"product","link":"https:\/\/military-classic-auction.com\/en\/product\/caisse-camouflee-de-3-charges-propulsives-pour-canon-l-f-h-18\/","title":{"rendered":"Caisse camoufl\u00e9e de 3 charges propulsives pour canon \u00ab\u00a0l.F.H.18\u00a0\u00bb"},"content":{"rendered":"<p>Caisse camoufl\u00e9e de 3 charges propulsives pour canon \u00ab\u00a0l.F.H.18\u00a0\u00bb<br \/>\nFermeture par un crochet &#038; poign\u00e9e de transport en toile.<br \/>\nMarqu\u00e9e : \u00ab\u00a0Sonderkart.6. d.l.F.H.18\u00a0\u00bb<br \/>\nFabrication : \u00ab\u00a0MW\u00a0\u00bb<br \/>\nDat\u00e9e 1936<br \/>\nWaffenamt pr\u00e9sent, r\u00e2telier manquant.<br \/>\nDimension : L51cm x l16cm x h14cm<br \/>\n(En l&rsquo;\u00e9tat, usures, manques)<br \/>\n&#8211;<br \/>\nCamouflaged box of 3 propellant charges for \u00ab\u00a0l.F.H.18\u00a0\u00bb cannon<br \/>\nClosure with a hook and canvas carrying handle.<br \/>\nMarked: \u00ab\u00a0Sonderkart.6. d.l.F.H.18\u00a0\u00bb<br \/>\nManufacture: \u00ab\u00a0MW\u00a0\u00bb<br \/>\nDated 1936<br \/>\nWaffenamt present, rack missing.<br \/>\nDimensions: L20&Prime; x w6,3&Prime; x h5,5&Prime;<br \/>\n(As is, wear and tear)<\/p>","protected":false},"excerpt":{"rendered":"<p>Caisse camoufl\u00e9e de 3 charges propulsives pour canon \u00ab\u00a0l.F.H.18\u00a0\u00bb Fermeture par un crochet &#038; poign\u00e9e de transport en toile. Marqu\u00e9e : \u00ab\u00a0Sonderkart.6. d.l.F.H.18\u00a0\u00bb Fabrication : \u00ab\u00a0MW\u00a0\u00bb Dat\u00e9e 1936 Waffenamt pr\u00e9sent, r\u00e2telier manquant. Dimension : L51cm x l16cm x h14cm (En l&rsquo;\u00e9tat, usures, manques) &#8211; Camouflaged box of 3 propellant charges for \u00ab\u00a0l.F.H.18\u00a0\u00bb cannon Closure with<a class=\"more-link\" href=\"https:\/\/military-classic-auction.com\/en\/product\/caisse-camouflee-de-3-charges-propulsives-pour-canon-l-f-h-18\/\">Read more  &#10230;<\/a><\/p>","protected":false},"featured_media":12617,"template":"","meta":[],"product_brand":[],"product_cat":[27],"product_tag":[],"class_list":{"0":"post-12989","1":"product","2":"type-product","3":"status-publish","4":"has-post-thumbnail","6":"product_cat-larmee-des-caisses","8":"first","9":"instock","10":"sold-individually","11":"purchasable","12":"product-type-auction"},"aioseo_notices":[],"_links":{"self":[{"href":"https:\/\/military-classic-auction.com\/en\/wp-json\/wp\/v2\/product\/12989","targetHints":{"allow":["GET"]}}],"collection":[{"href":"https:\/\/military-classic-auction.com\/en\/wp-json\/wp\/v2\/product"}],"about":[{"href":"https:\/\/military-classic-auction.com\/en\/wp-json\/wp\/v2\/types\/product"}],"wp:featuredmedia":[{"embeddable":true,"href":"https:\/\/military-classic-auction.com\/en\/wp-json\/wp\/v2\/media\/12617"}],"wp:attachment":[{"href":"https:\/\/military-classic-auction.com\/en\/wp-json\/wp\/v2\/media?parent=12989"}],"wp:term":[{"taxonomy":"product_brand","embeddable":true,"href":"https:\/\/military-classic-auction.com\/en\/wp-json\/wp\/v2\/product_brand?post=12989"},{"taxonomy":"product_cat","embeddable":true,"href":"https:\/\/military-classic-auction.com\/en\/wp-json\/wp\/v2\/product_cat?post=12989"},{"taxonomy":"product_tag","embeddable":true,"href":"https:\/\/military-classic-auction.com\/en\/wp-json\/wp\/v2\/product_tag?post=12989"}],"curies":[{"name":"wp","href":"https:\/\/api.w.org\/{rel}","templated":true}]}}