{"id":12986,"date":"2024-06-21T16:23:27","date_gmt":"2024-06-21T16:23:27","guid":{"rendered":"https:\/\/military-classic-auction.com\/?post_type=product&#038;p=12986"},"modified":"2024-07-06T10:17:06","modified_gmt":"2024-07-06T10:17:06","slug":"caisse-pour-2-douilles-de-15-cm-s-j-g-33-2","status":"publish","type":"product","link":"https:\/\/military-classic-auction.com\/en\/product\/caisse-pour-2-douilles-de-15-cm-s-j-g-33-2\/","title":{"rendered":"Caisse pour 2 douilles de 15 cm \u00ab\u00a0s.J.G 33\u00a0\u00bb"},"content":{"rendered":"<p>Caisse pour 2 douilles de 15 cm \u00ab\u00a0s.J.G 33\u00a0\u00bb<br \/>\nFermeture par un crochet &#038; poign\u00e9e en m\u00e9tal.<br \/>\nMarquage fabricant pr\u00e9sent.<br \/>\nDat\u00e9e 1940<br \/>\nDimension : L37cm x l19,5cm x h15cm<br \/>\n(En l&rsquo;\u00e9tat, usures)<br \/>\n&#8211;<br \/>\nBox for 2 shells of 15 cm \u00ab\u00a0s.J.G 33&Prime;<br \/>\nClosing with a hook and metal handle.<br \/>\nManufacturer&rsquo;s marking present.<br \/>\nDated 1940<br \/>\nDimensions: L14,6&Prime; x w7,7&Prime; x h5,9\u00a0\u00bb<br \/>\n(As is, wear)<\/p>","protected":false},"excerpt":{"rendered":"<p>Caisse pour 2 douilles de 15 cm \u00ab\u00a0s.J.G 33\u00a0\u00bb Fermeture par un crochet &#038; poign\u00e9e en m\u00e9tal. Marquage fabricant pr\u00e9sent. Dat\u00e9e 1940 Dimension : L37cm x l19,5cm x h15cm (En l&rsquo;\u00e9tat, usures) &#8211; Box for 2 shells of 15 cm \u00ab\u00a0s.J.G 33&Prime; Closing with a hook and metal handle. Manufacturer&rsquo;s marking present. Dated 1940 Dimensions:<a class=\"more-link\" href=\"https:\/\/military-classic-auction.com\/en\/product\/caisse-pour-2-douilles-de-15-cm-s-j-g-33-2\/\">Read more  &#10230;<\/a><\/p>","protected":false},"featured_media":12589,"template":"","meta":[],"product_brand":[],"product_cat":[27],"product_tag":[],"class_list":{"0":"post-12986","1":"product","2":"type-product","3":"status-publish","4":"has-post-thumbnail","6":"product_cat-larmee-des-caisses","8":"first","9":"instock","10":"sold-individually","11":"purchasable","12":"product-type-auction"},"aioseo_notices":[],"_links":{"self":[{"href":"https:\/\/military-classic-auction.com\/en\/wp-json\/wp\/v2\/product\/12986","targetHints":{"allow":["GET"]}}],"collection":[{"href":"https:\/\/military-classic-auction.com\/en\/wp-json\/wp\/v2\/product"}],"about":[{"href":"https:\/\/military-classic-auction.com\/en\/wp-json\/wp\/v2\/types\/product"}],"wp:featuredmedia":[{"embeddable":true,"href":"https:\/\/military-classic-auction.com\/en\/wp-json\/wp\/v2\/media\/12589"}],"wp:attachment":[{"href":"https:\/\/military-classic-auction.com\/en\/wp-json\/wp\/v2\/media?parent=12986"}],"wp:term":[{"taxonomy":"product_brand","embeddable":true,"href":"https:\/\/military-classic-auction.com\/en\/wp-json\/wp\/v2\/product_brand?post=12986"},{"taxonomy":"product_cat","embeddable":true,"href":"https:\/\/military-classic-auction.com\/en\/wp-json\/wp\/v2\/product_cat?post=12986"},{"taxonomy":"product_tag","embeddable":true,"href":"https:\/\/military-classic-auction.com\/en\/wp-json\/wp\/v2\/product_tag?post=12986"}],"curies":[{"name":"wp","href":"https:\/\/api.w.org\/{rel}","templated":true}]}}