{"id":12984,"date":"2024-06-21T16:23:26","date_gmt":"2024-06-21T16:23:26","guid":{"rendered":"https:\/\/military-classic-auction.com\/?post_type=product&#038;p=12984"},"modified":"2024-07-06T11:41:29","modified_gmt":"2024-07-06T11:41:29","slug":"caisse-pour-3-douilles-de-105-cm-geb-h-40-gebirgshaubitze-40","status":"publish","type":"product","link":"https:\/\/military-classic-auction.com\/en\/product\/caisse-pour-3-douilles-de-105-cm-geb-h-40-gebirgshaubitze-40\/","title":{"rendered":"Caisse pour 3 douilles de 10,5 cm Geb.H.40 (Gebirgshaubitze 40)"},"content":{"rendered":"<p>Caisse pour 3 douilles de 10,5 cm Geb.H.40 (Gebirgshaubitze 40)<br \/>\nFermeture par deux crochets &#038; une poign\u00e9e de transport en toile sur un cot\u00e9.<br \/>\nMarquage fabricant pr\u00e9sent.<br \/>\nS\u00e9parations &#038; cales pr\u00e9sentes.<br \/>\nDimension : L41cm x l15cm x h33,5cm<br \/>\n(En l&rsquo;\u00e9tat, usures, manques)<br \/>\n&#8211;<br \/>\nBox for 3 sockets of 10.5 cm Geb.H.40 (Gebirgshaubitze 40)<br \/>\nClosure with two hooks &#038; a canvas carrying handle on one side.<br \/>\nManufacturer&rsquo;s marking present.<br \/>\nSeparations &#038; wedges present.<br \/>\nDimensions: L16,1&Prime; x w5,9&Prime; x h13,2&Prime;<br \/>\n(As is, wear and tear)<\/p>","protected":false},"excerpt":{"rendered":"<p>Caisse pour 3 douilles de 10,5 cm Geb.H.40 (Gebirgshaubitze 40) Fermeture par deux crochets &#038; une poign\u00e9e de transport en toile sur un cot\u00e9. Marquage fabricant pr\u00e9sent. S\u00e9parations &#038; cales pr\u00e9sentes. Dimension : L41cm x l15cm x h33,5cm (En l&rsquo;\u00e9tat, usures, manques) &#8211; Box for 3 sockets of 10.5 cm Geb.H.40 (Gebirgshaubitze 40) Closure with<a class=\"more-link\" href=\"https:\/\/military-classic-auction.com\/en\/product\/caisse-pour-3-douilles-de-105-cm-geb-h-40-gebirgshaubitze-40\/\">Read more  &#10230;<\/a><\/p>","protected":false},"featured_media":12572,"template":"","meta":[],"product_brand":[],"product_cat":[27],"product_tag":[],"class_list":{"0":"post-12984","1":"product","2":"type-product","3":"status-publish","4":"has-post-thumbnail","6":"product_cat-larmee-des-caisses","8":"first","9":"instock","10":"sold-individually","11":"purchasable","12":"product-type-auction"},"aioseo_notices":[],"_links":{"self":[{"href":"https:\/\/military-classic-auction.com\/en\/wp-json\/wp\/v2\/product\/12984","targetHints":{"allow":["GET"]}}],"collection":[{"href":"https:\/\/military-classic-auction.com\/en\/wp-json\/wp\/v2\/product"}],"about":[{"href":"https:\/\/military-classic-auction.com\/en\/wp-json\/wp\/v2\/types\/product"}],"wp:featuredmedia":[{"embeddable":true,"href":"https:\/\/military-classic-auction.com\/en\/wp-json\/wp\/v2\/media\/12572"}],"wp:attachment":[{"href":"https:\/\/military-classic-auction.com\/en\/wp-json\/wp\/v2\/media?parent=12984"}],"wp:term":[{"taxonomy":"product_brand","embeddable":true,"href":"https:\/\/military-classic-auction.com\/en\/wp-json\/wp\/v2\/product_brand?post=12984"},{"taxonomy":"product_cat","embeddable":true,"href":"https:\/\/military-classic-auction.com\/en\/wp-json\/wp\/v2\/product_cat?post=12984"},{"taxonomy":"product_tag","embeddable":true,"href":"https:\/\/military-classic-auction.com\/en\/wp-json\/wp\/v2\/product_tag?post=12984"}],"curies":[{"name":"wp","href":"https:\/\/api.w.org\/{rel}","templated":true}]}}