{"id":12983,"date":"2024-06-21T16:23:25","date_gmt":"2024-06-21T16:23:25","guid":{"rendered":"https:\/\/military-classic-auction.com\/?post_type=product&#038;p=12983"},"modified":"2024-07-06T10:53:13","modified_gmt":"2024-07-06T10:53:13","slug":"caisse-en-bois-pour-40-amorces-c-98-c-08-2","status":"publish","type":"product","link":"https:\/\/military-classic-auction.com\/en\/product\/caisse-en-bois-pour-40-amorces-c-98-c-08-2\/","title":{"rendered":"Caisse en bois pour 40 amorces \u00ab\u00a0C\/98\u00a0\u00bb &#038; \u00ab\u00a0C\/08\u00a0\u00bb"},"content":{"rendered":"<p>Caisse en bois pour 40 amorces \u00ab\u00a0C\/98\u00a0\u00bb &#038; \u00ab\u00a0C\/08\u00a0\u00bb<br \/>\nFermeture par deux clapets, pas de poign\u00e9e de transport.<br \/>\nPas de marquage fabricant visible.<br \/>\n\u00c9tiquettes pr\u00e9sentes.<br \/>\nZdlg : \u00ab\u00a0Z\u00fcndladungen\u00a0\u00bb<br \/>\nZinc int\u00e9rieur manquant.<br \/>\nDimension : L34cm x l20cm x h13cm<br \/>\n(En l&rsquo;\u00e9tat, usures)<br \/>\n&#8211;<br \/>\nWooden case for 40 \u00ab\u00a0C\/98\u00a0\u00bb &#038; \u00ab\u00a0C\/08\u00a0\u00bb primers<br \/>\nClosing with two flaps, no carrying handle.<br \/>\nNo visible manufacturer marking.<br \/>\nLabels present.<br \/>\nZdlg: \u00ab\u00a0Z\u00fcndladungen\u00a0\u00bb<br \/>\nInterior zinc missing.<br \/>\nDimensions: L13,4&Prime; x w7,8&Prime; x h5,1&Prime;<br \/>\n(As is, wear)<\/p>","protected":false},"excerpt":{"rendered":"<p>Caisse en bois pour 40 amorces \u00ab\u00a0C\/98\u00a0\u00bb &#038; \u00ab\u00a0C\/08\u00a0\u00bb Fermeture par deux clapets, pas de poign\u00e9e de transport. Pas de marquage fabricant visible. \u00c9tiquettes pr\u00e9sentes. Zdlg : \u00ab\u00a0Z\u00fcndladungen\u00a0\u00bb Zinc int\u00e9rieur manquant. Dimension : L34cm x l20cm x h13cm (En l&rsquo;\u00e9tat, usures) &#8211; Wooden case for 40 \u00ab\u00a0C\/98\u00a0\u00bb &#038; \u00ab\u00a0C\/08\u00a0\u00bb primers Closing with two flaps, no<a class=\"more-link\" href=\"https:\/\/military-classic-auction.com\/en\/product\/caisse-en-bois-pour-40-amorces-c-98-c-08-2\/\">Read more  &#10230;<\/a><\/p>","protected":false},"featured_media":12563,"template":"","meta":[],"product_brand":[],"product_cat":[27],"product_tag":[],"class_list":{"0":"post-12983","1":"product","2":"type-product","3":"status-publish","4":"has-post-thumbnail","6":"product_cat-larmee-des-caisses","8":"first","9":"instock","10":"sold-individually","11":"purchasable","12":"product-type-auction"},"aioseo_notices":[],"_links":{"self":[{"href":"https:\/\/military-classic-auction.com\/en\/wp-json\/wp\/v2\/product\/12983","targetHints":{"allow":["GET"]}}],"collection":[{"href":"https:\/\/military-classic-auction.com\/en\/wp-json\/wp\/v2\/product"}],"about":[{"href":"https:\/\/military-classic-auction.com\/en\/wp-json\/wp\/v2\/types\/product"}],"wp:featuredmedia":[{"embeddable":true,"href":"https:\/\/military-classic-auction.com\/en\/wp-json\/wp\/v2\/media\/12563"}],"wp:attachment":[{"href":"https:\/\/military-classic-auction.com\/en\/wp-json\/wp\/v2\/media?parent=12983"}],"wp:term":[{"taxonomy":"product_brand","embeddable":true,"href":"https:\/\/military-classic-auction.com\/en\/wp-json\/wp\/v2\/product_brand?post=12983"},{"taxonomy":"product_cat","embeddable":true,"href":"https:\/\/military-classic-auction.com\/en\/wp-json\/wp\/v2\/product_cat?post=12983"},{"taxonomy":"product_tag","embeddable":true,"href":"https:\/\/military-classic-auction.com\/en\/wp-json\/wp\/v2\/product_tag?post=12983"}],"curies":[{"name":"wp","href":"https:\/\/api.w.org\/{rel}","templated":true}]}}