{"id":12979,"date":"2024-06-21T16:23:20","date_gmt":"2024-06-21T16:23:20","guid":{"rendered":"https:\/\/military-classic-auction.com\/?post_type=product&#038;p=12979"},"modified":"2024-07-06T08:58:24","modified_gmt":"2024-07-06T08:58:24","slug":"caisse-en-bois-pour-12-pots-fumigenes-mle-39-nb-k-et-nb-k-s","status":"publish","type":"product","link":"https:\/\/military-classic-auction.com\/en\/product\/caisse-en-bois-pour-12-pots-fumigenes-mle-39-nb-k-et-nb-k-s\/","title":{"rendered":"Caisse en bois pour 12 pots fumig\u00e8nes Mle.39 Nb.K et Nb.K.S"},"content":{"rendered":"<p>Caisse en bois pour 12 pots fumig\u00e8nes Mle.39 Nb.K et Nb.K.S<br \/>\nCe type de pots fumig\u00e8nes a pu \u00eatre utilis\u00e9 par les pionniers avec mise \u00e0 feu pyrotechnique ou \u00e0 bord d&rsquo;engins blind\u00e9s (Panther, Tigre&#8230;).<br \/>\nFermeture par deux crochets &#038; deux poign\u00e9es en m\u00e9tal.<br \/>\nFabrication : \u00ab\u00a0J.M.S.H.\u00a0\u00bb<br \/>\nDat\u00e9e 1939<br \/>\n\u00c9tiquette int\u00e9rieure pr\u00e9sente, dat\u00e9e 1940 (incompl\u00e8te).<br \/>\nDimension : L40cm x l27cm x h21,5cm<br \/>\n(En l&rsquo;\u00e9tat, usures)<br \/>\n&#8211;<br \/>\nWooden case for 12 smoke pots Mle.39 Nb.K and Nb.K.S<br \/>\nThis type of smoke pot could have been used by the pioneers with pyrotechnic ignition or on board armored vehicles (Panther, Tiger, etc.).<br \/>\nClosing with two hooks &#038; two metal handles.<br \/>\nManufactured: \u00ab\u00a0J.M.S.H.\u00a0\u00bb<br \/>\nDated 1939<br \/>\nInterior label present, dated 1940 (incomplete).<br \/>\nDimensions: L15,7&Prime; x w10,6&Prime; x h8,5&Prime;<br \/>\n(As is, wear)<\/p>","protected":false},"excerpt":{"rendered":"<p>Caisse en bois pour 12 pots fumig\u00e8nes Mle.39 Nb.K et Nb.K.S Ce type de pots fumig\u00e8nes a pu \u00eatre utilis\u00e9 par les pionniers avec mise \u00e0 feu pyrotechnique ou \u00e0 bord d&rsquo;engins blind\u00e9s (Panther, Tigre&#8230;). Fermeture par deux crochets &#038; deux poign\u00e9es en m\u00e9tal. Fabrication : \u00ab\u00a0J.M.S.H.\u00a0\u00bb Dat\u00e9e 1939 \u00c9tiquette int\u00e9rieure pr\u00e9sente, dat\u00e9e 1940 (incompl\u00e8te).<a class=\"more-link\" href=\"https:\/\/military-classic-auction.com\/en\/product\/caisse-en-bois-pour-12-pots-fumigenes-mle-39-nb-k-et-nb-k-s\/\">Read more  &#10230;<\/a><\/p>","protected":false},"featured_media":12529,"template":"","meta":[],"product_brand":[],"product_cat":[27],"product_tag":[],"class_list":{"0":"post-12979","1":"product","2":"type-product","3":"status-publish","4":"has-post-thumbnail","6":"product_cat-larmee-des-caisses","8":"first","9":"instock","10":"sold-individually","11":"purchasable","12":"product-type-auction"},"aioseo_notices":[],"_links":{"self":[{"href":"https:\/\/military-classic-auction.com\/en\/wp-json\/wp\/v2\/product\/12979","targetHints":{"allow":["GET"]}}],"collection":[{"href":"https:\/\/military-classic-auction.com\/en\/wp-json\/wp\/v2\/product"}],"about":[{"href":"https:\/\/military-classic-auction.com\/en\/wp-json\/wp\/v2\/types\/product"}],"wp:featuredmedia":[{"embeddable":true,"href":"https:\/\/military-classic-auction.com\/en\/wp-json\/wp\/v2\/media\/12529"}],"wp:attachment":[{"href":"https:\/\/military-classic-auction.com\/en\/wp-json\/wp\/v2\/media?parent=12979"}],"wp:term":[{"taxonomy":"product_brand","embeddable":true,"href":"https:\/\/military-classic-auction.com\/en\/wp-json\/wp\/v2\/product_brand?post=12979"},{"taxonomy":"product_cat","embeddable":true,"href":"https:\/\/military-classic-auction.com\/en\/wp-json\/wp\/v2\/product_cat?post=12979"},{"taxonomy":"product_tag","embeddable":true,"href":"https:\/\/military-classic-auction.com\/en\/wp-json\/wp\/v2\/product_tag?post=12979"}],"curies":[{"name":"wp","href":"https:\/\/api.w.org\/{rel}","templated":true}]}}