{"id":12978,"date":"2024-06-21T16:23:19","date_gmt":"2024-06-21T16:23:19","guid":{"rendered":"https:\/\/military-classic-auction.com\/?post_type=product&#038;p=12978"},"modified":"2024-07-06T11:03:14","modified_gmt":"2024-07-06T11:03:14","slug":"caisse-en-bois-pour-4-panzerfaust-60-ou-100-2","status":"publish","type":"product","link":"https:\/\/military-classic-auction.com\/en\/product\/caisse-en-bois-pour-4-panzerfaust-60-ou-100-2\/","title":{"rendered":"Caisse en bois pour 4 Panzerfaust 60 ou 100"},"content":{"rendered":"<p>Caisse en bois pour 4 Panzerfaust 60 ou 100<br \/>\nFermeture par deux crochets &#038; deux poign\u00e9es lat\u00e9rales en cordelette.<br \/>\nMarquage fabricant pr\u00e9sent mais illisible.<br \/>\n\u00c9tiquette int\u00e9rieure incompl\u00e8te.<br \/>\nR\u00e2teliers manquants.<br \/>\nDimension : L110cm x l44cm x h17cm<br \/>\n(En l&rsquo;\u00e9tat, usures)<br \/>\n&#8211;<br \/>\nWooden box for 4 Panzerfaust 60 or 100<br \/>\nClosure with two hooks &#038; two side cord handles.<br \/>\nManufacturer&rsquo;s marking present but illegible.<br \/>\nIncomplete interior label.<br \/>\nMissing racks.<br \/>\nDimensions: L43,3&Prime; x w17,3&Prime; x h6,7&Prime;<br \/>\n(As is, wear)<\/p>","protected":false},"excerpt":{"rendered":"<p>Caisse en bois pour 4 Panzerfaust 60 ou 100 Fermeture par deux crochets &#038; deux poign\u00e9es lat\u00e9rales en cordelette. Marquage fabricant pr\u00e9sent mais illisible. \u00c9tiquette int\u00e9rieure incompl\u00e8te. R\u00e2teliers manquants. Dimension : L110cm x l44cm x h17cm (En l&rsquo;\u00e9tat, usures) &#8211; Wooden box for 4 Panzerfaust 60 or 100 Closure with two hooks &#038; two side<a class=\"more-link\" href=\"https:\/\/military-classic-auction.com\/en\/product\/caisse-en-bois-pour-4-panzerfaust-60-ou-100-2\/\">Read more  &#10230;<\/a><\/p>","protected":false},"featured_media":12520,"template":"","meta":[],"product_brand":[],"product_cat":[27],"product_tag":[],"class_list":{"0":"post-12978","1":"product","2":"type-product","3":"status-publish","4":"has-post-thumbnail","6":"product_cat-larmee-des-caisses","8":"first","9":"instock","10":"sold-individually","11":"purchasable","12":"product-type-auction"},"aioseo_notices":[],"_links":{"self":[{"href":"https:\/\/military-classic-auction.com\/en\/wp-json\/wp\/v2\/product\/12978","targetHints":{"allow":["GET"]}}],"collection":[{"href":"https:\/\/military-classic-auction.com\/en\/wp-json\/wp\/v2\/product"}],"about":[{"href":"https:\/\/military-classic-auction.com\/en\/wp-json\/wp\/v2\/types\/product"}],"wp:featuredmedia":[{"embeddable":true,"href":"https:\/\/military-classic-auction.com\/en\/wp-json\/wp\/v2\/media\/12520"}],"wp:attachment":[{"href":"https:\/\/military-classic-auction.com\/en\/wp-json\/wp\/v2\/media?parent=12978"}],"wp:term":[{"taxonomy":"product_brand","embeddable":true,"href":"https:\/\/military-classic-auction.com\/en\/wp-json\/wp\/v2\/product_brand?post=12978"},{"taxonomy":"product_cat","embeddable":true,"href":"https:\/\/military-classic-auction.com\/en\/wp-json\/wp\/v2\/product_cat?post=12978"},{"taxonomy":"product_tag","embeddable":true,"href":"https:\/\/military-classic-auction.com\/en\/wp-json\/wp\/v2\/product_tag?post=12978"}],"curies":[{"name":"wp","href":"https:\/\/api.w.org\/{rel}","templated":true}]}}