{"id":12977,"date":"2024-06-21T16:23:18","date_gmt":"2024-06-21T16:23:18","guid":{"rendered":"https:\/\/military-classic-auction.com\/?post_type=product&#038;p=12977"},"modified":"2024-07-06T11:24:45","modified_gmt":"2024-07-06T11:24:45","slug":"caisse-en-bois-pour-4-panzerfaust-60-ou-100","status":"publish","type":"product","link":"https:\/\/military-classic-auction.com\/en\/product\/caisse-en-bois-pour-4-panzerfaust-60-ou-100\/","title":{"rendered":"Caisse en bois pour 4 Panzerfaust 60 ou 100"},"content":{"rendered":"<p>Caisse en bois pour 4 Panzerfaust 60 ou 100<br \/>\nFermeture par deux crochets &#038; deux poign\u00e9es lat\u00e9rales en cordelette.<br \/>\n\u00c9tiquette int\u00e9rieure pr\u00e9sente, dat\u00e9e 1944.<br \/>\nR\u00e2teliers pr\u00e9sents.<br \/>\nDimension : L110cm x l44cm x h18cm<br \/>\n(En l&rsquo;\u00e9tat, usures)<br \/>\n&#8211;<br \/>\nWooden box for 4 Panzerfaust 60 or 100<br \/>\nClosure with two hooks &#038; two side cord handles.<br \/>\nInterior label present, dated 1944.<br \/>\nRacks present.<br \/>\nDimensions: L43,3&Prime; x w17,3&Prime; x h7&Prime;<br \/>\n(As is, wear)<\/p>","protected":false},"excerpt":{"rendered":"<p>Caisse en bois pour 4 Panzerfaust 60 ou 100 Fermeture par deux crochets &#038; deux poign\u00e9es lat\u00e9rales en cordelette. \u00c9tiquette int\u00e9rieure pr\u00e9sente, dat\u00e9e 1944. R\u00e2teliers pr\u00e9sents. Dimension : L110cm x l44cm x h18cm (En l&rsquo;\u00e9tat, usures) &#8211; Wooden box for 4 Panzerfaust 60 or 100 Closure with two hooks &#038; two side cord handles. Interior<a class=\"more-link\" href=\"https:\/\/military-classic-auction.com\/en\/product\/caisse-en-bois-pour-4-panzerfaust-60-ou-100\/\">Read more  &#10230;<\/a><\/p>","protected":false},"featured_media":12512,"template":"","meta":[],"product_brand":[],"product_cat":[27],"product_tag":[],"class_list":{"0":"post-12977","1":"product","2":"type-product","3":"status-publish","4":"has-post-thumbnail","6":"product_cat-larmee-des-caisses","8":"first","9":"instock","10":"sold-individually","11":"purchasable","12":"product-type-auction"},"aioseo_notices":[],"_links":{"self":[{"href":"https:\/\/military-classic-auction.com\/en\/wp-json\/wp\/v2\/product\/12977","targetHints":{"allow":["GET"]}}],"collection":[{"href":"https:\/\/military-classic-auction.com\/en\/wp-json\/wp\/v2\/product"}],"about":[{"href":"https:\/\/military-classic-auction.com\/en\/wp-json\/wp\/v2\/types\/product"}],"wp:featuredmedia":[{"embeddable":true,"href":"https:\/\/military-classic-auction.com\/en\/wp-json\/wp\/v2\/media\/12512"}],"wp:attachment":[{"href":"https:\/\/military-classic-auction.com\/en\/wp-json\/wp\/v2\/media?parent=12977"}],"wp:term":[{"taxonomy":"product_brand","embeddable":true,"href":"https:\/\/military-classic-auction.com\/en\/wp-json\/wp\/v2\/product_brand?post=12977"},{"taxonomy":"product_cat","embeddable":true,"href":"https:\/\/military-classic-auction.com\/en\/wp-json\/wp\/v2\/product_cat?post=12977"},{"taxonomy":"product_tag","embeddable":true,"href":"https:\/\/military-classic-auction.com\/en\/wp-json\/wp\/v2\/product_tag?post=12977"}],"curies":[{"name":"wp","href":"https:\/\/api.w.org\/{rel}","templated":true}]}}