{"id":12976,"date":"2024-06-21T16:23:17","date_gmt":"2024-06-21T16:23:17","guid":{"rendered":"https:\/\/military-classic-auction.com\/?post_type=product&#038;p=12976"},"modified":"2024-07-06T11:53:04","modified_gmt":"2024-07-06T11:53:04","slug":"caisse-en-bois-pour-6-douilles-de-10cm-l-f-h","status":"publish","type":"product","link":"https:\/\/military-classic-auction.com\/en\/product\/caisse-en-bois-pour-6-douilles-de-10cm-l-f-h\/","title":{"rendered":"Caisse en bois pour 6 douilles de 10cm l.F.H."},"content":{"rendered":"<p>Caisse en bois pour 6 douilles de 10cm l.F.H.<br \/>\n\u00ab\u00a0Kart.l.F.H.\u00a0\u00bb = Kartuschen leichte FeldHaubitze<br \/>\nFermeture par deux crochets oppos\u00e9s &#038; une poign\u00e9e de transport en toile.<br \/>\nFabrication : E.D.E.<br \/>\nDat\u00e9e 1940<br \/>\nR\u00e2teliers pr\u00e9sents.<br \/>\nDimension : L44,5cm x l16cm x h35cm<br \/>\n(En l&rsquo;\u00e9tat, usures, manques)<br \/>\n&#8211;<br \/>\nWooden case for 6 sockets of 10cm W.F.H.<br \/>\n\u00ab\u00a0Kart.l.F.H.\u00a0\u00bb = Kartuschen light FeldHaubitze<br \/>\nClosing with two opposing hooks &#038; a canvas carrying handle.<br \/>\nManufacturing: E.D.E.<br \/>\nDated 1940<br \/>\nRacks present.<br \/>\nDimensions: L17,5&Prime; x w6,3&Prime; x h13,7&Prime;<br \/>\n(As is, wear and tear)<\/p>","protected":false},"excerpt":{"rendered":"<p>Caisse en bois pour 6 douilles de 10cm l.F.H. \u00ab\u00a0Kart.l.F.H.\u00a0\u00bb = Kartuschen leichte FeldHaubitze Fermeture par deux crochets oppos\u00e9s &#038; une poign\u00e9e de transport en toile. Fabrication : E.D.E. Dat\u00e9e 1940 R\u00e2teliers pr\u00e9sents. Dimension : L44,5cm x l16cm x h35cm (En l&rsquo;\u00e9tat, usures, manques) &#8211; Wooden case for 6 sockets of 10cm W.F.H. \u00ab\u00a0Kart.l.F.H.\u00a0\u00bb =<a class=\"more-link\" href=\"https:\/\/military-classic-auction.com\/en\/product\/caisse-en-bois-pour-6-douilles-de-10cm-l-f-h\/\">Read more  &#10230;<\/a><\/p>","protected":false},"featured_media":12501,"template":"","meta":[],"product_brand":[],"product_cat":[27],"product_tag":[],"class_list":{"0":"post-12976","1":"product","2":"type-product","3":"status-publish","4":"has-post-thumbnail","6":"product_cat-larmee-des-caisses","8":"first","9":"instock","10":"sold-individually","11":"purchasable","12":"product-type-auction"},"aioseo_notices":[],"_links":{"self":[{"href":"https:\/\/military-classic-auction.com\/en\/wp-json\/wp\/v2\/product\/12976","targetHints":{"allow":["GET"]}}],"collection":[{"href":"https:\/\/military-classic-auction.com\/en\/wp-json\/wp\/v2\/product"}],"about":[{"href":"https:\/\/military-classic-auction.com\/en\/wp-json\/wp\/v2\/types\/product"}],"wp:featuredmedia":[{"embeddable":true,"href":"https:\/\/military-classic-auction.com\/en\/wp-json\/wp\/v2\/media\/12501"}],"wp:attachment":[{"href":"https:\/\/military-classic-auction.com\/en\/wp-json\/wp\/v2\/media?parent=12976"}],"wp:term":[{"taxonomy":"product_brand","embeddable":true,"href":"https:\/\/military-classic-auction.com\/en\/wp-json\/wp\/v2\/product_brand?post=12976"},{"taxonomy":"product_cat","embeddable":true,"href":"https:\/\/military-classic-auction.com\/en\/wp-json\/wp\/v2\/product_cat?post=12976"},{"taxonomy":"product_tag","embeddable":true,"href":"https:\/\/military-classic-auction.com\/en\/wp-json\/wp\/v2\/product_tag?post=12976"}],"curies":[{"name":"wp","href":"https:\/\/api.w.org\/{rel}","templated":true}]}}