{"id":12972,"date":"2024-06-21T16:23:14","date_gmt":"2024-06-21T16:23:14","guid":{"rendered":"https:\/\/military-classic-auction.com\/?post_type=product&#038;p=12972"},"modified":"2024-06-21T16:23:15","modified_gmt":"2024-06-21T16:23:15","slug":"caisse-daccessoires-de-cavalerie-2-schraubstollen","status":"publish","type":"product","link":"https:\/\/military-classic-auction.com\/en\/product\/caisse-daccessoires-de-cavalerie-2-schraubstollen\/","title":{"rendered":"Caisse d&rsquo;accessoires de cavalerie &#8211; \u00ab\u00a02 Schraubstollen\u00a0\u00bb"},"content":{"rendered":"<p>Caisse d&rsquo;accessoires de cavalerie &#8211; \u00ab\u00a02 Schraubstollen\u00a0\u00bb<br \/>\nFermeture par clapet &#038; deux poign\u00e9es de transport en m\u00e9tal.<br \/>\nDimension : L51cm x l19cm x h29,5cm<br \/>\n(En l&rsquo;\u00e9tat, usures, manques)<br \/>\n&#8211;<br \/>\nCavalry accessories box &#8211; \u00ab\u00a02 Schraubstollen\u00a0\u00bb<br \/>\nClosure by flap &#038; two metal carrying handles.<br \/>\nDimensions: L20&Prime; x w7,5&Prime; x h11,6&Prime;<br \/>\n(As is, wear and tear)<\/p>","protected":false},"excerpt":{"rendered":"<p>Caisse d&rsquo;accessoires de cavalerie &#8211; \u00ab\u00a02 Schraubstollen\u00a0\u00bb Fermeture par clapet &#038; deux poign\u00e9es de transport en m\u00e9tal. Dimension : L51cm x l19cm x h29,5cm (En l&rsquo;\u00e9tat, usures, manques) &#8211; Cavalry accessories box &#8211; \u00ab\u00a02 Schraubstollen\u00a0\u00bb Closure by flap &#038; two metal carrying handles. Dimensions: L20&Prime; x w7,5&Prime; x h11,6&Prime; (As is, wear and tear)<\/p>","protected":false},"featured_media":12468,"template":"","meta":[],"product_brand":[],"product_cat":[27],"product_tag":[],"class_list":{"0":"post-12972","1":"product","2":"type-product","3":"status-publish","4":"has-post-thumbnail","6":"product_cat-larmee-des-caisses","8":"first","9":"instock","10":"sold-individually","11":"purchasable","12":"product-type-auction"},"aioseo_notices":[],"_links":{"self":[{"href":"https:\/\/military-classic-auction.com\/en\/wp-json\/wp\/v2\/product\/12972","targetHints":{"allow":["GET"]}}],"collection":[{"href":"https:\/\/military-classic-auction.com\/en\/wp-json\/wp\/v2\/product"}],"about":[{"href":"https:\/\/military-classic-auction.com\/en\/wp-json\/wp\/v2\/types\/product"}],"wp:featuredmedia":[{"embeddable":true,"href":"https:\/\/military-classic-auction.com\/en\/wp-json\/wp\/v2\/media\/12468"}],"wp:attachment":[{"href":"https:\/\/military-classic-auction.com\/en\/wp-json\/wp\/v2\/media?parent=12972"}],"wp:term":[{"taxonomy":"product_brand","embeddable":true,"href":"https:\/\/military-classic-auction.com\/en\/wp-json\/wp\/v2\/product_brand?post=12972"},{"taxonomy":"product_cat","embeddable":true,"href":"https:\/\/military-classic-auction.com\/en\/wp-json\/wp\/v2\/product_cat?post=12972"},{"taxonomy":"product_tag","embeddable":true,"href":"https:\/\/military-classic-auction.com\/en\/wp-json\/wp\/v2\/product_tag?post=12972"}],"curies":[{"name":"wp","href":"https:\/\/api.w.org\/{rel}","templated":true}]}}