{"id":12971,"date":"2024-06-21T16:23:12","date_gmt":"2024-06-21T16:23:12","guid":{"rendered":"https:\/\/military-classic-auction.com\/?post_type=product&#038;p=12971"},"modified":"2024-07-06T10:15:06","modified_gmt":"2024-07-06T10:15:06","slug":"caisse-en-metal-pour-loptique-de-char-ou-bunkers-pz-b-w-f-8","status":"publish","type":"product","link":"https:\/\/military-classic-auction.com\/en\/product\/caisse-en-metal-pour-loptique-de-char-ou-bunkers-pz-b-w-f-8\/","title":{"rendered":"Caisse en m\u00e9tal pour l&rsquo;optique de char ou bunkers \u00ab\u00a0PZ.B.W.F.8\u00a0\u00bb"},"content":{"rendered":"<p>Caisse en m\u00e9tal pour l&rsquo;optique de char ou bunkers \u00ab\u00a0PZ.B.W.F.8\u00a0\u00bb<br \/>\nMarquage : \u00ab\u00a0PZ.B.W.F8 &#8211; 2,5 x 19\u00a0\u00bb<br \/>\nFermeture par deux crochets &#038; deux poign\u00e9es en m\u00e9tal.<br \/>\nTampon waffenamt pr\u00e9sent \u00e0 l&rsquo;int\u00e9rieur.<br \/>\nInt\u00e9rieur incomplet.<br \/>\nDimension : L57cm x l30cm x h26cm<br \/>\n(En l&rsquo;\u00e9tat, usures, oxydation)<br \/>\n&#8211;<br \/>\nMetal case for tank optics or bunkers \u00ab\u00a0PZ.B.W.F.8\u00a0\u00bb<br \/>\nMarking: \u00ab\u00a0PZ.B.W.F8 &#8211; 2.5 x 19&Prime;<br \/>\nClosing with two hooks &#038; two metal handles.<br \/>\nWaffenamt stamp present inside.<br \/>\nIncomplete interior.<br \/>\nDimensions: L22,4&Prime; x w11,8&Prime; x h10,2\u00a0\u00bb<br \/>\n(As is, wear, oxidation)<\/p>","protected":false},"excerpt":{"rendered":"<p>Caisse en m\u00e9tal pour l&rsquo;optique de char ou bunkers \u00ab\u00a0PZ.B.W.F.8\u00a0\u00bb Marquage : \u00ab\u00a0PZ.B.W.F8 &#8211; 2,5 x 19\u00a0\u00bb Fermeture par deux crochets &#038; deux poign\u00e9es en m\u00e9tal. Tampon waffenamt pr\u00e9sent \u00e0 l&rsquo;int\u00e9rieur. Int\u00e9rieur incomplet. Dimension : L57cm x l30cm x h26cm (En l&rsquo;\u00e9tat, usures, oxydation) &#8211; Metal case for tank optics or bunkers \u00ab\u00a0PZ.B.W.F.8\u00a0\u00bb Marking: \u00ab\u00a0PZ.B.W.F8<a class=\"more-link\" href=\"https:\/\/military-classic-auction.com\/en\/product\/caisse-en-metal-pour-loptique-de-char-ou-bunkers-pz-b-w-f-8\/\">Read more  &#10230;<\/a><\/p>","protected":false},"featured_media":12461,"template":"","meta":[],"product_brand":[],"product_cat":[27],"product_tag":[],"class_list":{"0":"post-12971","1":"product","2":"type-product","3":"status-publish","4":"has-post-thumbnail","6":"product_cat-larmee-des-caisses","8":"first","9":"instock","10":"sold-individually","11":"purchasable","12":"product-type-auction"},"aioseo_notices":[],"_links":{"self":[{"href":"https:\/\/military-classic-auction.com\/en\/wp-json\/wp\/v2\/product\/12971","targetHints":{"allow":["GET"]}}],"collection":[{"href":"https:\/\/military-classic-auction.com\/en\/wp-json\/wp\/v2\/product"}],"about":[{"href":"https:\/\/military-classic-auction.com\/en\/wp-json\/wp\/v2\/types\/product"}],"wp:featuredmedia":[{"embeddable":true,"href":"https:\/\/military-classic-auction.com\/en\/wp-json\/wp\/v2\/media\/12461"}],"wp:attachment":[{"href":"https:\/\/military-classic-auction.com\/en\/wp-json\/wp\/v2\/media?parent=12971"}],"wp:term":[{"taxonomy":"product_brand","embeddable":true,"href":"https:\/\/military-classic-auction.com\/en\/wp-json\/wp\/v2\/product_brand?post=12971"},{"taxonomy":"product_cat","embeddable":true,"href":"https:\/\/military-classic-auction.com\/en\/wp-json\/wp\/v2\/product_cat?post=12971"},{"taxonomy":"product_tag","embeddable":true,"href":"https:\/\/military-classic-auction.com\/en\/wp-json\/wp\/v2\/product_tag?post=12971"}],"curies":[{"name":"wp","href":"https:\/\/api.w.org\/{rel}","templated":true}]}}