{"id":12969,"date":"2024-06-21T16:23:10","date_gmt":"2024-06-21T16:23:10","guid":{"rendered":"https:\/\/military-classic-auction.com\/?post_type=product&#038;p=12969"},"modified":"2024-07-05T23:44:12","modified_gmt":"2024-07-05T23:44:12","slug":"caisse-daccessoires-radio-transportkasten-fu-6","status":"publish","type":"product","link":"https:\/\/military-classic-auction.com\/en\/product\/caisse-daccessoires-radio-transportkasten-fu-6\/","title":{"rendered":"Caisse d&rsquo;accessoires radio \u00ab\u00a0Transportkasten Fu 6\u00a0\u00bb"},"content":{"rendered":"<p>Caisse d&rsquo;accessoires radio \u00ab\u00a0Transportkasten Fu 6\u00a0\u00bb<br \/>\nCelle-ci contenait g\u00e9n\u00e9ralement du mat\u00e9riel d&rsquo;antenne, certaines sources affirment que la bo\u00eete pourrait \u00e9galement \u00eatre utilis\u00e9e pour stocker une machine \u00e0 coder Enigma.<br \/>\nFabrication : \u00ab\u00a0Z\u00a0\u00bb<br \/>\nDat\u00e9e 1943<br \/>\nTampon waffenamt pr\u00e9sent.<br \/>\nDimension : L41cm x l18cm x h47cm<br \/>\n(En l&rsquo;\u00e9tat, usures, oxydation, r\u00e9paration d&rsquo;une fermeture)<br \/>\n&#8211;<br \/>\nRadio accessory box \u00ab\u00a0Transportkasten Fu 6\u00a0\u00bb<br \/>\nThis usually contained antenna equipment, some sources claim that the box could also be used to store an Enigma coding machine.<br \/>\nManufacturing: \u00ab\u00a0Z\u00a0\u00bb<br \/>\nDated 1943<br \/>\nWaffenamt stamp present.<br \/>\nDimensions: L16,1&Prime; x w7&Prime; x h18,5&Prime;<br \/>\n(As is, wear, oxidation, repair of a closure)<\/p>","protected":false},"excerpt":{"rendered":"<p>Caisse d&rsquo;accessoires radio \u00ab\u00a0Transportkasten Fu 6\u00a0\u00bb Celle-ci contenait g\u00e9n\u00e9ralement du mat\u00e9riel d&rsquo;antenne, certaines sources affirment que la bo\u00eete pourrait \u00e9galement \u00eatre utilis\u00e9e pour stocker une machine \u00e0 coder Enigma. Fabrication : \u00ab\u00a0Z\u00a0\u00bb Dat\u00e9e 1943 Tampon waffenamt pr\u00e9sent. Dimension : L41cm x l18cm x h47cm (En l&rsquo;\u00e9tat, usures, oxydation, r\u00e9paration d&rsquo;une fermeture) &#8211; Radio accessory box<a class=\"more-link\" href=\"https:\/\/military-classic-auction.com\/en\/product\/caisse-daccessoires-radio-transportkasten-fu-6\/\">Read more  &#10230;<\/a><\/p>","protected":false},"featured_media":12447,"template":"","meta":[],"product_brand":[],"product_cat":[27],"product_tag":[],"class_list":{"0":"post-12969","1":"product","2":"type-product","3":"status-publish","4":"has-post-thumbnail","6":"product_cat-larmee-des-caisses","8":"first","9":"instock","10":"sold-individually","11":"purchasable","12":"product-type-auction"},"aioseo_notices":[],"_links":{"self":[{"href":"https:\/\/military-classic-auction.com\/en\/wp-json\/wp\/v2\/product\/12969","targetHints":{"allow":["GET"]}}],"collection":[{"href":"https:\/\/military-classic-auction.com\/en\/wp-json\/wp\/v2\/product"}],"about":[{"href":"https:\/\/military-classic-auction.com\/en\/wp-json\/wp\/v2\/types\/product"}],"wp:featuredmedia":[{"embeddable":true,"href":"https:\/\/military-classic-auction.com\/en\/wp-json\/wp\/v2\/media\/12447"}],"wp:attachment":[{"href":"https:\/\/military-classic-auction.com\/en\/wp-json\/wp\/v2\/media?parent=12969"}],"wp:term":[{"taxonomy":"product_brand","embeddable":true,"href":"https:\/\/military-classic-auction.com\/en\/wp-json\/wp\/v2\/product_brand?post=12969"},{"taxonomy":"product_cat","embeddable":true,"href":"https:\/\/military-classic-auction.com\/en\/wp-json\/wp\/v2\/product_cat?post=12969"},{"taxonomy":"product_tag","embeddable":true,"href":"https:\/\/military-classic-auction.com\/en\/wp-json\/wp\/v2\/product_tag?post=12969"}],"curies":[{"name":"wp","href":"https:\/\/api.w.org\/{rel}","templated":true}]}}