{"id":12968,"date":"2024-06-21T16:23:09","date_gmt":"2024-06-21T16:23:09","guid":{"rendered":"https:\/\/military-classic-auction.com\/?post_type=product&#038;p=12968"},"modified":"2024-07-06T08:30:37","modified_gmt":"2024-07-06T08:30:37","slug":"lanterne-reglementaire-luftwaffe","status":"publish","type":"product","link":"https:\/\/military-classic-auction.com\/en\/product\/lanterne-reglementaire-luftwaffe\/","title":{"rendered":"Lanterne r\u00e9glementaire &#8211; Luftwaffe"},"content":{"rendered":"<p>Lanterne r\u00e9glementaire &#8211; Luftwaffe<br \/>\nMarquage fabricant pr\u00e9sent.<br \/>\nDat\u00e9e 1943<br \/>\nCrochet de fixation pr\u00e9sent.<br \/>\nUn verre opaque manquant.<br \/>\nDimension : L13cm x l13cm x h27cm (environ)<br \/>\n(En l&rsquo;\u00e9tat, usures)<br \/>\n&#8211;<br \/>\nRegulatory lantern &#8211; Luftwaffe<br \/>\nManufacturer&rsquo;s marking present.<br \/>\nDated 1943<br \/>\nFixing hook present.<br \/>\nA missing opaque glass.<br \/>\nDimensions: L5,1&Prime; x w5,1&Prime; x h10,6&Prime; (approximately)<br \/>\n(As is, wear)<\/p>","protected":false},"excerpt":{"rendered":"<p>Lanterne r\u00e9glementaire &#8211; Luftwaffe Marquage fabricant pr\u00e9sent. Dat\u00e9e 1943 Crochet de fixation pr\u00e9sent. Un verre opaque manquant. Dimension : L13cm x l13cm x h27cm (environ) (En l&rsquo;\u00e9tat, usures) &#8211; Regulatory lantern &#8211; Luftwaffe Manufacturer&rsquo;s marking present. Dated 1943 Fixing hook present. A missing opaque glass. Dimensions: L5,1&Prime; x w5,1&Prime; x h10,6&Prime; (approximately) (As is, wear)<\/p>","protected":false},"featured_media":12438,"template":"","meta":[],"product_brand":[],"product_cat":[27],"product_tag":[],"class_list":{"0":"post-12968","1":"product","2":"type-product","3":"status-publish","4":"has-post-thumbnail","6":"product_cat-larmee-des-caisses","8":"first","9":"instock","10":"sold-individually","11":"purchasable","12":"product-type-auction"},"aioseo_notices":[],"_links":{"self":[{"href":"https:\/\/military-classic-auction.com\/en\/wp-json\/wp\/v2\/product\/12968","targetHints":{"allow":["GET"]}}],"collection":[{"href":"https:\/\/military-classic-auction.com\/en\/wp-json\/wp\/v2\/product"}],"about":[{"href":"https:\/\/military-classic-auction.com\/en\/wp-json\/wp\/v2\/types\/product"}],"wp:featuredmedia":[{"embeddable":true,"href":"https:\/\/military-classic-auction.com\/en\/wp-json\/wp\/v2\/media\/12438"}],"wp:attachment":[{"href":"https:\/\/military-classic-auction.com\/en\/wp-json\/wp\/v2\/media?parent=12968"}],"wp:term":[{"taxonomy":"product_brand","embeddable":true,"href":"https:\/\/military-classic-auction.com\/en\/wp-json\/wp\/v2\/product_brand?post=12968"},{"taxonomy":"product_cat","embeddable":true,"href":"https:\/\/military-classic-auction.com\/en\/wp-json\/wp\/v2\/product_cat?post=12968"},{"taxonomy":"product_tag","embeddable":true,"href":"https:\/\/military-classic-auction.com\/en\/wp-json\/wp\/v2\/product_tag?post=12968"}],"curies":[{"name":"wp","href":"https:\/\/api.w.org\/{rel}","templated":true}]}}