{"id":12967,"date":"2024-06-21T16:23:09","date_gmt":"2024-06-21T16:23:09","guid":{"rendered":"https:\/\/military-classic-auction.com\/?post_type=product&#038;p=12967"},"modified":"2024-07-05T17:36:53","modified_gmt":"2024-07-05T17:36:53","slug":"boite-daccessoires-pour-lampe-2","status":"publish","type":"product","link":"https:\/\/military-classic-auction.com\/en\/product\/boite-daccessoires-pour-lampe-2\/","title":{"rendered":"Boite d&rsquo;accessoires pour lampe"},"content":{"rendered":"<p>Boite d&rsquo;accessoires pour lampe<br \/>\nPoign\u00e9e de transport en m\u00e9tal.<br \/>\nCouleur jaune sable.<br \/>\nIncompl\u00e8te.<br \/>\nDimension : L28cm x l10,5cm x h22cm<br \/>\n(En l&rsquo;\u00e9tat, usures, manques)<br \/>\n&#8211;<br \/>\nLamp accessory box<br \/>\nMetal carrying handle.<br \/>\nSand yellow color.<br \/>\nIncomplete.<br \/>\nDimensions: L11&Prime; x w4,1&Prime; x h8,6&Prime;<br \/>\n(As is, wear and tear)<\/p>","protected":false},"excerpt":{"rendered":"<p>Boite d&rsquo;accessoires pour lampe Poign\u00e9e de transport en m\u00e9tal. Couleur jaune sable. Incompl\u00e8te. Dimension : L28cm x l10,5cm x h22cm (En l&rsquo;\u00e9tat, usures, manques) &#8211; Lamp accessory box Metal carrying handle. Sand yellow color. Incomplete. Dimensions: L11&Prime; x w4,1&Prime; x h8,6&Prime; (As is, wear and tear)<\/p>","protected":false},"featured_media":12433,"template":"","meta":[],"product_brand":[],"product_cat":[27],"product_tag":[],"class_list":{"0":"post-12967","1":"product","2":"type-product","3":"status-publish","4":"has-post-thumbnail","6":"product_cat-larmee-des-caisses","8":"first","9":"instock","10":"sold-individually","11":"purchasable","12":"product-type-auction"},"aioseo_notices":[],"_links":{"self":[{"href":"https:\/\/military-classic-auction.com\/en\/wp-json\/wp\/v2\/product\/12967","targetHints":{"allow":["GET"]}}],"collection":[{"href":"https:\/\/military-classic-auction.com\/en\/wp-json\/wp\/v2\/product"}],"about":[{"href":"https:\/\/military-classic-auction.com\/en\/wp-json\/wp\/v2\/types\/product"}],"wp:featuredmedia":[{"embeddable":true,"href":"https:\/\/military-classic-auction.com\/en\/wp-json\/wp\/v2\/media\/12433"}],"wp:attachment":[{"href":"https:\/\/military-classic-auction.com\/en\/wp-json\/wp\/v2\/media?parent=12967"}],"wp:term":[{"taxonomy":"product_brand","embeddable":true,"href":"https:\/\/military-classic-auction.com\/en\/wp-json\/wp\/v2\/product_brand?post=12967"},{"taxonomy":"product_cat","embeddable":true,"href":"https:\/\/military-classic-auction.com\/en\/wp-json\/wp\/v2\/product_cat?post=12967"},{"taxonomy":"product_tag","embeddable":true,"href":"https:\/\/military-classic-auction.com\/en\/wp-json\/wp\/v2\/product_tag?post=12967"}],"curies":[{"name":"wp","href":"https:\/\/api.w.org\/{rel}","templated":true}]}}