{"id":12966,"date":"2024-06-21T16:23:08","date_gmt":"2024-06-21T16:23:08","guid":{"rendered":"https:\/\/military-classic-auction.com\/?post_type=product&#038;p=12966"},"modified":"2024-07-06T09:06:12","modified_gmt":"2024-07-06T09:06:12","slug":"caisse-daccessoires-12-nc-28","status":"publish","type":"product","link":"https:\/\/military-classic-auction.com\/en\/product\/caisse-daccessoires-12-nc-28\/","title":{"rendered":"Caisse d&rsquo;accessoires &#8211; \u00ab\u00a012 NC 28\u00a0\u00bb"},"content":{"rendered":"<p>Caisse d&rsquo;accessoires &#8211; \u00ab\u00a012 NC 28\u00a0\u00bb<br \/>\nMarquage : \u00ab\u00a0zubeh\u00f6r f\u00fcr sammler 12 NC 28\u00a0\u00bb<br \/>\nOuverture par deux t\u00e9tons &#038; poign\u00e9e de transport en m\u00e9tal.<br \/>\nPas de marquage fabricant visible.<br \/>\nDimension : L28cm x l20cm x h12cm<br \/>\n(En l&rsquo;\u00e9tat, usures)<br \/>\n&#8211;<br \/>\nAccessories box &#8211; \u00ab\u00a012 NC 28\u00a0\u00bb<br \/>\nMarking: \u00ab\u00a0zubeh\u00f6r f\u00fcr sammler 12 NC 28&Prime;<br \/>\nOpening with two nipples &#038; metal carrying handle.<br \/>\nNo visible manufacturer marking.<br \/>\nDimensions: L11&Prime; x w7,8&Prime; x h4,7\u00a0\u00bb<br \/>\n(As is, wear)<\/p>","protected":false},"excerpt":{"rendered":"<p>Caisse d&rsquo;accessoires &#8211; \u00ab\u00a012 NC 28\u00a0\u00bb Marquage : \u00ab\u00a0zubeh\u00f6r f\u00fcr sammler 12 NC 28\u00a0\u00bb Ouverture par deux t\u00e9tons &#038; poign\u00e9e de transport en m\u00e9tal. Pas de marquage fabricant visible. Dimension : L28cm x l20cm x h12cm (En l&rsquo;\u00e9tat, usures) &#8211; Accessories box &#8211; \u00ab\u00a012 NC 28\u00a0\u00bb Marking: \u00ab\u00a0zubeh\u00f6r f\u00fcr sammler 12 NC 28&Prime; Opening with<a class=\"more-link\" href=\"https:\/\/military-classic-auction.com\/en\/product\/caisse-daccessoires-12-nc-28\/\">Read more  &#10230;<\/a><\/p>","protected":false},"featured_media":12425,"template":"","meta":[],"product_brand":[],"product_cat":[27],"product_tag":[],"class_list":{"0":"post-12966","1":"product","2":"type-product","3":"status-publish","4":"has-post-thumbnail","6":"product_cat-larmee-des-caisses","8":"first","9":"instock","10":"sold-individually","11":"purchasable","12":"product-type-auction"},"aioseo_notices":[],"_links":{"self":[{"href":"https:\/\/military-classic-auction.com\/en\/wp-json\/wp\/v2\/product\/12966","targetHints":{"allow":["GET"]}}],"collection":[{"href":"https:\/\/military-classic-auction.com\/en\/wp-json\/wp\/v2\/product"}],"about":[{"href":"https:\/\/military-classic-auction.com\/en\/wp-json\/wp\/v2\/types\/product"}],"wp:featuredmedia":[{"embeddable":true,"href":"https:\/\/military-classic-auction.com\/en\/wp-json\/wp\/v2\/media\/12425"}],"wp:attachment":[{"href":"https:\/\/military-classic-auction.com\/en\/wp-json\/wp\/v2\/media?parent=12966"}],"wp:term":[{"taxonomy":"product_brand","embeddable":true,"href":"https:\/\/military-classic-auction.com\/en\/wp-json\/wp\/v2\/product_brand?post=12966"},{"taxonomy":"product_cat","embeddable":true,"href":"https:\/\/military-classic-auction.com\/en\/wp-json\/wp\/v2\/product_cat?post=12966"},{"taxonomy":"product_tag","embeddable":true,"href":"https:\/\/military-classic-auction.com\/en\/wp-json\/wp\/v2\/product_tag?post=12966"}],"curies":[{"name":"wp","href":"https:\/\/api.w.org\/{rel}","templated":true}]}}