{"id":12964,"date":"2024-06-21T16:23:06","date_gmt":"2024-06-21T16:23:06","guid":{"rendered":"https:\/\/military-classic-auction.com\/?post_type=product&#038;p=12964"},"modified":"2024-07-06T10:01:09","modified_gmt":"2024-07-06T10:01:09","slug":"lanterne-en-laiton-ferroviaire-deutsche-reichsbahn","status":"publish","type":"product","link":"https:\/\/military-classic-auction.com\/en\/product\/lanterne-en-laiton-ferroviaire-deutsche-reichsbahn\/","title":{"rendered":"Lanterne en laiton ferroviaire &#8211; \u00ab\u00a0Deutsche Reichsbahn\u00a0\u00bb"},"content":{"rendered":"<p>Lanterne en laiton ferroviaire &#8211; \u00ab\u00a0Deutsche Reichsbahn\u00a0\u00bb<br \/>\nFabrication : \u00ab\u00a0A.Sartorius &#8211; Wuppertal Barmen\u00a0\u00bb<br \/>\nMarquage int\u00e9rieur : \u00ab\u00a0Metallwarenfabrik Bergzarer &#8211; H.Gillet\u00a0\u00bb<br \/>\nPoign\u00e9e de transport en bois.<br \/>\nHauteur : 21cm sans la poign\u00e9e<br \/>\n(En l&rsquo;\u00e9tat, usures)<br \/>\n&#8211;<br \/>\nRailway brass lantern &#8211; \u00ab\u00a0Deutsche Reichsbahn\u00a0\u00bb<br \/>\nManufactured: \u00ab\u00a0A.Sartorius &#8211; Wuppertal Barmen\u00a0\u00bb<br \/>\nInterior marking: \u00ab\u00a0Metallwarenfabrik Bergzarer &#8211; H.Gillet\u00a0\u00bb<br \/>\nWooden carrying handle.<br \/>\nHeight: 8,3&Prime; without handle<br \/>\n(As is, wear)<\/p>","protected":false},"excerpt":{"rendered":"<p>Lanterne en laiton ferroviaire &#8211; \u00ab\u00a0Deutsche Reichsbahn\u00a0\u00bb Fabrication : \u00ab\u00a0A.Sartorius &#8211; Wuppertal Barmen\u00a0\u00bb Marquage int\u00e9rieur : \u00ab\u00a0Metallwarenfabrik Bergzarer &#8211; H.Gillet\u00a0\u00bb Poign\u00e9e de transport en bois. Hauteur : 21cm sans la poign\u00e9e (En l&rsquo;\u00e9tat, usures) &#8211; Railway brass lantern &#8211; \u00ab\u00a0Deutsche Reichsbahn\u00a0\u00bb Manufactured: \u00ab\u00a0A.Sartorius &#8211; Wuppertal Barmen\u00a0\u00bb Interior marking: \u00ab\u00a0Metallwarenfabrik Bergzarer &#8211; H.Gillet\u00a0\u00bb Wooden carrying handle.<a class=\"more-link\" href=\"https:\/\/military-classic-auction.com\/en\/product\/lanterne-en-laiton-ferroviaire-deutsche-reichsbahn\/\">Read more  &#10230;<\/a><\/p>","protected":false},"featured_media":12412,"template":"","meta":[],"product_brand":[],"product_cat":[27],"product_tag":[],"class_list":{"0":"post-12964","1":"product","2":"type-product","3":"status-publish","4":"has-post-thumbnail","6":"product_cat-larmee-des-caisses","8":"first","9":"instock","10":"sold-individually","11":"purchasable","12":"product-type-auction"},"aioseo_notices":[],"_links":{"self":[{"href":"https:\/\/military-classic-auction.com\/en\/wp-json\/wp\/v2\/product\/12964","targetHints":{"allow":["GET"]}}],"collection":[{"href":"https:\/\/military-classic-auction.com\/en\/wp-json\/wp\/v2\/product"}],"about":[{"href":"https:\/\/military-classic-auction.com\/en\/wp-json\/wp\/v2\/types\/product"}],"wp:featuredmedia":[{"embeddable":true,"href":"https:\/\/military-classic-auction.com\/en\/wp-json\/wp\/v2\/media\/12412"}],"wp:attachment":[{"href":"https:\/\/military-classic-auction.com\/en\/wp-json\/wp\/v2\/media?parent=12964"}],"wp:term":[{"taxonomy":"product_brand","embeddable":true,"href":"https:\/\/military-classic-auction.com\/en\/wp-json\/wp\/v2\/product_brand?post=12964"},{"taxonomy":"product_cat","embeddable":true,"href":"https:\/\/military-classic-auction.com\/en\/wp-json\/wp\/v2\/product_cat?post=12964"},{"taxonomy":"product_tag","embeddable":true,"href":"https:\/\/military-classic-auction.com\/en\/wp-json\/wp\/v2\/product_tag?post=12964"}],"curies":[{"name":"wp","href":"https:\/\/api.w.org\/{rel}","templated":true}]}}