{"id":12962,"date":"2024-06-21T16:23:05","date_gmt":"2024-06-21T16:23:05","guid":{"rendered":"https:\/\/military-classic-auction.com\/?post_type=product&#038;p=12962"},"modified":"2024-07-06T11:01:19","modified_gmt":"2024-07-06T11:01:19","slug":"boite-daccessoires-pour-lampe","status":"publish","type":"product","link":"https:\/\/military-classic-auction.com\/en\/product\/boite-daccessoires-pour-lampe\/","title":{"rendered":"Boite d&rsquo;accessoires pour lampe"},"content":{"rendered":"<p>Boite d&rsquo;accessoires pour lampe<br \/>\nPoign\u00e9e de transport en m\u00e9tal.<br \/>\nMarquages : \u00ab\u00a0Lampen\u00a0\u00bb ; \u00ab\u00a0Zelt-Bel.\u00a0\u00bb ; \u00ab\u00a0Ger. \u00ab\u00a0A\u00a0\u00bb\u00a0\u00bb &#038; \u00ab\u00a0Gew. 4,7kg\u00a0\u00bb<br \/>\nIncompl\u00e8te.<br \/>\nWaffenamt pr\u00e9sent.<br \/>\nDimension : L28cm x l10,5cm x h22cm<br \/>\n(En l&rsquo;\u00e9tat, usures, manques)<br \/>\n&#8211;<br \/>\nLamp accessory box<br \/>\nMetal carrying handle.<br \/>\nMarkings: \u00ab\u00a0Lampen\u00a0\u00bb; \u00ab\u00a0Zelt-Bel.\u00a0\u00bb ; \u00ab\u00a0Ger. \u00ab\u00a0A\u00a0\u00bb\u00a0\u00bb &#038; \u00ab\u00a0Gew. 4.7kg\u00a0\u00bb<br \/>\nIncomplete.<br \/>\nWaffenamt present.<br \/>\nDimensions: L11&Prime; x w4,1&Prime; x h8,6&Prime;<br \/>\n(As is, wear and tear)<\/p>","protected":false},"excerpt":{"rendered":"<p>Boite d&rsquo;accessoires pour lampe Poign\u00e9e de transport en m\u00e9tal. Marquages : \u00ab\u00a0Lampen\u00a0\u00bb ; \u00ab\u00a0Zelt-Bel.\u00a0\u00bb ; \u00ab\u00a0Ger. \u00ab\u00a0A\u00a0\u00bb\u00a0\u00bb &#038; \u00ab\u00a0Gew. 4,7kg\u00a0\u00bb Incompl\u00e8te. Waffenamt pr\u00e9sent. Dimension : L28cm x l10,5cm x h22cm (En l&rsquo;\u00e9tat, usures, manques) &#8211; Lamp accessory box Metal carrying handle. Markings: \u00ab\u00a0Lampen\u00a0\u00bb; \u00ab\u00a0Zelt-Bel.\u00a0\u00bb ; \u00ab\u00a0Ger. \u00ab\u00a0A\u00a0\u00bb\u00a0\u00bb &#038; \u00ab\u00a0Gew. 4.7kg\u00a0\u00bb Incomplete. Waffenamt present. Dimensions: L11&Prime;<a class=\"more-link\" href=\"https:\/\/military-classic-auction.com\/en\/product\/boite-daccessoires-pour-lampe\/\">Read more  &#10230;<\/a><\/p>","protected":false},"featured_media":12396,"template":"","meta":[],"product_brand":[],"product_cat":[27],"product_tag":[],"class_list":{"0":"post-12962","1":"product","2":"type-product","3":"status-publish","4":"has-post-thumbnail","6":"product_cat-larmee-des-caisses","8":"first","9":"instock","10":"sold-individually","11":"purchasable","12":"product-type-auction"},"aioseo_notices":[],"_links":{"self":[{"href":"https:\/\/military-classic-auction.com\/en\/wp-json\/wp\/v2\/product\/12962","targetHints":{"allow":["GET"]}}],"collection":[{"href":"https:\/\/military-classic-auction.com\/en\/wp-json\/wp\/v2\/product"}],"about":[{"href":"https:\/\/military-classic-auction.com\/en\/wp-json\/wp\/v2\/types\/product"}],"wp:featuredmedia":[{"embeddable":true,"href":"https:\/\/military-classic-auction.com\/en\/wp-json\/wp\/v2\/media\/12396"}],"wp:attachment":[{"href":"https:\/\/military-classic-auction.com\/en\/wp-json\/wp\/v2\/media?parent=12962"}],"wp:term":[{"taxonomy":"product_brand","embeddable":true,"href":"https:\/\/military-classic-auction.com\/en\/wp-json\/wp\/v2\/product_brand?post=12962"},{"taxonomy":"product_cat","embeddable":true,"href":"https:\/\/military-classic-auction.com\/en\/wp-json\/wp\/v2\/product_cat?post=12962"},{"taxonomy":"product_tag","embeddable":true,"href":"https:\/\/military-classic-auction.com\/en\/wp-json\/wp\/v2\/product_tag?post=12962"}],"curies":[{"name":"wp","href":"https:\/\/api.w.org\/{rel}","templated":true}]}}