{"id":12960,"date":"2024-06-21T16:23:01","date_gmt":"2024-06-21T16:23:01","guid":{"rendered":"https:\/\/military-classic-auction.com\/?post_type=product&#038;p=12960"},"modified":"2024-07-06T09:04:53","modified_gmt":"2024-07-06T09:04:53","slug":"caisse-daccessoires-waprw-10b-iv","status":"publish","type":"product","link":"https:\/\/military-classic-auction.com\/en\/product\/caisse-daccessoires-waprw-10b-iv\/","title":{"rendered":"Caisse d&rsquo;accessoires \u00ab\u00a0WaPrw 10B IV\u00a0\u00bb"},"content":{"rendered":"<p>Caisse d&rsquo;accessoires \u00ab\u00a0WaPrw 10B IV\u00a0\u00bb<br \/>\nDeux poign\u00e9es de transport en cuir.<br \/>\nWaffenamt pr\u00e9sent.<br \/>\nDimension : L41cm x l21cm x h11cm<br \/>\n(En l&rsquo;\u00e9tat, usures)<br \/>\n&#8211;<br \/>\nAccessories box \u00ab\u00a0WaPrw 10B IV\u00a0\u00bb<br \/>\nTwo leather carrying handles.<br \/>\nWaffenamt present.<br \/>\nDimensions: L16,1&Prime; x w8,2&Prime; x h4,3&Prime;<br \/>\n(As is, wear)<\/p>","protected":false},"excerpt":{"rendered":"<p>Caisse d&rsquo;accessoires \u00ab\u00a0WaPrw 10B IV\u00a0\u00bb Deux poign\u00e9es de transport en cuir. Waffenamt pr\u00e9sent. Dimension : L41cm x l21cm x h11cm (En l&rsquo;\u00e9tat, usures) &#8211; Accessories box \u00ab\u00a0WaPrw 10B IV\u00a0\u00bb Two leather carrying handles. Waffenamt present. Dimensions: L16,1&Prime; x w8,2&Prime; x h4,3&Prime; (As is, wear)<\/p>","protected":false},"featured_media":12376,"template":"","meta":[],"product_brand":[],"product_cat":[27],"product_tag":[],"class_list":{"0":"post-12960","1":"product","2":"type-product","3":"status-publish","4":"has-post-thumbnail","6":"product_cat-larmee-des-caisses","8":"first","9":"instock","10":"sold-individually","11":"purchasable","12":"product-type-auction"},"aioseo_notices":[],"_links":{"self":[{"href":"https:\/\/military-classic-auction.com\/en\/wp-json\/wp\/v2\/product\/12960","targetHints":{"allow":["GET"]}}],"collection":[{"href":"https:\/\/military-classic-auction.com\/en\/wp-json\/wp\/v2\/product"}],"about":[{"href":"https:\/\/military-classic-auction.com\/en\/wp-json\/wp\/v2\/types\/product"}],"wp:featuredmedia":[{"embeddable":true,"href":"https:\/\/military-classic-auction.com\/en\/wp-json\/wp\/v2\/media\/12376"}],"wp:attachment":[{"href":"https:\/\/military-classic-auction.com\/en\/wp-json\/wp\/v2\/media?parent=12960"}],"wp:term":[{"taxonomy":"product_brand","embeddable":true,"href":"https:\/\/military-classic-auction.com\/en\/wp-json\/wp\/v2\/product_brand?post=12960"},{"taxonomy":"product_cat","embeddable":true,"href":"https:\/\/military-classic-auction.com\/en\/wp-json\/wp\/v2\/product_cat?post=12960"},{"taxonomy":"product_tag","embeddable":true,"href":"https:\/\/military-classic-auction.com\/en\/wp-json\/wp\/v2\/product_tag?post=12960"}],"curies":[{"name":"wp","href":"https:\/\/api.w.org\/{rel}","templated":true}]}}