{"id":12959,"date":"2024-06-21T16:23:00","date_gmt":"2024-06-21T16:23:00","guid":{"rendered":"https:\/\/military-classic-auction.com\/?post_type=product&#038;p=12959"},"modified":"2024-07-06T06:59:50","modified_gmt":"2024-07-06T06:59:50","slug":"caisse-de-transport-pour-lanterne-lat-kast-37-pi","status":"publish","type":"product","link":"https:\/\/military-classic-auction.com\/en\/product\/caisse-de-transport-pour-lanterne-lat-kast-37-pi\/","title":{"rendered":"Caisse de transport pour lanterne &#8211; \u00ab\u00a0Lat.Kast.37 Pi.\u00a0\u00bb"},"content":{"rendered":"<p>Caisse de transport pour lanterne &#8211; \u00ab\u00a0Lat.Kast.37 Pi.\u00a0\u00bb<br \/>\nPoign\u00e9e de transport en m\u00e9tal.<br \/>\nPas de marquage fabricant visible.<br \/>\nInt\u00e9rieur incomplet &#038; modifi\u00e9.<br \/>\nDimension : L33cm x l24,5cm x h17cm<br \/>\n(En l&rsquo;\u00e9tat, usures, manques)<br \/>\n&#8211;<br \/>\nTransport case for lantern &#8211; \u00ab\u00a0Lat.Kast.37 Pi.\u00a0\u00bb<br \/>\nMetal carrying handle.<br \/>\nNo visible manufacturer marking.<br \/>\nInterior incomplete &#038; modified.<br \/>\nDimensions: L13&Prime; x W9,6&Prime; x H6,7&Prime;<br \/>\n(As is, wear and tear)<\/p>","protected":false},"excerpt":{"rendered":"<p>Caisse de transport pour lanterne &#8211; \u00ab\u00a0Lat.Kast.37 Pi.\u00a0\u00bb Poign\u00e9e de transport en m\u00e9tal. Pas de marquage fabricant visible. Int\u00e9rieur incomplet &#038; modifi\u00e9. Dimension : L33cm x l24,5cm x h17cm (En l&rsquo;\u00e9tat, usures, manques) &#8211; Transport case for lantern &#8211; \u00ab\u00a0Lat.Kast.37 Pi.\u00a0\u00bb Metal carrying handle. No visible manufacturer marking. Interior incomplete &#038; modified. Dimensions: L13&Prime; x<a class=\"more-link\" href=\"https:\/\/military-classic-auction.com\/en\/product\/caisse-de-transport-pour-lanterne-lat-kast-37-pi\/\">Read more  &#10230;<\/a><\/p>","protected":false},"featured_media":12367,"template":"","meta":[],"product_brand":[],"product_cat":[27],"product_tag":[],"class_list":{"0":"post-12959","1":"product","2":"type-product","3":"status-publish","4":"has-post-thumbnail","6":"product_cat-larmee-des-caisses","8":"first","9":"instock","10":"sold-individually","11":"purchasable","12":"product-type-auction"},"aioseo_notices":[],"_links":{"self":[{"href":"https:\/\/military-classic-auction.com\/en\/wp-json\/wp\/v2\/product\/12959","targetHints":{"allow":["GET"]}}],"collection":[{"href":"https:\/\/military-classic-auction.com\/en\/wp-json\/wp\/v2\/product"}],"about":[{"href":"https:\/\/military-classic-auction.com\/en\/wp-json\/wp\/v2\/types\/product"}],"wp:featuredmedia":[{"embeddable":true,"href":"https:\/\/military-classic-auction.com\/en\/wp-json\/wp\/v2\/media\/12367"}],"wp:attachment":[{"href":"https:\/\/military-classic-auction.com\/en\/wp-json\/wp\/v2\/media?parent=12959"}],"wp:term":[{"taxonomy":"product_brand","embeddable":true,"href":"https:\/\/military-classic-auction.com\/en\/wp-json\/wp\/v2\/product_brand?post=12959"},{"taxonomy":"product_cat","embeddable":true,"href":"https:\/\/military-classic-auction.com\/en\/wp-json\/wp\/v2\/product_cat?post=12959"},{"taxonomy":"product_tag","embeddable":true,"href":"https:\/\/military-classic-auction.com\/en\/wp-json\/wp\/v2\/product_tag?post=12959"}],"curies":[{"name":"wp","href":"https:\/\/api.w.org\/{rel}","templated":true}]}}