{"id":12958,"date":"2024-06-21T16:22:59","date_gmt":"2024-06-21T16:22:59","guid":{"rendered":"https:\/\/military-classic-auction.com\/?post_type=product&#038;p=12958"},"modified":"2024-06-21T16:23:00","modified_gmt":"2024-06-21T16:23:00","slug":"caisse-en-bois-pour-accessoires","status":"publish","type":"product","link":"https:\/\/military-classic-auction.com\/en\/product\/caisse-en-bois-pour-accessoires\/","title":{"rendered":"Caisse en bois pour accessoires"},"content":{"rendered":"<p>Caisse en bois pour accessoires<br \/>\nMarquage : \u00ab\u00a0Vorrat He&#8230;esatmer\u00a0\u00bb<br \/>\nUne poign\u00e9e de transport en toile.<br \/>\nTampon waffenamt pr\u00e9sent mais illisible.<br \/>\nDimension : L25,5cm x l14cm x h38cm<br \/>\n(En l&rsquo;\u00e9tat, usures)<br \/>\n&#8211;<br \/>\nWooden case for accessories<br \/>\nMarking: \u00ab\u00a0Vorrat He&#8230;esatmer\u00a0\u00bb<br \/>\nA canvas carrying handle.<br \/>\nWaffenamt stamp present but illegible.<br \/>\nDimensions: L10&Prime; x w5,5&Prime; x h14,9&Prime;<br \/>\n(As is, wear)<\/p>","protected":false},"excerpt":{"rendered":"<p>Caisse en bois pour accessoires Marquage : \u00ab\u00a0Vorrat He&#8230;esatmer\u00a0\u00bb Une poign\u00e9e de transport en toile. Tampon waffenamt pr\u00e9sent mais illisible. Dimension : L25,5cm x l14cm x h38cm (En l&rsquo;\u00e9tat, usures) &#8211; Wooden case for accessories Marking: \u00ab\u00a0Vorrat He&#8230;esatmer\u00a0\u00bb A canvas carrying handle. Waffenamt stamp present but illegible. Dimensions: L10&Prime; x w5,5&Prime; x h14,9&Prime; (As is,<a class=\"more-link\" href=\"https:\/\/military-classic-auction.com\/en\/product\/caisse-en-bois-pour-accessoires\/\">Read more  &#10230;<\/a><\/p>","protected":false},"featured_media":12358,"template":"","meta":[],"product_brand":[],"product_cat":[27],"product_tag":[],"class_list":{"0":"post-12958","1":"product","2":"type-product","3":"status-publish","4":"has-post-thumbnail","6":"product_cat-larmee-des-caisses","8":"first","9":"instock","10":"sold-individually","11":"purchasable","12":"product-type-auction"},"aioseo_notices":[],"_links":{"self":[{"href":"https:\/\/military-classic-auction.com\/en\/wp-json\/wp\/v2\/product\/12958","targetHints":{"allow":["GET"]}}],"collection":[{"href":"https:\/\/military-classic-auction.com\/en\/wp-json\/wp\/v2\/product"}],"about":[{"href":"https:\/\/military-classic-auction.com\/en\/wp-json\/wp\/v2\/types\/product"}],"wp:featuredmedia":[{"embeddable":true,"href":"https:\/\/military-classic-auction.com\/en\/wp-json\/wp\/v2\/media\/12358"}],"wp:attachment":[{"href":"https:\/\/military-classic-auction.com\/en\/wp-json\/wp\/v2\/media?parent=12958"}],"wp:term":[{"taxonomy":"product_brand","embeddable":true,"href":"https:\/\/military-classic-auction.com\/en\/wp-json\/wp\/v2\/product_brand?post=12958"},{"taxonomy":"product_cat","embeddable":true,"href":"https:\/\/military-classic-auction.com\/en\/wp-json\/wp\/v2\/product_cat?post=12958"},{"taxonomy":"product_tag","embeddable":true,"href":"https:\/\/military-classic-auction.com\/en\/wp-json\/wp\/v2\/product_tag?post=12958"}],"curies":[{"name":"wp","href":"https:\/\/api.w.org\/{rel}","templated":true}]}}