{"id":12957,"date":"2024-06-21T16:22:59","date_gmt":"2024-06-21T16:22:59","guid":{"rendered":"https:\/\/military-classic-auction.com\/?post_type=product&#038;p=12957"},"modified":"2024-07-06T11:23:34","modified_gmt":"2024-07-06T11:23:34","slug":"pompe-a-main-de-decontamination-entgiftungsspritze","status":"publish","type":"product","link":"https:\/\/military-classic-auction.com\/en\/product\/pompe-a-main-de-decontamination-entgiftungsspritze\/","title":{"rendered":"Pompe \u00e0 main de d\u00e9contamination &#8211; \u00ab\u00a0Entgiftungsspritze\u00a0\u00bb"},"content":{"rendered":"<p>Pompe \u00e0 main de d\u00e9contamination &#8211; \u00ab\u00a0Entgiftungsspritze\u00a0\u00bb<br \/>\nCette pompe \u00e9tait utilis\u00e9e pour transf\u00e9rer des liquides toxiques ou pour neutraliser l&rsquo;agent chimique sur un \u00e9quipement ou sur un individu.<br \/>\nDans sa caisse d&rsquo;origine.<br \/>\nPas de marquage fabricant visible.<br \/>\n\u00c9tiquette dat\u00e9e 1944.<br \/>\nDimension : L68cm x l20cm x h18cm<br \/>\n(En l&rsquo;\u00e9tat, usures)<br \/>\n&#8211;<br \/>\nDecontamination hand pump &#8211; \u00ab\u00a0Entgiftungsspritze\u00a0\u00bb<br \/>\nThis pump was used to transfer toxic liquids or to neutralize the chemical agent on equipment or an individual.<br \/>\nIn its original crate.<br \/>\nNo visible manufacturer marking.<br \/>\nLabel dated 1944.<br \/>\nDimensions: L26,8&Prime; x w7,8&Prime; x h7&Prime;<br \/>\n(As is, wear)<\/p>","protected":false},"excerpt":{"rendered":"<p>Pompe \u00e0 main de d\u00e9contamination &#8211; \u00ab\u00a0Entgiftungsspritze\u00a0\u00bb Cette pompe \u00e9tait utilis\u00e9e pour transf\u00e9rer des liquides toxiques ou pour neutraliser l&rsquo;agent chimique sur un \u00e9quipement ou sur un individu. Dans sa caisse d&rsquo;origine. Pas de marquage fabricant visible. \u00c9tiquette dat\u00e9e 1944. Dimension : L68cm x l20cm x h18cm (En l&rsquo;\u00e9tat, usures) &#8211; Decontamination hand pump &#8211;<a class=\"more-link\" href=\"https:\/\/military-classic-auction.com\/en\/product\/pompe-a-main-de-decontamination-entgiftungsspritze\/\">Read more  &#10230;<\/a><\/p>","protected":false},"featured_media":12348,"template":"","meta":[],"product_brand":[],"product_cat":[27],"product_tag":[],"class_list":{"0":"post-12957","1":"product","2":"type-product","3":"status-publish","4":"has-post-thumbnail","6":"product_cat-larmee-des-caisses","8":"first","9":"instock","10":"sold-individually","11":"purchasable","12":"product-type-auction"},"aioseo_notices":[],"_links":{"self":[{"href":"https:\/\/military-classic-auction.com\/en\/wp-json\/wp\/v2\/product\/12957","targetHints":{"allow":["GET"]}}],"collection":[{"href":"https:\/\/military-classic-auction.com\/en\/wp-json\/wp\/v2\/product"}],"about":[{"href":"https:\/\/military-classic-auction.com\/en\/wp-json\/wp\/v2\/types\/product"}],"wp:featuredmedia":[{"embeddable":true,"href":"https:\/\/military-classic-auction.com\/en\/wp-json\/wp\/v2\/media\/12348"}],"wp:attachment":[{"href":"https:\/\/military-classic-auction.com\/en\/wp-json\/wp\/v2\/media?parent=12957"}],"wp:term":[{"taxonomy":"product_brand","embeddable":true,"href":"https:\/\/military-classic-auction.com\/en\/wp-json\/wp\/v2\/product_brand?post=12957"},{"taxonomy":"product_cat","embeddable":true,"href":"https:\/\/military-classic-auction.com\/en\/wp-json\/wp\/v2\/product_cat?post=12957"},{"taxonomy":"product_tag","embeddable":true,"href":"https:\/\/military-classic-auction.com\/en\/wp-json\/wp\/v2\/product_tag?post=12957"}],"curies":[{"name":"wp","href":"https:\/\/api.w.org\/{rel}","templated":true}]}}