{"id":12956,"date":"2024-06-21T16:22:58","date_gmt":"2024-06-21T16:22:58","guid":{"rendered":"https:\/\/military-classic-auction.com\/?post_type=product&#038;p=12956"},"modified":"2024-06-21T16:22:58","modified_gmt":"2024-06-21T16:22:58","slug":"tube-de-decontamination-waffenentgiftungsmittel","status":"publish","type":"product","link":"https:\/\/military-classic-auction.com\/en\/product\/tube-de-decontamination-waffenentgiftungsmittel\/","title":{"rendered":"Tube de d\u00e9contamination &#8211; \u00ab\u00a0WAFFENENTGIFTUNGSMITTEL\u00a0\u00bb"},"content":{"rendered":"<p>Tube de d\u00e9contamination &#8211; \u00ab\u00a0WAFFENENTGIFTUNGSMITTEL\u00a0\u00bb<br \/>\nFermeture par une sangle en toile.<br \/>\nFabrication : \u00ab\u00a0Trdf\u00a0\u00bb<br \/>\nDat\u00e9 1940<br \/>\nAvec 2 bidons dat\u00e9s 1940.<br \/>\nDont un marqu\u00e9 : \u00ab\u00a0Reinigungs\u00f6l &#8211; Sch\u00fctteln\u00a0\u00bb<br \/>\nDimension : d13cm x h36cm<br \/>\n&#8211;<br \/>\nDecontamination tube &#8211; \u00ab\u00a0WAFFENENTGIFTUNGSMITTEL\u00a0\u00bb<br \/>\nClosure with a canvas strap.<br \/>\nManufactured: \u00ab\u00a0Trdf\u00a0\u00bb<br \/>\nDated 1940<br \/>\nWith 2 cans dated 1940.<br \/>\nIncluding one marked: \u00ab\u00a0Reinigungs\u00f6l &#8211; Sch\u00fctteln\u00a0\u00bb<br \/>\nDimensions: d5,12&Prime; x h14,2&Prime;<\/p>","protected":false},"excerpt":{"rendered":"<p>Tube de d\u00e9contamination &#8211; \u00ab\u00a0WAFFENENTGIFTUNGSMITTEL\u00a0\u00bb Fermeture par une sangle en toile. Fabrication : \u00ab\u00a0Trdf\u00a0\u00bb Dat\u00e9 1940 Avec 2 bidons dat\u00e9s 1940. Dont un marqu\u00e9 : \u00ab\u00a0Reinigungs\u00f6l &#8211; Sch\u00fctteln\u00a0\u00bb Dimension : d13cm x h36cm &#8211; Decontamination tube &#8211; \u00ab\u00a0WAFFENENTGIFTUNGSMITTEL\u00a0\u00bb Closure with a canvas strap. Manufactured: \u00ab\u00a0Trdf\u00a0\u00bb Dated 1940 With 2 cans dated 1940. Including one marked:<a class=\"more-link\" href=\"https:\/\/military-classic-auction.com\/en\/product\/tube-de-decontamination-waffenentgiftungsmittel\/\">Read more  &#10230;<\/a><\/p>","protected":false},"featured_media":12335,"template":"","meta":[],"product_brand":[],"product_cat":[27],"product_tag":[],"class_list":{"0":"post-12956","1":"product","2":"type-product","3":"status-publish","4":"has-post-thumbnail","6":"product_cat-larmee-des-caisses","8":"first","9":"instock","10":"sold-individually","11":"purchasable","12":"product-type-auction"},"aioseo_notices":[],"_links":{"self":[{"href":"https:\/\/military-classic-auction.com\/en\/wp-json\/wp\/v2\/product\/12956","targetHints":{"allow":["GET"]}}],"collection":[{"href":"https:\/\/military-classic-auction.com\/en\/wp-json\/wp\/v2\/product"}],"about":[{"href":"https:\/\/military-classic-auction.com\/en\/wp-json\/wp\/v2\/types\/product"}],"wp:featuredmedia":[{"embeddable":true,"href":"https:\/\/military-classic-auction.com\/en\/wp-json\/wp\/v2\/media\/12335"}],"wp:attachment":[{"href":"https:\/\/military-classic-auction.com\/en\/wp-json\/wp\/v2\/media?parent=12956"}],"wp:term":[{"taxonomy":"product_brand","embeddable":true,"href":"https:\/\/military-classic-auction.com\/en\/wp-json\/wp\/v2\/product_brand?post=12956"},{"taxonomy":"product_cat","embeddable":true,"href":"https:\/\/military-classic-auction.com\/en\/wp-json\/wp\/v2\/product_cat?post=12956"},{"taxonomy":"product_tag","embeddable":true,"href":"https:\/\/military-classic-auction.com\/en\/wp-json\/wp\/v2\/product_tag?post=12956"}],"curies":[{"name":"wp","href":"https:\/\/api.w.org\/{rel}","templated":true}]}}