{"id":12955,"date":"2024-06-21T16:22:57","date_gmt":"2024-06-21T16:22:57","guid":{"rendered":"https:\/\/military-classic-auction.com\/?post_type=product&#038;p=12955"},"modified":"2024-07-06T09:08:03","modified_gmt":"2024-07-06T09:08:03","slug":"boite-pour-appareil-de-detection-de-gaz-gasanzeiger","status":"publish","type":"product","link":"https:\/\/military-classic-auction.com\/en\/product\/boite-pour-appareil-de-detection-de-gaz-gasanzeiger\/","title":{"rendered":"Boite pour appareil de d\u00e9tection de gaz &#8211; \u00ab\u00a0Gasanzeiger\u00a0\u00bb"},"content":{"rendered":"<p>Boite pour appareil de d\u00e9tection de gaz &#8211; \u00ab\u00a0Gasanzeiger\u00a0\u00bb<br \/>\nOuverture par t\u00e9ton &#038; poign\u00e9e de transport en toile.<br \/>\nFabrication : \u00ab\u00a0Draeger\u00a0\u00bb<br \/>\nDat\u00e9e 1943<br \/>\nWaffenamt pr\u00e9sent.<br \/>\nDimension : L28,5cm x l16cm x h14,5cm<br \/>\n(En l&rsquo;\u00e9tat, usures)<br \/>\n&#8211;<br \/>\nBox for gas detection device &#8211; \u00ab\u00a0Gasanzeiger\u00a0\u00bb<br \/>\nNipple opening &#038; canvas carrying handle.<br \/>\nManufactured: \u00ab\u00a0Draeger\u00a0\u00bb<br \/>\nDated 1943<br \/>\nWaffenamt present.<br \/>\nDimensions: L11,2&Prime; x w6,3&Prime; x h5,7&Prime;<br \/>\n(As is, wear)<\/p>","protected":false},"excerpt":{"rendered":"<p>Boite pour appareil de d\u00e9tection de gaz &#8211; \u00ab\u00a0Gasanzeiger\u00a0\u00bb Ouverture par t\u00e9ton &#038; poign\u00e9e de transport en toile. Fabrication : \u00ab\u00a0Draeger\u00a0\u00bb Dat\u00e9e 1943 Waffenamt pr\u00e9sent. Dimension : L28,5cm x l16cm x h14,5cm (En l&rsquo;\u00e9tat, usures) &#8211; Box for gas detection device &#8211; \u00ab\u00a0Gasanzeiger\u00a0\u00bb Nipple opening &#038; canvas carrying handle. Manufactured: \u00ab\u00a0Draeger\u00a0\u00bb Dated 1943 Waffenamt present.<a class=\"more-link\" href=\"https:\/\/military-classic-auction.com\/en\/product\/boite-pour-appareil-de-detection-de-gaz-gasanzeiger\/\">Read more  &#10230;<\/a><\/p>","protected":false},"featured_media":12324,"template":"","meta":[],"product_brand":[],"product_cat":[27],"product_tag":[],"class_list":{"0":"post-12955","1":"product","2":"type-product","3":"status-publish","4":"has-post-thumbnail","6":"product_cat-larmee-des-caisses","8":"first","9":"instock","10":"sold-individually","11":"purchasable","12":"product-type-auction"},"aioseo_notices":[],"_links":{"self":[{"href":"https:\/\/military-classic-auction.com\/en\/wp-json\/wp\/v2\/product\/12955","targetHints":{"allow":["GET"]}}],"collection":[{"href":"https:\/\/military-classic-auction.com\/en\/wp-json\/wp\/v2\/product"}],"about":[{"href":"https:\/\/military-classic-auction.com\/en\/wp-json\/wp\/v2\/types\/product"}],"wp:featuredmedia":[{"embeddable":true,"href":"https:\/\/military-classic-auction.com\/en\/wp-json\/wp\/v2\/media\/12324"}],"wp:attachment":[{"href":"https:\/\/military-classic-auction.com\/en\/wp-json\/wp\/v2\/media?parent=12955"}],"wp:term":[{"taxonomy":"product_brand","embeddable":true,"href":"https:\/\/military-classic-auction.com\/en\/wp-json\/wp\/v2\/product_brand?post=12955"},{"taxonomy":"product_cat","embeddable":true,"href":"https:\/\/military-classic-auction.com\/en\/wp-json\/wp\/v2\/product_cat?post=12955"},{"taxonomy":"product_tag","embeddable":true,"href":"https:\/\/military-classic-auction.com\/en\/wp-json\/wp\/v2\/product_tag?post=12955"}],"curies":[{"name":"wp","href":"https:\/\/api.w.org\/{rel}","templated":true}]}}