{"id":12954,"date":"2024-06-21T16:22:56","date_gmt":"2024-06-21T16:22:56","guid":{"rendered":"https:\/\/military-classic-auction.com\/?post_type=product&#038;p=12954"},"modified":"2024-07-06T08:31:12","modified_gmt":"2024-07-06T08:31:12","slug":"lanterne-luftwaffe-2","status":"publish","type":"product","link":"https:\/\/military-classic-auction.com\/en\/product\/lanterne-luftwaffe-2\/","title":{"rendered":"Lanterne Luftwaffe"},"content":{"rendered":"<p>Lanterne Luftwaffe<br \/>\nFabrication : \u00ab\u00a0gnu\u00a0\u00bb<br \/>\nDat\u00e9e 1943<br \/>\nCrochet de fixation &#038; 4 verres opaques pr\u00e9sents.<br \/>\nDimension : L13cm x l13cm x h26cm (environ)<br \/>\n(En l&rsquo;\u00e9tat, usures)<br \/>\n&#8211;<br \/>\nLuftwaffe lantern<br \/>\nManufacture: \u00ab\u00a0gnu\u00a0\u00bb<br \/>\nDated 1943<br \/>\nFixing hook &#038; 4 opaque glasses present.<br \/>\nDimensions: L5,1&Prime; x w5,1&Prime; x h10,2&Prime; (approximately)<br \/>\n(As is, wear)<\/p>","protected":false},"excerpt":{"rendered":"<p>Lanterne Luftwaffe Fabrication : \u00ab\u00a0gnu\u00a0\u00bb Dat\u00e9e 1943 Crochet de fixation &#038; 4 verres opaques pr\u00e9sents. Dimension : L13cm x l13cm x h26cm (environ) (En l&rsquo;\u00e9tat, usures) &#8211; Luftwaffe lantern Manufacture: \u00ab\u00a0gnu\u00a0\u00bb Dated 1943 Fixing hook &#038; 4 opaque glasses present. Dimensions: L5,1&Prime; x w5,1&Prime; x h10,2&Prime; (approximately) (As is, wear)<\/p>","protected":false},"featured_media":12314,"template":"","meta":[],"product_brand":[],"product_cat":[27],"product_tag":[],"class_list":{"0":"post-12954","1":"product","2":"type-product","3":"status-publish","4":"has-post-thumbnail","6":"product_cat-larmee-des-caisses","8":"first","9":"instock","10":"sold-individually","11":"purchasable","12":"product-type-auction"},"aioseo_notices":[],"_links":{"self":[{"href":"https:\/\/military-classic-auction.com\/en\/wp-json\/wp\/v2\/product\/12954","targetHints":{"allow":["GET"]}}],"collection":[{"href":"https:\/\/military-classic-auction.com\/en\/wp-json\/wp\/v2\/product"}],"about":[{"href":"https:\/\/military-classic-auction.com\/en\/wp-json\/wp\/v2\/types\/product"}],"wp:featuredmedia":[{"embeddable":true,"href":"https:\/\/military-classic-auction.com\/en\/wp-json\/wp\/v2\/media\/12314"}],"wp:attachment":[{"href":"https:\/\/military-classic-auction.com\/en\/wp-json\/wp\/v2\/media?parent=12954"}],"wp:term":[{"taxonomy":"product_brand","embeddable":true,"href":"https:\/\/military-classic-auction.com\/en\/wp-json\/wp\/v2\/product_brand?post=12954"},{"taxonomy":"product_cat","embeddable":true,"href":"https:\/\/military-classic-auction.com\/en\/wp-json\/wp\/v2\/product_cat?post=12954"},{"taxonomy":"product_tag","embeddable":true,"href":"https:\/\/military-classic-auction.com\/en\/wp-json\/wp\/v2\/product_tag?post=12954"}],"curies":[{"name":"wp","href":"https:\/\/api.w.org\/{rel}","templated":true}]}}