{"id":12953,"date":"2024-06-21T16:22:56","date_gmt":"2024-06-21T16:22:56","guid":{"rendered":"https:\/\/military-classic-auction.com\/?post_type=product&#038;p=12953"},"modified":"2024-07-06T11:23:02","modified_gmt":"2024-07-06T11:23:02","slug":"caisse-pour-3-masques-a-gaz-gasschutzhauben","status":"publish","type":"product","link":"https:\/\/military-classic-auction.com\/en\/product\/caisse-pour-3-masques-a-gaz-gasschutzhauben\/","title":{"rendered":"Caisse pour 3 masques \u00e0 gaz &#8211; \u00ab\u00a0Gasschutzhauben\u00a0\u00bb"},"content":{"rendered":"<p>Caisse pour 3 masques \u00e0 gaz &#8211; \u00ab\u00a0Gasschutzhauben\u00a0\u00bb<br \/>\nMasques sp\u00e9cialement con\u00e7us pour les soldats bless\u00e9s.<br \/>\nMarquage fabricant &#038; waffenamt pr\u00e9sents.<br \/>\nDat\u00e9e 1942<br \/>\nTirette d&rsquo;ouverture fonctionnelle.<br \/>\nDimension : L31cm x l27cm x h9,5cm<br \/>\n(En l&rsquo;\u00e9tat, usures, chocs)<br \/>\n&#8211;<br \/>\nBox for 3 gas masks &#8211; \u00ab\u00a0Gasschutzhauben\u00a0\u00bb<br \/>\nMasks specially designed for wounded soldiers.<br \/>\nManufacturer marking &#038; waffenamt present.<br \/>\nDated 1942<br \/>\nFunctional opening zipper.<br \/>\nDimensions: L12,2&Prime; x W10,6&Prime; x H3,7&Prime;<br \/>\n(As is, wear, shocks)<\/p>","protected":false},"excerpt":{"rendered":"<p>Caisse pour 3 masques \u00e0 gaz &#8211; \u00ab\u00a0Gasschutzhauben\u00a0\u00bb Masques sp\u00e9cialement con\u00e7us pour les soldats bless\u00e9s. Marquage fabricant &#038; waffenamt pr\u00e9sents. Dat\u00e9e 1942 Tirette d&rsquo;ouverture fonctionnelle. Dimension : L31cm x l27cm x h9,5cm (En l&rsquo;\u00e9tat, usures, chocs) &#8211; Box for 3 gas masks &#8211; \u00ab\u00a0Gasschutzhauben\u00a0\u00bb Masks specially designed for wounded soldiers. Manufacturer marking &#038; waffenamt present.<a class=\"more-link\" href=\"https:\/\/military-classic-auction.com\/en\/product\/caisse-pour-3-masques-a-gaz-gasschutzhauben\/\">Read more  &#10230;<\/a><\/p>","protected":false},"featured_media":12308,"template":"","meta":[],"product_brand":[],"product_cat":[27],"product_tag":[],"class_list":{"0":"post-12953","1":"product","2":"type-product","3":"status-publish","4":"has-post-thumbnail","6":"product_cat-larmee-des-caisses","8":"first","9":"instock","10":"sold-individually","11":"purchasable","12":"product-type-auction"},"aioseo_notices":[],"_links":{"self":[{"href":"https:\/\/military-classic-auction.com\/en\/wp-json\/wp\/v2\/product\/12953","targetHints":{"allow":["GET"]}}],"collection":[{"href":"https:\/\/military-classic-auction.com\/en\/wp-json\/wp\/v2\/product"}],"about":[{"href":"https:\/\/military-classic-auction.com\/en\/wp-json\/wp\/v2\/types\/product"}],"wp:featuredmedia":[{"embeddable":true,"href":"https:\/\/military-classic-auction.com\/en\/wp-json\/wp\/v2\/media\/12308"}],"wp:attachment":[{"href":"https:\/\/military-classic-auction.com\/en\/wp-json\/wp\/v2\/media?parent=12953"}],"wp:term":[{"taxonomy":"product_brand","embeddable":true,"href":"https:\/\/military-classic-auction.com\/en\/wp-json\/wp\/v2\/product_brand?post=12953"},{"taxonomy":"product_cat","embeddable":true,"href":"https:\/\/military-classic-auction.com\/en\/wp-json\/wp\/v2\/product_cat?post=12953"},{"taxonomy":"product_tag","embeddable":true,"href":"https:\/\/military-classic-auction.com\/en\/wp-json\/wp\/v2\/product_tag?post=12953"}],"curies":[{"name":"wp","href":"https:\/\/api.w.org\/{rel}","templated":true}]}}