{"id":12952,"date":"2024-06-21T16:22:55","date_gmt":"2024-06-21T16:22:55","guid":{"rendered":"https:\/\/military-classic-auction.com\/?post_type=product&#038;p=12952"},"modified":"2024-07-02T14:05:41","modified_gmt":"2024-07-02T14:05:41","slug":"caisse-pour-1-masque-a-gaz-gasschutzhaube","status":"publish","type":"product","link":"https:\/\/military-classic-auction.com\/en\/product\/caisse-pour-1-masque-a-gaz-gasschutzhaube\/","title":{"rendered":"Caisse pour 1 masque \u00e0 gaz &#8211; \u00ab\u00a0Gasschutzhaube\u00a0\u00bb"},"content":{"rendered":"<p>Caisse pour 1 masque \u00e0 gaz &#8211; \u00ab\u00a0Gasschutzhaube\u00a0\u00bb<br \/>\nMasque sp\u00e9cialement con\u00e7u pour les soldats bless\u00e9s.<br \/>\nMarquage fabricant &#038; waffenamt pr\u00e9sents.<br \/>\nDat\u00e9e 1941<br \/>\nTirette d&rsquo;ouverture fonctionnelle.<br \/>\nDimension : L31cm x l27cm x h5cm<br \/>\n(En l&rsquo;\u00e9tat, usures, chocs)<br \/>\n&#8211;<br \/>\nBox for 1 gas mask &#8211; \u00ab\u00a0Gasschutzhaube\u00a0\u00bb<br \/>\nMask specially designed for wounded soldiers.<br \/>\nManufacturer marking &#038; waffenamt present.<br \/>\nDated 1941<br \/>\nFunctional opening zipper.<br \/>\nDimensions: L12,2&Prime; x w10,6&Prime; x h1,9&Prime;<br \/>\n(As is, wear, shocks)<\/p>","protected":false},"excerpt":{"rendered":"<p>Caisse pour 1 masque \u00e0 gaz &#8211; \u00ab\u00a0Gasschutzhaube\u00a0\u00bb Masque sp\u00e9cialement con\u00e7u pour les soldats bless\u00e9s. Marquage fabricant &#038; waffenamt pr\u00e9sents. Dat\u00e9e 1941 Tirette d&rsquo;ouverture fonctionnelle. Dimension : L31cm x l27cm x h5cm (En l&rsquo;\u00e9tat, usures, chocs) &#8211; Box for 1 gas mask &#8211; \u00ab\u00a0Gasschutzhaube\u00a0\u00bb Mask specially designed for wounded soldiers. Manufacturer marking &#038; waffenamt present.<a class=\"more-link\" href=\"https:\/\/military-classic-auction.com\/en\/product\/caisse-pour-1-masque-a-gaz-gasschutzhaube\/\">Read more  &#10230;<\/a><\/p>","protected":false},"featured_media":12300,"template":"","meta":[],"product_brand":[],"product_cat":[27],"product_tag":[],"class_list":{"0":"post-12952","1":"product","2":"type-product","3":"status-publish","4":"has-post-thumbnail","6":"product_cat-larmee-des-caisses","8":"first","9":"instock","10":"sold-individually","11":"purchasable","12":"product-type-auction"},"aioseo_notices":[],"_links":{"self":[{"href":"https:\/\/military-classic-auction.com\/en\/wp-json\/wp\/v2\/product\/12952","targetHints":{"allow":["GET"]}}],"collection":[{"href":"https:\/\/military-classic-auction.com\/en\/wp-json\/wp\/v2\/product"}],"about":[{"href":"https:\/\/military-classic-auction.com\/en\/wp-json\/wp\/v2\/types\/product"}],"wp:featuredmedia":[{"embeddable":true,"href":"https:\/\/military-classic-auction.com\/en\/wp-json\/wp\/v2\/media\/12300"}],"wp:attachment":[{"href":"https:\/\/military-classic-auction.com\/en\/wp-json\/wp\/v2\/media?parent=12952"}],"wp:term":[{"taxonomy":"product_brand","embeddable":true,"href":"https:\/\/military-classic-auction.com\/en\/wp-json\/wp\/v2\/product_brand?post=12952"},{"taxonomy":"product_cat","embeddable":true,"href":"https:\/\/military-classic-auction.com\/en\/wp-json\/wp\/v2\/product_cat?post=12952"},{"taxonomy":"product_tag","embeddable":true,"href":"https:\/\/military-classic-auction.com\/en\/wp-json\/wp\/v2\/product_tag?post=12952"}],"curies":[{"name":"wp","href":"https:\/\/api.w.org\/{rel}","templated":true}]}}