{"id":12951,"date":"2024-06-21T16:22:52","date_gmt":"2024-06-21T16:22:52","guid":{"rendered":"https:\/\/military-classic-auction.com\/?post_type=product&#038;p=12951"},"modified":"2024-07-06T09:10:32","modified_gmt":"2024-07-06T09:10:32","slug":"lanterne-luftwaffe","status":"publish","type":"product","link":"https:\/\/military-classic-auction.com\/en\/product\/lanterne-luftwaffe\/","title":{"rendered":"Lanterne Luftwaffe"},"content":{"rendered":"<p>Lanterne Luftwaffe<br \/>\nFabrication : \u00ab\u00a0M.W.N.\u00a0\u00bb<br \/>\nDat\u00e9e 1941<br \/>\nCrochet de fixation &#038; 4 verres opaques pr\u00e9sents.<br \/>\nPartie sup\u00e9rieure manquante.<br \/>\nDimension : L13cm x l13cm x h26cm (environ)<br \/>\n(En l&rsquo;\u00e9tat, usures, manques)<br \/>\n&#8211;<br \/>\nLuftwaffe lantern<br \/>\nManufactured: \u00ab\u00a0M.W.N.\u00a0\u00bb<br \/>\nDated 1941<br \/>\nFixing hook &#038; 4 opaque glasses present.<br \/>\nTop part missing.<br \/>\nDimensions: L5,1&Prime; x w5,1&Prime; x h10,2&Prime; (approximately)<br \/>\n(As is, wear, shortages)<\/p>","protected":false},"excerpt":{"rendered":"<p>Lanterne Luftwaffe Fabrication : \u00ab\u00a0M.W.N.\u00a0\u00bb Dat\u00e9e 1941 Crochet de fixation &#038; 4 verres opaques pr\u00e9sents. Partie sup\u00e9rieure manquante. Dimension : L13cm x l13cm x h26cm (environ) (En l&rsquo;\u00e9tat, usures, manques) &#8211; Luftwaffe lantern Manufactured: \u00ab\u00a0M.W.N.\u00a0\u00bb Dated 1941 Fixing hook &#038; 4 opaque glasses present. Top part missing. Dimensions: L5,1&Prime; x w5,1&Prime; x h10,2&Prime; (approximately) (As<a class=\"more-link\" href=\"https:\/\/military-classic-auction.com\/en\/product\/lanterne-luftwaffe\/\">Read more  &#10230;<\/a><\/p>","protected":false},"featured_media":12292,"template":"","meta":[],"product_brand":[],"product_cat":[27],"product_tag":[],"class_list":{"0":"post-12951","1":"product","2":"type-product","3":"status-publish","4":"has-post-thumbnail","6":"product_cat-larmee-des-caisses","8":"first","9":"instock","10":"sold-individually","11":"purchasable","12":"product-type-auction"},"aioseo_notices":[],"_links":{"self":[{"href":"https:\/\/military-classic-auction.com\/en\/wp-json\/wp\/v2\/product\/12951","targetHints":{"allow":["GET"]}}],"collection":[{"href":"https:\/\/military-classic-auction.com\/en\/wp-json\/wp\/v2\/product"}],"about":[{"href":"https:\/\/military-classic-auction.com\/en\/wp-json\/wp\/v2\/types\/product"}],"wp:featuredmedia":[{"embeddable":true,"href":"https:\/\/military-classic-auction.com\/en\/wp-json\/wp\/v2\/media\/12292"}],"wp:attachment":[{"href":"https:\/\/military-classic-auction.com\/en\/wp-json\/wp\/v2\/media?parent=12951"}],"wp:term":[{"taxonomy":"product_brand","embeddable":true,"href":"https:\/\/military-classic-auction.com\/en\/wp-json\/wp\/v2\/product_brand?post=12951"},{"taxonomy":"product_cat","embeddable":true,"href":"https:\/\/military-classic-auction.com\/en\/wp-json\/wp\/v2\/product_cat?post=12951"},{"taxonomy":"product_tag","embeddable":true,"href":"https:\/\/military-classic-auction.com\/en\/wp-json\/wp\/v2\/product_tag?post=12951"}],"curies":[{"name":"wp","href":"https:\/\/api.w.org\/{rel}","templated":true}]}}