{"id":12950,"date":"2024-06-21T16:22:51","date_gmt":"2024-06-21T16:22:51","guid":{"rendered":"https:\/\/military-classic-auction.com\/?post_type=product&#038;p=12950"},"modified":"2024-07-05T23:41:53","modified_gmt":"2024-07-05T23:41:53","slug":"moulin-a-cafe-kaffeemuhle-dans-sa-boite-dorigine","status":"publish","type":"product","link":"https:\/\/military-classic-auction.com\/en\/product\/moulin-a-cafe-kaffeemuhle-dans-sa-boite-dorigine\/","title":{"rendered":"Moulin \u00e0 caf\u00e9 \u00ab\u00a0Kaffeem\u00fchle\u00a0\u00bb dans sa boite d&rsquo;origine."},"content":{"rendered":"<p>Moulin \u00e0 caf\u00e9 \u00ab\u00a0Kaffeem\u00fchle\u00a0\u00bb dans sa boite d&rsquo;origine.<br \/>\nUtilis\u00e9 par l&rsquo;arm\u00e9e italienne et la Wehrmacht.<br \/>\nUne poign\u00e9e de transport en m\u00e9tal.<br \/>\nPas de marquage visible.<br \/>\nDimension de la boite : L13cm x l13cm x h23.5cm<br \/>\n(En l&rsquo;\u00e9tat, usures, oxydation)<br \/>\n&#8211;<br \/>\nCoffee grinder in its original box &#8211; \u00ab\u00a0Kaffeem\u00fchle\u00a0\u00bb<br \/>\nUsed by the Italian army and the Wehrmacht.<br \/>\nA metal carrying handle.<br \/>\nNo visible marking.<br \/>\nDimensions of the box: L5,1&Prime; x w5,1&Prime;x h9,2&Prime;<br \/>\n(As is, wear, oxidation)<\/p>","protected":false},"excerpt":{"rendered":"<p>Moulin \u00e0 caf\u00e9 \u00ab\u00a0Kaffeem\u00fchle\u00a0\u00bb dans sa boite d&rsquo;origine. Utilis\u00e9 par l&rsquo;arm\u00e9e italienne et la Wehrmacht. Une poign\u00e9e de transport en m\u00e9tal. Pas de marquage visible. Dimension de la boite : L13cm x l13cm x h23.5cm (En l&rsquo;\u00e9tat, usures, oxydation) &#8211; Coffee grinder in its original box &#8211; \u00ab\u00a0Kaffeem\u00fchle\u00a0\u00bb Used by the Italian army and the<a class=\"more-link\" href=\"https:\/\/military-classic-auction.com\/en\/product\/moulin-a-cafe-kaffeemuhle-dans-sa-boite-dorigine\/\">Read more  &#10230;<\/a><\/p>","protected":false},"featured_media":12285,"template":"","meta":[],"product_brand":[],"product_cat":[27],"product_tag":[],"class_list":{"0":"post-12950","1":"product","2":"type-product","3":"status-publish","4":"has-post-thumbnail","6":"product_cat-larmee-des-caisses","8":"first","9":"instock","10":"sold-individually","11":"purchasable","12":"product-type-auction"},"aioseo_notices":[],"_links":{"self":[{"href":"https:\/\/military-classic-auction.com\/en\/wp-json\/wp\/v2\/product\/12950","targetHints":{"allow":["GET"]}}],"collection":[{"href":"https:\/\/military-classic-auction.com\/en\/wp-json\/wp\/v2\/product"}],"about":[{"href":"https:\/\/military-classic-auction.com\/en\/wp-json\/wp\/v2\/types\/product"}],"wp:featuredmedia":[{"embeddable":true,"href":"https:\/\/military-classic-auction.com\/en\/wp-json\/wp\/v2\/media\/12285"}],"wp:attachment":[{"href":"https:\/\/military-classic-auction.com\/en\/wp-json\/wp\/v2\/media?parent=12950"}],"wp:term":[{"taxonomy":"product_brand","embeddable":true,"href":"https:\/\/military-classic-auction.com\/en\/wp-json\/wp\/v2\/product_brand?post=12950"},{"taxonomy":"product_cat","embeddable":true,"href":"https:\/\/military-classic-auction.com\/en\/wp-json\/wp\/v2\/product_cat?post=12950"},{"taxonomy":"product_tag","embeddable":true,"href":"https:\/\/military-classic-auction.com\/en\/wp-json\/wp\/v2\/product_tag?post=12950"}],"curies":[{"name":"wp","href":"https:\/\/api.w.org\/{rel}","templated":true}]}}