{"id":12949,"date":"2024-06-21T16:22:50","date_gmt":"2024-06-21T16:22:50","guid":{"rendered":"https:\/\/military-classic-auction.com\/?post_type=product&#038;p=12949"},"modified":"2024-07-06T11:55:32","modified_gmt":"2024-07-06T11:55:32","slug":"caisse-de-premiers-secours-verbandkasten-2","status":"publish","type":"product","link":"https:\/\/military-classic-auction.com\/en\/product\/caisse-de-premiers-secours-verbandkasten-2\/","title":{"rendered":"Caisse de premiers secours &#8211; \u00ab\u00a0Verbandkasten\u00a0\u00bb"},"content":{"rendered":"<p>Caisse de premiers secours &#8211; \u00ab\u00a0Verbandkasten\u00a0\u00bb<br \/>\n\u00c9tiquette d&rsquo;inventaire pr\u00e9sente avec waffenamt.<br \/>\nAvec accessoires (pansements, garrot et divers)<br \/>\nPlusieurs \u00e9l\u00e9ments dat\u00e9s de 1935 \u00e0 1944.<br \/>\nDimension : L34,5cm x l18cm x h10cm<br \/>\n(En l&rsquo;\u00e9tat, usures, d\u00e9formation, oxydation)<br \/>\n&#8211;<br \/>\nFirst aid box &#8211; \u00ab\u00a0Verbandkasten\u00a0\u00bb<br \/>\nInventory label present with waffenamt.<br \/>\nWith accessories (dressings, tourniquet and miscellaneous)<br \/>\nSeveral elements dated from 1935 to 1944.<br \/>\nDimensions: L13,6&Prime; x w7&Prime; x h3,9&Prime;<br \/>\n(As is, wear, deformation, oxidation)<\/p>","protected":false},"excerpt":{"rendered":"<p>Caisse de premiers secours &#8211; \u00ab\u00a0Verbandkasten\u00a0\u00bb \u00c9tiquette d&rsquo;inventaire pr\u00e9sente avec waffenamt. Avec accessoires (pansements, garrot et divers) Plusieurs \u00e9l\u00e9ments dat\u00e9s de 1935 \u00e0 1944. Dimension : L34,5cm x l18cm x h10cm (En l&rsquo;\u00e9tat, usures, d\u00e9formation, oxydation) &#8211; First aid box &#8211; \u00ab\u00a0Verbandkasten\u00a0\u00bb Inventory label present with waffenamt. With accessories (dressings, tourniquet and miscellaneous) Several elements<a class=\"more-link\" href=\"https:\/\/military-classic-auction.com\/en\/product\/caisse-de-premiers-secours-verbandkasten-2\/\">Read more  &#10230;<\/a><\/p>","protected":false},"featured_media":12274,"template":"","meta":[],"product_brand":[],"product_cat":[27],"product_tag":[],"class_list":{"0":"post-12949","1":"product","2":"type-product","3":"status-publish","4":"has-post-thumbnail","6":"product_cat-larmee-des-caisses","8":"first","9":"instock","10":"sold-individually","11":"purchasable","12":"product-type-auction"},"aioseo_notices":[],"_links":{"self":[{"href":"https:\/\/military-classic-auction.com\/en\/wp-json\/wp\/v2\/product\/12949","targetHints":{"allow":["GET"]}}],"collection":[{"href":"https:\/\/military-classic-auction.com\/en\/wp-json\/wp\/v2\/product"}],"about":[{"href":"https:\/\/military-classic-auction.com\/en\/wp-json\/wp\/v2\/types\/product"}],"wp:featuredmedia":[{"embeddable":true,"href":"https:\/\/military-classic-auction.com\/en\/wp-json\/wp\/v2\/media\/12274"}],"wp:attachment":[{"href":"https:\/\/military-classic-auction.com\/en\/wp-json\/wp\/v2\/media?parent=12949"}],"wp:term":[{"taxonomy":"product_brand","embeddable":true,"href":"https:\/\/military-classic-auction.com\/en\/wp-json\/wp\/v2\/product_brand?post=12949"},{"taxonomy":"product_cat","embeddable":true,"href":"https:\/\/military-classic-auction.com\/en\/wp-json\/wp\/v2\/product_cat?post=12949"},{"taxonomy":"product_tag","embeddable":true,"href":"https:\/\/military-classic-auction.com\/en\/wp-json\/wp\/v2\/product_tag?post=12949"}],"curies":[{"name":"wp","href":"https:\/\/api.w.org\/{rel}","templated":true}]}}