{"id":12948,"date":"2024-06-21T16:22:50","date_gmt":"2024-06-21T16:22:50","guid":{"rendered":"https:\/\/military-classic-auction.com\/?post_type=product&#038;p=12948"},"modified":"2024-07-04T18:47:06","modified_gmt":"2024-07-04T18:47:06","slug":"caisse-medicale-tier-luftschutzkasten-39","status":"publish","type":"product","link":"https:\/\/military-classic-auction.com\/en\/product\/caisse-medicale-tier-luftschutzkasten-39\/","title":{"rendered":"Caisse m\u00e9dicale &#8211; \u00ab\u00a0Tier-Luftschutzkasten 39\u00a0\u00bb"},"content":{"rendered":"<p>Caisse m\u00e9dicale &#8211; \u00ab\u00a0Tier-Luftschutzkasten 39\u00a0\u00bb<br \/>\nFermeture par un crochet &#038; poign\u00e9e de transport en m\u00e9tal.<br \/>\nFermeture marqu\u00e9e \u00ab\u00a0aha &#8211; DRGM\u00a0\u00bb<br \/>\n\u00c9tiquette pr\u00e9sente, dat\u00e9e 1940.<br \/>\nCompartiments int\u00e9rieurs pr\u00e9sents.<br \/>\nDimension : L43cm x l30cm x h13,5cm<br \/>\n(En l&rsquo;\u00e9tat, usures, oxydation)<br \/>\n&#8211;<br \/>\nMedical fund &#8211; \u00ab\u00a0Tier-Luftschutzkasten 39\u00a0\u00bb<br \/>\nClosing with a hook and metal carrying handle.<br \/>\nClosure marked \u00ab\u00a0aha &#8211; DRGM\u00a0\u00bb<br \/>\nLabel present, dated 1940.<br \/>\nInterior compartments present.<br \/>\nDimensions: L16,9&Prime; x w11,8 x h5,3&Prime;<br \/>\n(As is, wear, oxidation)<\/p>","protected":false},"excerpt":{"rendered":"<p>Caisse m\u00e9dicale &#8211; \u00ab\u00a0Tier-Luftschutzkasten 39\u00a0\u00bb Fermeture par un crochet &#038; poign\u00e9e de transport en m\u00e9tal. Fermeture marqu\u00e9e \u00ab\u00a0aha &#8211; DRGM\u00a0\u00bb \u00c9tiquette pr\u00e9sente, dat\u00e9e 1940. Compartiments int\u00e9rieurs pr\u00e9sents. Dimension : L43cm x l30cm x h13,5cm (En l&rsquo;\u00e9tat, usures, oxydation) &#8211; Medical fund &#8211; \u00ab\u00a0Tier-Luftschutzkasten 39\u00a0\u00bb Closing with a hook and metal carrying handle. Closure marked \u00ab\u00a0aha<a class=\"more-link\" href=\"https:\/\/military-classic-auction.com\/en\/product\/caisse-medicale-tier-luftschutzkasten-39\/\">Read more  &#10230;<\/a><\/p>","protected":false},"featured_media":12257,"template":"","meta":[],"product_brand":[],"product_cat":[27],"product_tag":[],"class_list":{"0":"post-12948","1":"product","2":"type-product","3":"status-publish","4":"has-post-thumbnail","6":"product_cat-larmee-des-caisses","8":"first","9":"instock","10":"sold-individually","11":"purchasable","12":"product-type-auction"},"aioseo_notices":[],"_links":{"self":[{"href":"https:\/\/military-classic-auction.com\/en\/wp-json\/wp\/v2\/product\/12948","targetHints":{"allow":["GET"]}}],"collection":[{"href":"https:\/\/military-classic-auction.com\/en\/wp-json\/wp\/v2\/product"}],"about":[{"href":"https:\/\/military-classic-auction.com\/en\/wp-json\/wp\/v2\/types\/product"}],"wp:featuredmedia":[{"embeddable":true,"href":"https:\/\/military-classic-auction.com\/en\/wp-json\/wp\/v2\/media\/12257"}],"wp:attachment":[{"href":"https:\/\/military-classic-auction.com\/en\/wp-json\/wp\/v2\/media?parent=12948"}],"wp:term":[{"taxonomy":"product_brand","embeddable":true,"href":"https:\/\/military-classic-auction.com\/en\/wp-json\/wp\/v2\/product_brand?post=12948"},{"taxonomy":"product_cat","embeddable":true,"href":"https:\/\/military-classic-auction.com\/en\/wp-json\/wp\/v2\/product_cat?post=12948"},{"taxonomy":"product_tag","embeddable":true,"href":"https:\/\/military-classic-auction.com\/en\/wp-json\/wp\/v2\/product_tag?post=12948"}],"curies":[{"name":"wp","href":"https:\/\/api.w.org\/{rel}","templated":true}]}}