{"id":12947,"date":"2024-06-21T16:22:49","date_gmt":"2024-06-21T16:22:49","guid":{"rendered":"https:\/\/military-classic-auction.com\/?post_type=product&#038;p=12947"},"modified":"2024-07-05T17:59:04","modified_gmt":"2024-07-05T17:59:04","slug":"caisse-en-bois-medicale-kasten-2","status":"publish","type":"product","link":"https:\/\/military-classic-auction.com\/en\/product\/caisse-en-bois-medicale-kasten-2\/","title":{"rendered":"Caisse en bois m\u00e9dicale &#8211; \u00ab\u00a0KASTEN 2\u00a0\u00bb"},"content":{"rendered":"<p>Caisse en bois m\u00e9dicale &#8211; \u00ab\u00a0KASTEN 2\u00a0\u00bb<br \/>\nFermeture par cl\u00e9 &#038; deux poign\u00e9es de transport en m\u00e9tal.<br \/>\nMarquages peints : \u00ab\u00a0Vorr.San.Ger. Kasten 2\u00a0\u00bb signifiant \u00ab\u00a0Vorrat Sanit\u00e4ts Ger\u00e4t\u00a0\u00bb<br \/>\nPas de marquage fabricant visible.<br \/>\nTampon pr\u00e9sent \u00e0 l&rsquo;int\u00e9rieur.<br \/>\nDimension : L61cm x l48cm x h42cm<br \/>\n(En l&rsquo;\u00e9tat)<br \/>\n&#8211;<br \/>\nMedical wooden crate &#8211; \u00ab\u00a0KASTEN 2\u00a0\u00bb<br \/>\nKey closure &#038; two metal carrying handles.<br \/>\nPainted markings: \u00ab\u00a0Vorr.San.Ger. Kasten 2\u00a0\u00bb meaning \u00ab\u00a0Vorrat Sanit\u00e4ts Ger\u00e4t\u00a0\u00bb<br \/>\nNo visible manufacturer marking.<br \/>\nStamp present inside.<br \/>\nDimensions: L24&Prime; x w18,9&Prime; x h16,5&Prime;<br \/>\n(As is)<\/p>","protected":false},"excerpt":{"rendered":"<p>Caisse en bois m\u00e9dicale &#8211; \u00ab\u00a0KASTEN 2\u00a0\u00bb Fermeture par cl\u00e9 &#038; deux poign\u00e9es de transport en m\u00e9tal. Marquages peints : \u00ab\u00a0Vorr.San.Ger. Kasten 2\u00a0\u00bb signifiant \u00ab\u00a0Vorrat Sanit\u00e4ts Ger\u00e4t\u00a0\u00bb Pas de marquage fabricant visible. Tampon pr\u00e9sent \u00e0 l&rsquo;int\u00e9rieur. Dimension : L61cm x l48cm x h42cm (En l&rsquo;\u00e9tat) &#8211; Medical wooden crate &#8211; \u00ab\u00a0KASTEN 2\u00a0\u00bb Key closure &#038;<a class=\"more-link\" href=\"https:\/\/military-classic-auction.com\/en\/product\/caisse-en-bois-medicale-kasten-2\/\">Read more  &#10230;<\/a><\/p>","protected":false},"featured_media":12249,"template":"","meta":[],"product_brand":[],"product_cat":[27],"product_tag":[],"class_list":{"0":"post-12947","1":"product","2":"type-product","3":"status-publish","4":"has-post-thumbnail","6":"product_cat-larmee-des-caisses","8":"first","9":"instock","10":"sold-individually","11":"purchasable","12":"product-type-auction"},"aioseo_notices":[],"_links":{"self":[{"href":"https:\/\/military-classic-auction.com\/en\/wp-json\/wp\/v2\/product\/12947","targetHints":{"allow":["GET"]}}],"collection":[{"href":"https:\/\/military-classic-auction.com\/en\/wp-json\/wp\/v2\/product"}],"about":[{"href":"https:\/\/military-classic-auction.com\/en\/wp-json\/wp\/v2\/types\/product"}],"wp:featuredmedia":[{"embeddable":true,"href":"https:\/\/military-classic-auction.com\/en\/wp-json\/wp\/v2\/media\/12249"}],"wp:attachment":[{"href":"https:\/\/military-classic-auction.com\/en\/wp-json\/wp\/v2\/media?parent=12947"}],"wp:term":[{"taxonomy":"product_brand","embeddable":true,"href":"https:\/\/military-classic-auction.com\/en\/wp-json\/wp\/v2\/product_brand?post=12947"},{"taxonomy":"product_cat","embeddable":true,"href":"https:\/\/military-classic-auction.com\/en\/wp-json\/wp\/v2\/product_cat?post=12947"},{"taxonomy":"product_tag","embeddable":true,"href":"https:\/\/military-classic-auction.com\/en\/wp-json\/wp\/v2\/product_tag?post=12947"}],"curies":[{"name":"wp","href":"https:\/\/api.w.org\/{rel}","templated":true}]}}