{"id":12946,"date":"2024-06-21T16:22:48","date_gmt":"2024-06-21T16:22:48","guid":{"rendered":"https:\/\/military-classic-auction.com\/?post_type=product&#038;p=12946"},"modified":"2024-07-06T11:38:46","modified_gmt":"2024-07-06T11:38:46","slug":"caisse-de-premiers-secours-verbandkasten","status":"publish","type":"product","link":"https:\/\/military-classic-auction.com\/en\/product\/caisse-de-premiers-secours-verbandkasten\/","title":{"rendered":"Caisse de premiers secours &#8211; \u00ab\u00a0Verbandkasten\u00a0\u00bb"},"content":{"rendered":"<p>Caisse de premiers secours &#8211; \u00ab\u00a0Verbandkasten\u00a0\u00bb<br \/>\n\u00c9tiquette d&rsquo;inventaire pr\u00e9sente.<br \/>\nAvec accessoires (pansements, att\u00e8les, garrot et divers)<br \/>\nPlusieurs \u00e9l\u00e9ments dat\u00e9s 1941, 1942.<br \/>\nDimension : L34,5cm x l18cm x h10cm<br \/>\n(En l&rsquo;\u00e9tat, usures, oxydation)<br \/>\n&#8211;<br \/>\nFirst aid box &#8211; \u00ab\u00a0Verbandkasten\u00a0\u00bb<br \/>\nInventory label present.<br \/>\nWith accessories (dressings, splints, tourniquet and miscellaneous)<br \/>\nSeveral elements dated 1941, 1942.<br \/>\nDimensions: L13,6&Prime; x w7&Prime; x h3,9&Prime;<br \/>\n(As is, wear, oxidation)<\/p>","protected":false},"excerpt":{"rendered":"<p>Caisse de premiers secours &#8211; \u00ab\u00a0Verbandkasten\u00a0\u00bb \u00c9tiquette d&rsquo;inventaire pr\u00e9sente. Avec accessoires (pansements, att\u00e8les, garrot et divers) Plusieurs \u00e9l\u00e9ments dat\u00e9s 1941, 1942. Dimension : L34,5cm x l18cm x h10cm (En l&rsquo;\u00e9tat, usures, oxydation) &#8211; First aid box &#8211; \u00ab\u00a0Verbandkasten\u00a0\u00bb Inventory label present. With accessories (dressings, splints, tourniquet and miscellaneous) Several elements dated 1941, 1942. Dimensions: L13,6&Prime;<a class=\"more-link\" href=\"https:\/\/military-classic-auction.com\/en\/product\/caisse-de-premiers-secours-verbandkasten\/\">Read more  &#10230;<\/a><\/p>","protected":false},"featured_media":12242,"template":"","meta":[],"product_brand":[],"product_cat":[27],"product_tag":[],"class_list":{"0":"post-12946","1":"product","2":"type-product","3":"status-publish","4":"has-post-thumbnail","6":"product_cat-larmee-des-caisses","8":"first","9":"instock","10":"sold-individually","11":"purchasable","12":"product-type-auction"},"aioseo_notices":[],"_links":{"self":[{"href":"https:\/\/military-classic-auction.com\/en\/wp-json\/wp\/v2\/product\/12946","targetHints":{"allow":["GET"]}}],"collection":[{"href":"https:\/\/military-classic-auction.com\/en\/wp-json\/wp\/v2\/product"}],"about":[{"href":"https:\/\/military-classic-auction.com\/en\/wp-json\/wp\/v2\/types\/product"}],"wp:featuredmedia":[{"embeddable":true,"href":"https:\/\/military-classic-auction.com\/en\/wp-json\/wp\/v2\/media\/12242"}],"wp:attachment":[{"href":"https:\/\/military-classic-auction.com\/en\/wp-json\/wp\/v2\/media?parent=12946"}],"wp:term":[{"taxonomy":"product_brand","embeddable":true,"href":"https:\/\/military-classic-auction.com\/en\/wp-json\/wp\/v2\/product_brand?post=12946"},{"taxonomy":"product_cat","embeddable":true,"href":"https:\/\/military-classic-auction.com\/en\/wp-json\/wp\/v2\/product_cat?post=12946"},{"taxonomy":"product_tag","embeddable":true,"href":"https:\/\/military-classic-auction.com\/en\/wp-json\/wp\/v2\/product_tag?post=12946"}],"curies":[{"name":"wp","href":"https:\/\/api.w.org\/{rel}","templated":true}]}}