{"id":12945,"date":"2024-06-21T16:22:47","date_gmt":"2024-06-21T16:22:47","guid":{"rendered":"https:\/\/military-classic-auction.com\/?post_type=product&#038;p=12945"},"modified":"2024-07-06T12:01:07","modified_gmt":"2024-07-06T12:01:07","slug":"caisse-en-bois-medicale-ls-rettungsstelle-kasten-5","status":"publish","type":"product","link":"https:\/\/military-classic-auction.com\/en\/product\/caisse-en-bois-medicale-ls-rettungsstelle-kasten-5\/","title":{"rendered":"Caisse en bois m\u00e9dicale &#8211; \u00ab\u00a0LS.-Rettungsstelle Kasten 5\u00a0\u00bb"},"content":{"rendered":"<p>Caisse en bois m\u00e9dicale &#8211; \u00ab\u00a0LS.-Rettungsstelle Kasten 5\u00a0\u00bb<br \/>\nOuverture par deux t\u00e9tons &#038; deux poign\u00e9es de transport en m\u00e9tal.<br \/>\nFabrication : \u00ab\u00a0H.G.Aug.\u00a0\u00bb<br \/>\nDat\u00e9e 1939<br \/>\nTampon waffenamt pr\u00e9sent.<br \/>\n\u00c9tiquette pr\u00e9sente sur face avant.<br \/>\nDimension : L105cm x l20cm x h13,5cm<br \/>\n(En l&rsquo;\u00e9tat, usures)<br \/>\n&#8211;<br \/>\nMedical wooden box &#8211; \u00ab\u00a0LS.-Rettungsstelle Kasten 5\u00a0\u00bb<br \/>\nOpening with two nipples &#038; two metal carrying handles.<br \/>\nManufacture: \u00ab\u00a0H.G.Aug.\u00a0\u00bb<br \/>\nDated 1939<br \/>\nWaffenamt stamp present.<br \/>\nLabel present on the front.<br \/>\nDimensions: L41,3&Prime; x w7,8&Prime; x h5,3&Prime;<br \/>\n(As is, wear)<\/p>","protected":false},"excerpt":{"rendered":"<p>Caisse en bois m\u00e9dicale &#8211; \u00ab\u00a0LS.-Rettungsstelle Kasten 5\u00a0\u00bb Ouverture par deux t\u00e9tons &#038; deux poign\u00e9es de transport en m\u00e9tal. Fabrication : \u00ab\u00a0H.G.Aug.\u00a0\u00bb Dat\u00e9e 1939 Tampon waffenamt pr\u00e9sent. \u00c9tiquette pr\u00e9sente sur face avant. Dimension : L105cm x l20cm x h13,5cm (En l&rsquo;\u00e9tat, usures) &#8211; Medical wooden box &#8211; \u00ab\u00a0LS.-Rettungsstelle Kasten 5\u00a0\u00bb Opening with two nipples &#038;<a class=\"more-link\" href=\"https:\/\/military-classic-auction.com\/en\/product\/caisse-en-bois-medicale-ls-rettungsstelle-kasten-5\/\">Read more  &#10230;<\/a><\/p>","protected":false},"featured_media":12222,"template":"","meta":[],"product_brand":[],"product_cat":[27],"product_tag":[],"class_list":{"0":"post-12945","1":"product","2":"type-product","3":"status-publish","4":"has-post-thumbnail","6":"product_cat-larmee-des-caisses","8":"first","9":"instock","10":"sold-individually","11":"purchasable","12":"product-type-auction"},"aioseo_notices":[],"_links":{"self":[{"href":"https:\/\/military-classic-auction.com\/en\/wp-json\/wp\/v2\/product\/12945","targetHints":{"allow":["GET"]}}],"collection":[{"href":"https:\/\/military-classic-auction.com\/en\/wp-json\/wp\/v2\/product"}],"about":[{"href":"https:\/\/military-classic-auction.com\/en\/wp-json\/wp\/v2\/types\/product"}],"wp:featuredmedia":[{"embeddable":true,"href":"https:\/\/military-classic-auction.com\/en\/wp-json\/wp\/v2\/media\/12222"}],"wp:attachment":[{"href":"https:\/\/military-classic-auction.com\/en\/wp-json\/wp\/v2\/media?parent=12945"}],"wp:term":[{"taxonomy":"product_brand","embeddable":true,"href":"https:\/\/military-classic-auction.com\/en\/wp-json\/wp\/v2\/product_brand?post=12945"},{"taxonomy":"product_cat","embeddable":true,"href":"https:\/\/military-classic-auction.com\/en\/wp-json\/wp\/v2\/product_cat?post=12945"},{"taxonomy":"product_tag","embeddable":true,"href":"https:\/\/military-classic-auction.com\/en\/wp-json\/wp\/v2\/product_tag?post=12945"}],"curies":[{"name":"wp","href":"https:\/\/api.w.org\/{rel}","templated":true}]}}