{"id":12944,"date":"2024-06-21T16:22:46","date_gmt":"2024-06-21T16:22:46","guid":{"rendered":"https:\/\/military-classic-auction.com\/?post_type=product&#038;p=12944"},"modified":"2024-07-05T17:55:05","modified_gmt":"2024-07-05T17:55:05","slug":"caisse-medicale-truppenbesteck-1935","status":"publish","type":"product","link":"https:\/\/military-classic-auction.com\/en\/product\/caisse-medicale-truppenbesteck-1935\/","title":{"rendered":"Caisse m\u00e9dicale \u00ab\u00a0Truppenbesteck 1935\u00a0\u00bb"},"content":{"rendered":"<p>Caisse m\u00e9dicale \u00ab\u00a0Truppenbesteck 1935\u00a0\u00bb<br \/>\n\u00c9tiquette pr\u00e9sente.<br \/>\nCompartiments &#038; contenu manquants.<br \/>\nDimension : L42cm x l28cm x h15cm<br \/>\n(En l&rsquo;\u00e9tat, usures)<br \/>\n&#8211;<br \/>\nMedical box \u00ab\u00a0Truppenbesteck 1935&Prime;<br \/>\nLabel present.<br \/>\nMissing compartments &#038; contents.<br \/>\nDimensions: L16,5&Prime; x w11&Prime; x h5,9\u00a0\u00bb<br \/>\n(As is, wear)<\/p>","protected":false},"excerpt":{"rendered":"<p>Caisse m\u00e9dicale \u00ab\u00a0Truppenbesteck 1935\u00a0\u00bb \u00c9tiquette pr\u00e9sente. Compartiments &#038; contenu manquants. Dimension : L42cm x l28cm x h15cm (En l&rsquo;\u00e9tat, usures) &#8211; Medical box \u00ab\u00a0Truppenbesteck 1935&Prime; Label present. Missing compartments &#038; contents. Dimensions: L16,5&Prime; x w11&Prime; x h5,9\u00a0\u00bb (As is, wear)<\/p>","protected":false},"featured_media":12215,"template":"","meta":[],"product_brand":[],"product_cat":[27],"product_tag":[],"class_list":{"0":"post-12944","1":"product","2":"type-product","3":"status-publish","4":"has-post-thumbnail","6":"product_cat-larmee-des-caisses","8":"first","9":"instock","10":"sold-individually","11":"purchasable","12":"product-type-auction"},"aioseo_notices":[],"_links":{"self":[{"href":"https:\/\/military-classic-auction.com\/en\/wp-json\/wp\/v2\/product\/12944","targetHints":{"allow":["GET"]}}],"collection":[{"href":"https:\/\/military-classic-auction.com\/en\/wp-json\/wp\/v2\/product"}],"about":[{"href":"https:\/\/military-classic-auction.com\/en\/wp-json\/wp\/v2\/types\/product"}],"wp:featuredmedia":[{"embeddable":true,"href":"https:\/\/military-classic-auction.com\/en\/wp-json\/wp\/v2\/media\/12215"}],"wp:attachment":[{"href":"https:\/\/military-classic-auction.com\/en\/wp-json\/wp\/v2\/media?parent=12944"}],"wp:term":[{"taxonomy":"product_brand","embeddable":true,"href":"https:\/\/military-classic-auction.com\/en\/wp-json\/wp\/v2\/product_brand?post=12944"},{"taxonomy":"product_cat","embeddable":true,"href":"https:\/\/military-classic-auction.com\/en\/wp-json\/wp\/v2\/product_cat?post=12944"},{"taxonomy":"product_tag","embeddable":true,"href":"https:\/\/military-classic-auction.com\/en\/wp-json\/wp\/v2\/product_tag?post=12944"}],"curies":[{"name":"wp","href":"https:\/\/api.w.org\/{rel}","templated":true}]}}