{"id":12943,"date":"2024-06-21T16:22:46","date_gmt":"2024-06-21T16:22:46","guid":{"rendered":"https:\/\/military-classic-auction.com\/?post_type=product&#038;p=12943"},"modified":"2024-07-06T11:49:10","modified_gmt":"2024-07-06T11:49:10","slug":"caisse-en-bois-medicale-feuerwehrfahrzeuge","status":"publish","type":"product","link":"https:\/\/military-classic-auction.com\/en\/product\/caisse-en-bois-medicale-feuerwehrfahrzeuge\/","title":{"rendered":"Caisse en bois m\u00e9dicale &#8211; \u00ab\u00a0Feuerwehrfahrzeuge\u00a0\u00bb"},"content":{"rendered":"<p>Caisse en bois m\u00e9dicale &#8211; \u00ab\u00a0Feuerwehrfahrzeuge\u00a0\u00bb<br \/>\nMarquages peints : \u00ab\u00a0Verbandkasten f\u00fcr Feuerwehrfahrzeuge\u00a0\u00bb &#038; croix rouge.<br \/>\nFermeture par deux t\u00e9tons &#038; trois poign\u00e9es de transport en m\u00e9tal.<br \/>\nCompartiments int\u00e9rieurs pr\u00e9sents, \u00e9tiquette fran\u00e7aise indiquant une r\u00e9utilisation.<br \/>\nDimension : L70cm x l40cm x h12cm<br \/>\n(En l&rsquo;\u00e9tat, usures, incompl\u00e8te)<br \/>\n&#8211;<br \/>\nMedical wooden crate &#8211; \u00ab\u00a0Feuerwehrfahrzeuge\u00a0\u00bb<br \/>\nPainted markings: \u00ab\u00a0Verbandkasten f\u00fcr Feuerwehrfahrzeuge\u00a0\u00bb &#038; red cross.<br \/>\nClosing with two nipples &#038; three metal carrying handles.<br \/>\nInterior compartments present, French label indicating reuse.<br \/>\nDimensions: L27,5&Prime; x w15,7&Prime; x h4,7&Prime;<br \/>\n(As is, wear, incomplete)<\/p>","protected":false},"excerpt":{"rendered":"<p>Caisse en bois m\u00e9dicale &#8211; \u00ab\u00a0Feuerwehrfahrzeuge\u00a0\u00bb Marquages peints : \u00ab\u00a0Verbandkasten f\u00fcr Feuerwehrfahrzeuge\u00a0\u00bb &#038; croix rouge. Fermeture par deux t\u00e9tons &#038; trois poign\u00e9es de transport en m\u00e9tal. Compartiments int\u00e9rieurs pr\u00e9sents, \u00e9tiquette fran\u00e7aise indiquant une r\u00e9utilisation. Dimension : L70cm x l40cm x h12cm (En l&rsquo;\u00e9tat, usures, incompl\u00e8te) &#8211; Medical wooden crate &#8211; \u00ab\u00a0Feuerwehrfahrzeuge\u00a0\u00bb Painted markings: \u00ab\u00a0Verbandkasten f\u00fcr<a class=\"more-link\" href=\"https:\/\/military-classic-auction.com\/en\/product\/caisse-en-bois-medicale-feuerwehrfahrzeuge\/\">Read more  &#10230;<\/a><\/p>","protected":false},"featured_media":12206,"template":"","meta":[],"product_brand":[],"product_cat":[27],"product_tag":[],"class_list":{"0":"post-12943","1":"product","2":"type-product","3":"status-publish","4":"has-post-thumbnail","6":"product_cat-larmee-des-caisses","8":"first","9":"instock","10":"sold-individually","11":"purchasable","12":"product-type-auction"},"aioseo_notices":[],"_links":{"self":[{"href":"https:\/\/military-classic-auction.com\/en\/wp-json\/wp\/v2\/product\/12943","targetHints":{"allow":["GET"]}}],"collection":[{"href":"https:\/\/military-classic-auction.com\/en\/wp-json\/wp\/v2\/product"}],"about":[{"href":"https:\/\/military-classic-auction.com\/en\/wp-json\/wp\/v2\/types\/product"}],"wp:featuredmedia":[{"embeddable":true,"href":"https:\/\/military-classic-auction.com\/en\/wp-json\/wp\/v2\/media\/12206"}],"wp:attachment":[{"href":"https:\/\/military-classic-auction.com\/en\/wp-json\/wp\/v2\/media?parent=12943"}],"wp:term":[{"taxonomy":"product_brand","embeddable":true,"href":"https:\/\/military-classic-auction.com\/en\/wp-json\/wp\/v2\/product_brand?post=12943"},{"taxonomy":"product_cat","embeddable":true,"href":"https:\/\/military-classic-auction.com\/en\/wp-json\/wp\/v2\/product_cat?post=12943"},{"taxonomy":"product_tag","embeddable":true,"href":"https:\/\/military-classic-auction.com\/en\/wp-json\/wp\/v2\/product_tag?post=12943"}],"curies":[{"name":"wp","href":"https:\/\/api.w.org\/{rel}","templated":true}]}}