{"id":12942,"date":"2024-06-21T16:22:45","date_gmt":"2024-06-21T16:22:45","guid":{"rendered":"https:\/\/military-classic-auction.com\/?post_type=product&#038;p=12942"},"modified":"2024-07-05T18:15:25","modified_gmt":"2024-07-05T18:15:25","slug":"caisse-en-bois-medicale","status":"publish","type":"product","link":"https:\/\/military-classic-auction.com\/en\/product\/caisse-en-bois-medicale\/","title":{"rendered":"Caisse en bois m\u00e9dicale"},"content":{"rendered":"<p>Caisse en bois m\u00e9dicale<br \/>\nFermeture centrale &#038; pas de poign\u00e9e de transport.<br \/>\nPas de marquage visible.<br \/>\nDimension : L29,5cm x l21,5cm x h20cm<br \/>\n(En l&rsquo;\u00e9tat, usures)<br \/>\n&#8211;<br \/>\nMedical wooden case<br \/>\nCentral closure &#038; no carrying handle.<br \/>\nNo visible marking.<br \/>\nDimensions: L11,6&Prime; x w8,5&Prime; x h7,8&Prime;<br \/>\n(As is, wear)<\/p>","protected":false},"excerpt":{"rendered":"<p>Caisse en bois m\u00e9dicale Fermeture centrale &#038; pas de poign\u00e9e de transport. Pas de marquage visible. Dimension : L29,5cm x l21,5cm x h20cm (En l&rsquo;\u00e9tat, usures) &#8211; Medical wooden case Central closure &#038; no carrying handle. No visible marking. Dimensions: L11,6&Prime; x w8,5&Prime; x h7,8&Prime; (As is, wear)<\/p>","protected":false},"featured_media":12199,"template":"","meta":[],"product_brand":[],"product_cat":[27],"product_tag":[],"class_list":{"0":"post-12942","1":"product","2":"type-product","3":"status-publish","4":"has-post-thumbnail","6":"product_cat-larmee-des-caisses","8":"first","9":"instock","10":"sold-individually","11":"purchasable","12":"product-type-auction"},"aioseo_notices":[],"_links":{"self":[{"href":"https:\/\/military-classic-auction.com\/en\/wp-json\/wp\/v2\/product\/12942","targetHints":{"allow":["GET"]}}],"collection":[{"href":"https:\/\/military-classic-auction.com\/en\/wp-json\/wp\/v2\/product"}],"about":[{"href":"https:\/\/military-classic-auction.com\/en\/wp-json\/wp\/v2\/types\/product"}],"wp:featuredmedia":[{"embeddable":true,"href":"https:\/\/military-classic-auction.com\/en\/wp-json\/wp\/v2\/media\/12199"}],"wp:attachment":[{"href":"https:\/\/military-classic-auction.com\/en\/wp-json\/wp\/v2\/media?parent=12942"}],"wp:term":[{"taxonomy":"product_brand","embeddable":true,"href":"https:\/\/military-classic-auction.com\/en\/wp-json\/wp\/v2\/product_brand?post=12942"},{"taxonomy":"product_cat","embeddable":true,"href":"https:\/\/military-classic-auction.com\/en\/wp-json\/wp\/v2\/product_cat?post=12942"},{"taxonomy":"product_tag","embeddable":true,"href":"https:\/\/military-classic-auction.com\/en\/wp-json\/wp\/v2\/product_tag?post=12942"}],"curies":[{"name":"wp","href":"https:\/\/api.w.org\/{rel}","templated":true}]}}