{"id":12941,"date":"2024-06-21T16:22:42","date_gmt":"2024-06-21T16:22:42","guid":{"rendered":"https:\/\/military-classic-auction.com\/?post_type=product&#038;p=12941"},"modified":"2024-07-06T12:01:08","modified_gmt":"2024-07-06T12:01:08","slug":"caisse-medicale-pour-appareil-respiratoire","status":"publish","type":"product","link":"https:\/\/military-classic-auction.com\/en\/product\/caisse-medicale-pour-appareil-respiratoire\/","title":{"rendered":"Caisse m\u00e9dicale pour appareil respiratoire"},"content":{"rendered":"<p>Caisse m\u00e9dicale pour appareil respiratoire<br \/>\nFermeture par deux t\u00e9tons &#038; deux poign\u00e9es de transport en m\u00e9tal.<br \/>\nMarquages peints : \u00ab\u00a0Sauerstoff Behandlungsger\u00e4t f\u00fcr Truppen\u00a0\u00bb et croix rouge.<br \/>\nFabrication : \u00ab\u00a0Draeger\u00a0\u00bb<br \/>\nDat\u00e9e 1939<br \/>\nTampon waffenamt pr\u00e9sent.<br \/>\nDimension : L27cm x l16,5cm x h62cm<br \/>\n(En l&rsquo;\u00e9tat, usures, incomplet)<br \/>\n&#8211;<br \/>\nMedical case for respiratory apparatus<br \/>\nClosing with two nipples &#038; two metal carrying handles.<br \/>\nPainted markings: \u00ab\u00a0Sauerstoff Behandlungsger\u00e4t f\u00fcr Truppen\u00a0\u00bb and red cross.<br \/>\nManufactured: \u00ab\u00a0Draeger\u00a0\u00bb<br \/>\nDated 1939<br \/>\nWaffenamt stamp present.<br \/>\nDimensions: L10,6&Prime; x w6,5&Prime; x h24,4&Prime;<br \/>\n(As is, wear, incomplete)<\/p>","protected":false},"excerpt":{"rendered":"<p>Caisse m\u00e9dicale pour appareil respiratoire Fermeture par deux t\u00e9tons &#038; deux poign\u00e9es de transport en m\u00e9tal. Marquages peints : \u00ab\u00a0Sauerstoff Behandlungsger\u00e4t f\u00fcr Truppen\u00a0\u00bb et croix rouge. Fabrication : \u00ab\u00a0Draeger\u00a0\u00bb Dat\u00e9e 1939 Tampon waffenamt pr\u00e9sent. Dimension : L27cm x l16,5cm x h62cm (En l&rsquo;\u00e9tat, usures, incomplet) &#8211; Medical case for respiratory apparatus Closing with two nipples<a class=\"more-link\" href=\"https:\/\/military-classic-auction.com\/en\/product\/caisse-medicale-pour-appareil-respiratoire\/\">Read more  &#10230;<\/a><\/p>","protected":false},"featured_media":12194,"template":"","meta":[],"product_brand":[],"product_cat":[27],"product_tag":[],"class_list":{"0":"post-12941","1":"product","2":"type-product","3":"status-publish","4":"has-post-thumbnail","6":"product_cat-larmee-des-caisses","8":"first","9":"instock","10":"sold-individually","11":"purchasable","12":"product-type-auction"},"aioseo_notices":[],"_links":{"self":[{"href":"https:\/\/military-classic-auction.com\/en\/wp-json\/wp\/v2\/product\/12941","targetHints":{"allow":["GET"]}}],"collection":[{"href":"https:\/\/military-classic-auction.com\/en\/wp-json\/wp\/v2\/product"}],"about":[{"href":"https:\/\/military-classic-auction.com\/en\/wp-json\/wp\/v2\/types\/product"}],"wp:featuredmedia":[{"embeddable":true,"href":"https:\/\/military-classic-auction.com\/en\/wp-json\/wp\/v2\/media\/12194"}],"wp:attachment":[{"href":"https:\/\/military-classic-auction.com\/en\/wp-json\/wp\/v2\/media?parent=12941"}],"wp:term":[{"taxonomy":"product_brand","embeddable":true,"href":"https:\/\/military-classic-auction.com\/en\/wp-json\/wp\/v2\/product_brand?post=12941"},{"taxonomy":"product_cat","embeddable":true,"href":"https:\/\/military-classic-auction.com\/en\/wp-json\/wp\/v2\/product_cat?post=12941"},{"taxonomy":"product_tag","embeddable":true,"href":"https:\/\/military-classic-auction.com\/en\/wp-json\/wp\/v2\/product_tag?post=12941"}],"curies":[{"name":"wp","href":"https:\/\/api.w.org\/{rel}","templated":true}]}}