{"id":12940,"date":"2024-06-21T16:22:42","date_gmt":"2024-06-21T16:22:42","guid":{"rendered":"https:\/\/military-classic-auction.com\/?post_type=product&#038;p=12940"},"modified":"2024-07-06T09:18:30","modified_gmt":"2024-07-06T09:18:30","slug":"boite-a-cafe-2","status":"publish","type":"product","link":"https:\/\/military-classic-auction.com\/en\/product\/boite-a-cafe-2\/","title":{"rendered":"Boite \u00e0 caf\u00e9"},"content":{"rendered":"<p>Boite \u00e0 caf\u00e9<br \/>\nMod\u00e8le en aluminium. Utilisation dans la cuisine roulante de campagne.<br \/>\nFabrication : \u00ab\u00a0cba\u00a0\u00bb<br \/>\nDat\u00e9e 1940<br \/>\nWaffenamt pr\u00e9sent.<br \/>\nDimension : L16,5cm x l10cm x h38cm (environ)<br \/>\n(En l&rsquo;\u00e9tat, usures)<br \/>\n&#8211;<br \/>\nCoffee box<br \/>\nAluminum model. Use in the rolling field kitchen.<br \/>\nManufacture: \u00ab\u00a0cba\u00a0\u00bb<br \/>\nDated 1940<br \/>\nWaffenamt present.<br \/>\nDimensions: L6,5&Prime; x w3,9&Prime; x h14,9&Prime; (approximately)<br \/>\n(As is, wear)<\/p>","protected":false},"excerpt":{"rendered":"<p>Boite \u00e0 caf\u00e9 Mod\u00e8le en aluminium. Utilisation dans la cuisine roulante de campagne. Fabrication : \u00ab\u00a0cba\u00a0\u00bb Dat\u00e9e 1940 Waffenamt pr\u00e9sent. Dimension : L16,5cm x l10cm x h38cm (environ) (En l&rsquo;\u00e9tat, usures) &#8211; Coffee box Aluminum model. Use in the rolling field kitchen. Manufacture: \u00ab\u00a0cba\u00a0\u00bb Dated 1940 Waffenamt present. Dimensions: L6,5&Prime; x w3,9&Prime; x h14,9&Prime; (approximately)<a class=\"more-link\" href=\"https:\/\/military-classic-auction.com\/en\/product\/boite-a-cafe-2\/\">Read more  &#10230;<\/a><\/p>","protected":false},"featured_media":12186,"template":"","meta":[],"product_brand":[],"product_cat":[27],"product_tag":[],"class_list":{"0":"post-12940","1":"product","2":"type-product","3":"status-publish","4":"has-post-thumbnail","6":"product_cat-larmee-des-caisses","8":"first","9":"instock","10":"sold-individually","11":"purchasable","12":"product-type-auction"},"aioseo_notices":[],"_links":{"self":[{"href":"https:\/\/military-classic-auction.com\/en\/wp-json\/wp\/v2\/product\/12940","targetHints":{"allow":["GET"]}}],"collection":[{"href":"https:\/\/military-classic-auction.com\/en\/wp-json\/wp\/v2\/product"}],"about":[{"href":"https:\/\/military-classic-auction.com\/en\/wp-json\/wp\/v2\/types\/product"}],"wp:featuredmedia":[{"embeddable":true,"href":"https:\/\/military-classic-auction.com\/en\/wp-json\/wp\/v2\/media\/12186"}],"wp:attachment":[{"href":"https:\/\/military-classic-auction.com\/en\/wp-json\/wp\/v2\/media?parent=12940"}],"wp:term":[{"taxonomy":"product_brand","embeddable":true,"href":"https:\/\/military-classic-auction.com\/en\/wp-json\/wp\/v2\/product_brand?post=12940"},{"taxonomy":"product_cat","embeddable":true,"href":"https:\/\/military-classic-auction.com\/en\/wp-json\/wp\/v2\/product_cat?post=12940"},{"taxonomy":"product_tag","embeddable":true,"href":"https:\/\/military-classic-auction.com\/en\/wp-json\/wp\/v2\/product_tag?post=12940"}],"curies":[{"name":"wp","href":"https:\/\/api.w.org\/{rel}","templated":true}]}}