{"id":12938,"date":"2024-06-21T16:22:40","date_gmt":"2024-06-21T16:22:40","guid":{"rendered":"https:\/\/military-classic-auction.com\/?post_type=product&#038;p=12938"},"modified":"2024-07-06T09:32:00","modified_gmt":"2024-07-06T09:32:00","slug":"boite-a-cafe","status":"publish","type":"product","link":"https:\/\/military-classic-auction.com\/en\/product\/boite-a-cafe\/","title":{"rendered":"Boite \u00e0 caf\u00e9"},"content":{"rendered":"<p>Boite \u00e0 caf\u00e9<br \/>\nMod\u00e8le en fer. Utilisation dans la cuisine roulante de campagne.<br \/>\nFabrication : \u00ab\u00a0ave\u00a0\u00bb<br \/>\nDat\u00e9e 1942<br \/>\nDimension : L16,5cm x l10cm x h37,5cm (environ)<br \/>\n(En l&rsquo;\u00e9tat, usures, oxydation)<br \/>\n&#8211;<br \/>\nCoffee box<br \/>\nIron model. Use in the rolling field kitchen.<br \/>\nManufacturing: \u00ab\u00a0ave\u00a0\u00bb<br \/>\nDated 1942<br \/>\nDimensions: L6,5&Prime; x w3,9&Prime; x h14,7&Prime; (approximately)<br \/>\n(As is, wear, oxidation)<\/p>","protected":false},"excerpt":{"rendered":"<p>Boite \u00e0 caf\u00e9 Mod\u00e8le en fer. Utilisation dans la cuisine roulante de campagne. Fabrication : \u00ab\u00a0ave\u00a0\u00bb Dat\u00e9e 1942 Dimension : L16,5cm x l10cm x h37,5cm (environ) (En l&rsquo;\u00e9tat, usures, oxydation) &#8211; Coffee box Iron model. Use in the rolling field kitchen. Manufacturing: \u00ab\u00a0ave\u00a0\u00bb Dated 1942 Dimensions: L6,5&Prime; x w3,9&Prime; x h14,7&Prime; (approximately) (As is, wear,<a class=\"more-link\" href=\"https:\/\/military-classic-auction.com\/en\/product\/boite-a-cafe\/\">Read more  &#10230;<\/a><\/p>","protected":false},"featured_media":12173,"template":"","meta":[],"product_brand":[],"product_cat":[27],"product_tag":[],"class_list":{"0":"post-12938","1":"product","2":"type-product","3":"status-publish","4":"has-post-thumbnail","6":"product_cat-larmee-des-caisses","8":"first","9":"instock","10":"sold-individually","11":"purchasable","12":"product-type-auction"},"aioseo_notices":[],"_links":{"self":[{"href":"https:\/\/military-classic-auction.com\/en\/wp-json\/wp\/v2\/product\/12938","targetHints":{"allow":["GET"]}}],"collection":[{"href":"https:\/\/military-classic-auction.com\/en\/wp-json\/wp\/v2\/product"}],"about":[{"href":"https:\/\/military-classic-auction.com\/en\/wp-json\/wp\/v2\/types\/product"}],"wp:featuredmedia":[{"embeddable":true,"href":"https:\/\/military-classic-auction.com\/en\/wp-json\/wp\/v2\/media\/12173"}],"wp:attachment":[{"href":"https:\/\/military-classic-auction.com\/en\/wp-json\/wp\/v2\/media?parent=12938"}],"wp:term":[{"taxonomy":"product_brand","embeddable":true,"href":"https:\/\/military-classic-auction.com\/en\/wp-json\/wp\/v2\/product_brand?post=12938"},{"taxonomy":"product_cat","embeddable":true,"href":"https:\/\/military-classic-auction.com\/en\/wp-json\/wp\/v2\/product_cat?post=12938"},{"taxonomy":"product_tag","embeddable":true,"href":"https:\/\/military-classic-auction.com\/en\/wp-json\/wp\/v2\/product_tag?post=12938"}],"curies":[{"name":"wp","href":"https:\/\/api.w.org\/{rel}","templated":true}]}}