{"id":12937,"date":"2024-06-21T16:22:40","date_gmt":"2024-06-21T16:22:40","guid":{"rendered":"https:\/\/military-classic-auction.com\/?post_type=product&#038;p=12937"},"modified":"2024-07-06T09:42:57","modified_gmt":"2024-07-06T09:42:57","slug":"boite-a-epices-gewurz","status":"publish","type":"product","link":"https:\/\/military-classic-auction.com\/en\/product\/boite-a-epices-gewurz\/","title":{"rendered":"Boite \u00e0 \u00e9pices &#8211; \u00ab\u00a0Gew\u00fcrz\u00a0\u00bb"},"content":{"rendered":"<p>Boite \u00e0 \u00e9pices &#8211; \u00ab\u00a0Gew\u00fcrz\u00a0\u00bb<br \/>\nMod\u00e8le en aluminium. Utilisation dans la cuisine roulante de campagne.<br \/>\nFabrication : \u00ab\u00a0jsd\u00a0\u00bb<br \/>\nDat\u00e9e 1938<br \/>\nWaffenamt pr\u00e9sent.<br \/>\nDimension : L15cm x l10cm x h40cm (environ)<br \/>\n(En l&rsquo;\u00e9tat, usures)<br \/>\n&#8211;<br \/>\nSpice box &#8211; \u00ab\u00a0Gew\u00fcrz\u00a0\u00bb<br \/>\nAluminum model. Use in the rolling field kitchen.<br \/>\nManufacture: \u00ab\u00a0jsd\u00a0\u00bb<br \/>\nDated 1938<br \/>\nWaffenamt present.<br \/>\nDimensions: L5,9&Prime; x w3,9&Prime; x h15,7&Prime; (approximately)<br \/>\n(As is, wear)<\/p>","protected":false},"excerpt":{"rendered":"<p>Boite \u00e0 \u00e9pices &#8211; \u00ab\u00a0Gew\u00fcrz\u00a0\u00bb Mod\u00e8le en aluminium. Utilisation dans la cuisine roulante de campagne. Fabrication : \u00ab\u00a0jsd\u00a0\u00bb Dat\u00e9e 1938 Waffenamt pr\u00e9sent. Dimension : L15cm x l10cm x h40cm (environ) (En l&rsquo;\u00e9tat, usures) &#8211; Spice box &#8211; \u00ab\u00a0Gew\u00fcrz\u00a0\u00bb Aluminum model. Use in the rolling field kitchen. Manufacture: \u00ab\u00a0jsd\u00a0\u00bb Dated 1938 Waffenamt present. Dimensions: L5,9&Prime; x<a class=\"more-link\" href=\"https:\/\/military-classic-auction.com\/en\/product\/boite-a-epices-gewurz\/\">Read more  &#10230;<\/a><\/p>","protected":false},"featured_media":12166,"template":"","meta":[],"product_brand":[],"product_cat":[27],"product_tag":[],"class_list":{"0":"post-12937","1":"product","2":"type-product","3":"status-publish","4":"has-post-thumbnail","6":"product_cat-larmee-des-caisses","8":"first","9":"instock","10":"sold-individually","11":"purchasable","12":"product-type-auction"},"aioseo_notices":[],"_links":{"self":[{"href":"https:\/\/military-classic-auction.com\/en\/wp-json\/wp\/v2\/product\/12937","targetHints":{"allow":["GET"]}}],"collection":[{"href":"https:\/\/military-classic-auction.com\/en\/wp-json\/wp\/v2\/product"}],"about":[{"href":"https:\/\/military-classic-auction.com\/en\/wp-json\/wp\/v2\/types\/product"}],"wp:featuredmedia":[{"embeddable":true,"href":"https:\/\/military-classic-auction.com\/en\/wp-json\/wp\/v2\/media\/12166"}],"wp:attachment":[{"href":"https:\/\/military-classic-auction.com\/en\/wp-json\/wp\/v2\/media?parent=12937"}],"wp:term":[{"taxonomy":"product_brand","embeddable":true,"href":"https:\/\/military-classic-auction.com\/en\/wp-json\/wp\/v2\/product_brand?post=12937"},{"taxonomy":"product_cat","embeddable":true,"href":"https:\/\/military-classic-auction.com\/en\/wp-json\/wp\/v2\/product_cat?post=12937"},{"taxonomy":"product_tag","embeddable":true,"href":"https:\/\/military-classic-auction.com\/en\/wp-json\/wp\/v2\/product_tag?post=12937"}],"curies":[{"name":"wp","href":"https:\/\/api.w.org\/{rel}","templated":true}]}}