{"id":12933,"date":"2024-06-21T16:22:37","date_gmt":"2024-06-21T16:22:37","guid":{"rendered":"https:\/\/military-classic-auction.com\/?post_type=product&#038;p=12933"},"modified":"2024-07-03T06:23:50","modified_gmt":"2024-07-03T06:23:50","slug":"boite-en-bakelite-pour-20-appoints-de-charge-du-canon-de-15-cm-h-13-s-f-h-18","status":"publish","type":"product","link":"https:\/\/military-classic-auction.com\/en\/product\/boite-en-bakelite-pour-20-appoints-de-charge-du-canon-de-15-cm-h-13-s-f-h-18\/","title":{"rendered":"Boite en bak\u00e9lite pour 20 appoints de charge du canon de 15 cm H.13 &#8211; s.F.H.18."},"content":{"rendered":"<p>Boite en bak\u00e9lite pour 20 appoints de charge du canon de 15 cm H.13 &#8211; s.F.H.18.<br \/>\nFermeture par vissage du couvercle.<br \/>\nDat\u00e9e 1944<br \/>\nDimension : d16cm x h17cm<br \/>\n(En l&rsquo;\u00e9tat, usures, f\u00ealures)<br \/>\n&#8211;<br \/>\nBakelite box for 20 extra charges for the 15 cm H.13 &#8211; s.F.H.18 cannon.<br \/>\nScrew closure of the lid.<br \/>\nDated 1944<br \/>\nDimensions: d6,3&Prime; x h6,7&Prime;<br \/>\n(As is, wear, cracks)<\/p>","protected":false},"excerpt":{"rendered":"<p>Boite en bak\u00e9lite pour 20 appoints de charge du canon de 15 cm H.13 &#8211; s.F.H.18. Fermeture par vissage du couvercle. Dat\u00e9e 1944 Dimension : d16cm x h17cm (En l&rsquo;\u00e9tat, usures, f\u00ealures) &#8211; Bakelite box for 20 extra charges for the 15 cm H.13 &#8211; s.F.H.18 cannon. Screw closure of the lid. Dated 1944 Dimensions:<a class=\"more-link\" href=\"https:\/\/military-classic-auction.com\/en\/product\/boite-en-bakelite-pour-20-appoints-de-charge-du-canon-de-15-cm-h-13-s-f-h-18\/\">Read more  &#10230;<\/a><\/p>","protected":false},"featured_media":12136,"template":"","meta":[],"product_brand":[],"product_cat":[27],"product_tag":[],"class_list":{"0":"post-12933","1":"product","2":"type-product","3":"status-publish","4":"has-post-thumbnail","6":"product_cat-larmee-des-caisses","8":"first","9":"instock","10":"sold-individually","11":"purchasable","12":"product-type-auction"},"aioseo_notices":[],"_links":{"self":[{"href":"https:\/\/military-classic-auction.com\/en\/wp-json\/wp\/v2\/product\/12933","targetHints":{"allow":["GET"]}}],"collection":[{"href":"https:\/\/military-classic-auction.com\/en\/wp-json\/wp\/v2\/product"}],"about":[{"href":"https:\/\/military-classic-auction.com\/en\/wp-json\/wp\/v2\/types\/product"}],"wp:featuredmedia":[{"embeddable":true,"href":"https:\/\/military-classic-auction.com\/en\/wp-json\/wp\/v2\/media\/12136"}],"wp:attachment":[{"href":"https:\/\/military-classic-auction.com\/en\/wp-json\/wp\/v2\/media?parent=12933"}],"wp:term":[{"taxonomy":"product_brand","embeddable":true,"href":"https:\/\/military-classic-auction.com\/en\/wp-json\/wp\/v2\/product_brand?post=12933"},{"taxonomy":"product_cat","embeddable":true,"href":"https:\/\/military-classic-auction.com\/en\/wp-json\/wp\/v2\/product_cat?post=12933"},{"taxonomy":"product_tag","embeddable":true,"href":"https:\/\/military-classic-auction.com\/en\/wp-json\/wp\/v2\/product_tag?post=12933"}],"curies":[{"name":"wp","href":"https:\/\/api.w.org\/{rel}","templated":true}]}}