{"id":12930,"date":"2024-06-21T16:22:32","date_gmt":"2024-06-21T16:22:32","guid":{"rendered":"https:\/\/military-classic-auction.com\/?post_type=product&#038;p=12930"},"modified":"2024-06-21T16:22:33","modified_gmt":"2024-06-21T16:22:33","slug":"claie-de-portage-en-bois-et-metal-pour-un-obus-de-10-cm","status":"publish","type":"product","link":"https:\/\/military-classic-auction.com\/en\/product\/claie-de-portage-en-bois-et-metal-pour-un-obus-de-10-cm\/","title":{"rendered":"Claie de portage en bois et m\u00e9tal pour un obus de 10 cm"},"content":{"rendered":"<p>Claie de portage en bois et m\u00e9tal pour un obus de 10 cm<br \/>\nFermeture par un t\u00e9ton &#038; une poign\u00e9e de transport en m\u00e9tal<br \/>\nSupport d&rsquo;ogive manquant.<br \/>\nDimension : L15,5cm x l14cm x h51,5cm<br \/>\n(Usure, oxydation)<br \/>\n&#8211;<br \/>\nWooden and metal carrying rack for a 10 cm shell<br \/>\nClosing with a nipple &#038; a metal carrying handle<br \/>\nMissing warhead support.<br \/>\nDimensions: L6,10&Prime; x w5,5&Prime; x h20,3&Prime;<br \/>\n(Wear, oxidation)<\/p>","protected":false},"excerpt":{"rendered":"<p>Claie de portage en bois et m\u00e9tal pour un obus de 10 cm Fermeture par un t\u00e9ton &#038; une poign\u00e9e de transport en m\u00e9tal Support d&rsquo;ogive manquant. Dimension : L15,5cm x l14cm x h51,5cm (Usure, oxydation) &#8211; Wooden and metal carrying rack for a 10 cm shell Closing with a nipple &#038; a metal carrying<a class=\"more-link\" href=\"https:\/\/military-classic-auction.com\/en\/product\/claie-de-portage-en-bois-et-metal-pour-un-obus-de-10-cm\/\">Read more  &#10230;<\/a><\/p>","protected":false},"featured_media":12114,"template":"","meta":[],"product_brand":[],"product_cat":[27],"product_tag":[],"class_list":{"0":"post-12930","1":"product","2":"type-product","3":"status-publish","4":"has-post-thumbnail","6":"product_cat-larmee-des-caisses","8":"first","9":"instock","10":"sold-individually","11":"purchasable","12":"product-type-auction"},"aioseo_notices":[],"_links":{"self":[{"href":"https:\/\/military-classic-auction.com\/en\/wp-json\/wp\/v2\/product\/12930","targetHints":{"allow":["GET"]}}],"collection":[{"href":"https:\/\/military-classic-auction.com\/en\/wp-json\/wp\/v2\/product"}],"about":[{"href":"https:\/\/military-classic-auction.com\/en\/wp-json\/wp\/v2\/types\/product"}],"wp:featuredmedia":[{"embeddable":true,"href":"https:\/\/military-classic-auction.com\/en\/wp-json\/wp\/v2\/media\/12114"}],"wp:attachment":[{"href":"https:\/\/military-classic-auction.com\/en\/wp-json\/wp\/v2\/media?parent=12930"}],"wp:term":[{"taxonomy":"product_brand","embeddable":true,"href":"https:\/\/military-classic-auction.com\/en\/wp-json\/wp\/v2\/product_brand?post=12930"},{"taxonomy":"product_cat","embeddable":true,"href":"https:\/\/military-classic-auction.com\/en\/wp-json\/wp\/v2\/product_cat?post=12930"},{"taxonomy":"product_tag","embeddable":true,"href":"https:\/\/military-classic-auction.com\/en\/wp-json\/wp\/v2\/product_tag?post=12930"}],"curies":[{"name":"wp","href":"https:\/\/api.w.org\/{rel}","templated":true}]}}