{"id":12929,"date":"2024-06-21T16:22:31","date_gmt":"2024-06-21T16:22:31","guid":{"rendered":"https:\/\/military-classic-auction.com\/?post_type=product&#038;p=12929"},"modified":"2024-07-06T11:54:09","modified_gmt":"2024-07-06T11:54:09","slug":"caisse-en-metal-pour-2-obus-de-75cm-kw-k-stu-g-k-2","status":"publish","type":"product","link":"https:\/\/military-classic-auction.com\/en\/product\/caisse-en-metal-pour-2-obus-de-75cm-kw-k-stu-g-k-2\/","title":{"rendered":"Caisse en m\u00e9tal pour 2 obus de 7,5cm Kw.K\/Stu.G.K"},"content":{"rendered":"<p>Caisse en m\u00e9tal pour 2 obus de 7,5cm Kw.K\/Stu.G.K<br \/>\nFermeture par t\u00e9ton &#038; deux poign\u00e9es de transport en m\u00e9tal.<br \/>\nFabrication : \u00ab\u00a0BMF\u00a0\u00bb<br \/>\nDat\u00e9e 1939<br \/>\nR\u00e2telier int\u00e9rieur pr\u00e9sent.<br \/>\nDimension : L23cm x l12cm x h57,5cm<br \/>\n(En l&rsquo;\u00e9tat, usures, oxydation)<br \/>\n&#8211;<br \/>\nMetal case for 2 7.5cm Kw.K\/Stu.G.K shells<br \/>\nNipple closure &#038; two metal carrying handles.<br \/>\nManufactured: \u00ab\u00a0BMF\u00a0\u00bb<br \/>\nDated 1939<br \/>\nInterior rack present.<br \/>\nDimensions: L9&Prime; x w4,7&Prime; x h22,6&Prime;<br \/>\n(As is, wear, oxidation)<\/p>","protected":false},"excerpt":{"rendered":"<p>Caisse en m\u00e9tal pour 2 obus de 7,5cm Kw.K\/Stu.G.K Fermeture par t\u00e9ton &#038; deux poign\u00e9es de transport en m\u00e9tal. Fabrication : \u00ab\u00a0BMF\u00a0\u00bb Dat\u00e9e 1939 R\u00e2telier int\u00e9rieur pr\u00e9sent. Dimension : L23cm x l12cm x h57,5cm (En l&rsquo;\u00e9tat, usures, oxydation) &#8211; Metal case for 2 7.5cm Kw.K\/Stu.G.K shells Nipple closure &#038; two metal carrying handles. Manufactured: \u00ab\u00a0BMF\u00a0\u00bb<a class=\"more-link\" href=\"https:\/\/military-classic-auction.com\/en\/product\/caisse-en-metal-pour-2-obus-de-75cm-kw-k-stu-g-k-2\/\">Read more  &#10230;<\/a><\/p>","protected":false},"featured_media":12108,"template":"","meta":[],"product_brand":[],"product_cat":[27],"product_tag":[],"class_list":{"0":"post-12929","1":"product","2":"type-product","3":"status-publish","4":"has-post-thumbnail","6":"product_cat-larmee-des-caisses","8":"first","9":"instock","10":"sold-individually","11":"purchasable","12":"product-type-auction"},"aioseo_notices":[],"_links":{"self":[{"href":"https:\/\/military-classic-auction.com\/en\/wp-json\/wp\/v2\/product\/12929","targetHints":{"allow":["GET"]}}],"collection":[{"href":"https:\/\/military-classic-auction.com\/en\/wp-json\/wp\/v2\/product"}],"about":[{"href":"https:\/\/military-classic-auction.com\/en\/wp-json\/wp\/v2\/types\/product"}],"wp:featuredmedia":[{"embeddable":true,"href":"https:\/\/military-classic-auction.com\/en\/wp-json\/wp\/v2\/media\/12108"}],"wp:attachment":[{"href":"https:\/\/military-classic-auction.com\/en\/wp-json\/wp\/v2\/media?parent=12929"}],"wp:term":[{"taxonomy":"product_brand","embeddable":true,"href":"https:\/\/military-classic-auction.com\/en\/wp-json\/wp\/v2\/product_brand?post=12929"},{"taxonomy":"product_cat","embeddable":true,"href":"https:\/\/military-classic-auction.com\/en\/wp-json\/wp\/v2\/product_cat?post=12929"},{"taxonomy":"product_tag","embeddable":true,"href":"https:\/\/military-classic-auction.com\/en\/wp-json\/wp\/v2\/product_tag?post=12929"}],"curies":[{"name":"wp","href":"https:\/\/api.w.org\/{rel}","templated":true}]}}