{"id":12922,"date":"2024-06-21T16:22:26","date_gmt":"2024-06-21T16:22:26","guid":{"rendered":"https:\/\/military-classic-auction.com\/?post_type=product&#038;p=12922"},"modified":"2024-07-06T00:22:07","modified_gmt":"2024-07-06T00:22:07","slug":"container-en-metal-pour-1-obus-de-75-cm-pak-40","status":"publish","type":"product","link":"https:\/\/military-classic-auction.com\/en\/product\/container-en-metal-pour-1-obus-de-75-cm-pak-40\/","title":{"rendered":"Container en m\u00e9tal pour 1 obus de 7,5 cm Pak.40"},"content":{"rendered":"<p>Container en m\u00e9tal pour 1 obus de 7,5 cm Pak.40<br \/>\nFermeture par un crochet &#038; une poign\u00e9e de transport en m\u00e9tal sur le couvercle.<br \/>\n\u00c9tiquette int\u00e9rieure pr\u00e9sente mais incompl\u00e8te.<br \/>\nSupport int\u00e9rieur d&rsquo;ogive pr\u00e9sent.<br \/>\nDimension : d11,5cm x h104cm<br \/>\n(En l&rsquo;\u00e9tat, usures, oxydation)<br \/>\n&#8211;<br \/>\nMetal container for 1 7.5 cm shell Pak.40<br \/>\nClosing with a hook and a metal carrying handle on the lid.<br \/>\nInterior label present but incomplete.<br \/>\nInterior warhead support present.<br \/>\nDimensions: d4,5&Prime; x h40,9&Prime;<br \/>\n(As is, wear, oxidation)<\/p>","protected":false},"excerpt":{"rendered":"<p>Container en m\u00e9tal pour 1 obus de 7,5 cm Pak.40 Fermeture par un crochet &#038; une poign\u00e9e de transport en m\u00e9tal sur le couvercle. \u00c9tiquette int\u00e9rieure pr\u00e9sente mais incompl\u00e8te. Support int\u00e9rieur d&rsquo;ogive pr\u00e9sent. Dimension : d11,5cm x h104cm (En l&rsquo;\u00e9tat, usures, oxydation) &#8211; Metal container for 1 7.5 cm shell Pak.40 Closing with a hook<a class=\"more-link\" href=\"https:\/\/military-classic-auction.com\/en\/product\/container-en-metal-pour-1-obus-de-75-cm-pak-40\/\">Read more  &#10230;<\/a><\/p>","protected":false},"featured_media":12051,"template":"","meta":[],"product_brand":[],"product_cat":[27],"product_tag":[],"class_list":{"0":"post-12922","1":"product","2":"type-product","3":"status-publish","4":"has-post-thumbnail","6":"product_cat-larmee-des-caisses","8":"first","9":"instock","10":"sold-individually","11":"purchasable","12":"product-type-auction"},"aioseo_notices":[],"_links":{"self":[{"href":"https:\/\/military-classic-auction.com\/en\/wp-json\/wp\/v2\/product\/12922","targetHints":{"allow":["GET"]}}],"collection":[{"href":"https:\/\/military-classic-auction.com\/en\/wp-json\/wp\/v2\/product"}],"about":[{"href":"https:\/\/military-classic-auction.com\/en\/wp-json\/wp\/v2\/types\/product"}],"wp:featuredmedia":[{"embeddable":true,"href":"https:\/\/military-classic-auction.com\/en\/wp-json\/wp\/v2\/media\/12051"}],"wp:attachment":[{"href":"https:\/\/military-classic-auction.com\/en\/wp-json\/wp\/v2\/media?parent=12922"}],"wp:term":[{"taxonomy":"product_brand","embeddable":true,"href":"https:\/\/military-classic-auction.com\/en\/wp-json\/wp\/v2\/product_brand?post=12922"},{"taxonomy":"product_cat","embeddable":true,"href":"https:\/\/military-classic-auction.com\/en\/wp-json\/wp\/v2\/product_cat?post=12922"},{"taxonomy":"product_tag","embeddable":true,"href":"https:\/\/military-classic-auction.com\/en\/wp-json\/wp\/v2\/product_tag?post=12922"}],"curies":[{"name":"wp","href":"https:\/\/api.w.org\/{rel}","templated":true}]}}