{"id":12921,"date":"2024-06-21T16:22:24","date_gmt":"2024-06-21T16:22:24","guid":{"rendered":"https:\/\/military-classic-auction.com\/?post_type=product&#038;p=12921"},"modified":"2024-07-06T11:15:33","modified_gmt":"2024-07-06T11:15:33","slug":"container-en-metal-pour-1-obus-de-75-cm-kwk-40-panzer-4","status":"publish","type":"product","link":"https:\/\/military-classic-auction.com\/en\/product\/container-en-metal-pour-1-obus-de-75-cm-kwk-40-panzer-4\/","title":{"rendered":"Container en m\u00e9tal pour 1 obus de 7,5 cm Kwk.40 (Panzer 4)"},"content":{"rendered":"<p>Container en m\u00e9tal pour 1 obus de 7,5 cm Kwk.40 (Panzer 4)<br \/>\nFermeture par un crochet (incompl\u00e8te) &#038; une poign\u00e9e de transport sur le couvercle.<br \/>\nMarqu\u00e9 : \u00ab\u00a0Patr. Luftdicht\u00a0\u00bb pour \u00ab\u00a0Luftdichter Patronenkasten\u00a0\u00bb<br \/>\nDimension : d13cm x h82cm<br \/>\n(En l&rsquo;\u00e9tat, usures, manques, oxydation)<br \/>\n&#8211;<br \/>\nMetal container for 1 shell of 7.5 cm Kwk.40 (Panzer 4)<br \/>\nClosure with a hook (incomplete) &#038; a carrying handle on the lid.<br \/>\nMarked: \u00ab\u00a0Patr. Luftdicht\u00a0\u00bb for \u00ab\u00a0Luftdichter Patronenkasten\u00a0\u00bb<br \/>\nDimensions: d5,1&Prime; x h32,3&Prime;<br \/>\n(As is, wear, missing parts, oxidation)<\/p>","protected":false},"excerpt":{"rendered":"<p>Container en m\u00e9tal pour 1 obus de 7,5 cm Kwk.40 (Panzer 4) Fermeture par un crochet (incompl\u00e8te) &#038; une poign\u00e9e de transport sur le couvercle. Marqu\u00e9 : \u00ab\u00a0Patr. Luftdicht\u00a0\u00bb pour \u00ab\u00a0Luftdichter Patronenkasten\u00a0\u00bb Dimension : d13cm x h82cm (En l&rsquo;\u00e9tat, usures, manques, oxydation) &#8211; Metal container for 1 shell of 7.5 cm Kwk.40 (Panzer 4) Closure<a class=\"more-link\" href=\"https:\/\/military-classic-auction.com\/en\/product\/container-en-metal-pour-1-obus-de-75-cm-kwk-40-panzer-4\/\">Read more  &#10230;<\/a><\/p>","protected":false},"featured_media":12042,"template":"","meta":[],"product_brand":[],"product_cat":[27],"product_tag":[],"class_list":{"0":"post-12921","1":"product","2":"type-product","3":"status-publish","4":"has-post-thumbnail","6":"product_cat-larmee-des-caisses","8":"first","9":"instock","10":"sold-individually","11":"purchasable","12":"product-type-auction"},"aioseo_notices":[],"_links":{"self":[{"href":"https:\/\/military-classic-auction.com\/en\/wp-json\/wp\/v2\/product\/12921","targetHints":{"allow":["GET"]}}],"collection":[{"href":"https:\/\/military-classic-auction.com\/en\/wp-json\/wp\/v2\/product"}],"about":[{"href":"https:\/\/military-classic-auction.com\/en\/wp-json\/wp\/v2\/types\/product"}],"wp:featuredmedia":[{"embeddable":true,"href":"https:\/\/military-classic-auction.com\/en\/wp-json\/wp\/v2\/media\/12042"}],"wp:attachment":[{"href":"https:\/\/military-classic-auction.com\/en\/wp-json\/wp\/v2\/media?parent=12921"}],"wp:term":[{"taxonomy":"product_brand","embeddable":true,"href":"https:\/\/military-classic-auction.com\/en\/wp-json\/wp\/v2\/product_brand?post=12921"},{"taxonomy":"product_cat","embeddable":true,"href":"https:\/\/military-classic-auction.com\/en\/wp-json\/wp\/v2\/product_cat?post=12921"},{"taxonomy":"product_tag","embeddable":true,"href":"https:\/\/military-classic-auction.com\/en\/wp-json\/wp\/v2\/product_tag?post=12921"}],"curies":[{"name":"wp","href":"https:\/\/api.w.org\/{rel}","templated":true}]}}