{"id":12920,"date":"2024-06-21T16:22:23","date_gmt":"2024-06-21T16:22:23","guid":{"rendered":"https:\/\/military-classic-auction.com\/?post_type=product&#038;p=12920"},"modified":"2024-07-06T12:01:07","modified_gmt":"2024-07-06T12:01:07","slug":"container-en-metal-pour-1-obus-de-88-cm-sk-c-35-schiffskanone-35","status":"publish","type":"product","link":"https:\/\/military-classic-auction.com\/en\/product\/container-en-metal-pour-1-obus-de-88-cm-sk-c-35-schiffskanone-35\/","title":{"rendered":"Container en m\u00e9tal pour 1 obus de 8,8 cm SK.C\/35 (Schiffskanone 35)"},"content":{"rendered":"<p>Container en m\u00e9tal pour 1 obus de 8,8 cm SK.C\/35 (Schiffskanone 35)<br \/>\nFermeture par vissage du couvercle &#038; une poign\u00e9e de transport sur le couvercle.<br \/>\nFabrication : \u00ab\u00a0ayc\u00a0\u00bb<br \/>\nDat\u00e9 1942<br \/>\nWaffenamt pr\u00e9sent.<br \/>\nDimension : d13cm x h99cm<br \/>\n(En l&rsquo;\u00e9tat, usures, oxydation)<br \/>\n&#8211;<br \/>\nMetal container for 1 8.8 cm shell SK.C\/35 (Schiffskanone 35)<br \/>\nScrew closure of the lid &#038; a carrying handle on the lid.<br \/>\nManufacture: \u00ab\u00a0ayc\u00a0\u00bb<br \/>\nDated 1942<br \/>\nWaffenamt present.<br \/>\nDimensions: d5,1&Prime; x h38,9&Prime;<br \/>\n(As is, wear, oxidation)<\/p>","protected":false},"excerpt":{"rendered":"<p>Container en m\u00e9tal pour 1 obus de 8,8 cm SK.C\/35 (Schiffskanone 35) Fermeture par vissage du couvercle &#038; une poign\u00e9e de transport sur le couvercle. Fabrication : \u00ab\u00a0ayc\u00a0\u00bb Dat\u00e9 1942 Waffenamt pr\u00e9sent. Dimension : d13cm x h99cm (En l&rsquo;\u00e9tat, usures, oxydation) &#8211; Metal container for 1 8.8 cm shell SK.C\/35 (Schiffskanone 35) Screw closure of<a class=\"more-link\" href=\"https:\/\/military-classic-auction.com\/en\/product\/container-en-metal-pour-1-obus-de-88-cm-sk-c-35-schiffskanone-35\/\">Read more  &#10230;<\/a><\/p>","protected":false},"featured_media":12035,"template":"","meta":[],"product_brand":[],"product_cat":[27],"product_tag":[],"class_list":{"0":"post-12920","1":"product","2":"type-product","3":"status-publish","4":"has-post-thumbnail","6":"product_cat-larmee-des-caisses","8":"first","9":"instock","10":"sold-individually","11":"purchasable","12":"product-type-auction"},"aioseo_notices":[],"_links":{"self":[{"href":"https:\/\/military-classic-auction.com\/en\/wp-json\/wp\/v2\/product\/12920","targetHints":{"allow":["GET"]}}],"collection":[{"href":"https:\/\/military-classic-auction.com\/en\/wp-json\/wp\/v2\/product"}],"about":[{"href":"https:\/\/military-classic-auction.com\/en\/wp-json\/wp\/v2\/types\/product"}],"wp:featuredmedia":[{"embeddable":true,"href":"https:\/\/military-classic-auction.com\/en\/wp-json\/wp\/v2\/media\/12035"}],"wp:attachment":[{"href":"https:\/\/military-classic-auction.com\/en\/wp-json\/wp\/v2\/media?parent=12920"}],"wp:term":[{"taxonomy":"product_brand","embeddable":true,"href":"https:\/\/military-classic-auction.com\/en\/wp-json\/wp\/v2\/product_brand?post=12920"},{"taxonomy":"product_cat","embeddable":true,"href":"https:\/\/military-classic-auction.com\/en\/wp-json\/wp\/v2\/product_cat?post=12920"},{"taxonomy":"product_tag","embeddable":true,"href":"https:\/\/military-classic-auction.com\/en\/wp-json\/wp\/v2\/product_tag?post=12920"}],"curies":[{"name":"wp","href":"https:\/\/api.w.org\/{rel}","templated":true}]}}