{"id":12919,"date":"2024-06-21T16:22:22","date_gmt":"2024-06-21T16:22:22","guid":{"rendered":"https:\/\/military-classic-auction.com\/?post_type=product&#038;p=12919"},"modified":"2024-07-06T10:50:16","modified_gmt":"2024-07-06T10:50:16","slug":"container-en-metal-pour-1-obus-de-10cm-gr-39-rot","status":"publish","type":"product","link":"https:\/\/military-classic-auction.com\/en\/product\/container-en-metal-pour-1-obus-de-10cm-gr-39-rot\/","title":{"rendered":"Container en m\u00e9tal pour 1 obus de 10cm Gr.39 Rot."},"content":{"rendered":"<p>Container en m\u00e9tal pour 1 obus de 10cm Gr.39 Rot.<br \/>\nFermeture par un crochet &#038; une poign\u00e9e de transport en m\u00e9tal.<br \/>\nDimension : d13,5cm x h53cm<br \/>\n(En l&rsquo;\u00e9tat, usures, oxydation)<br \/>\n&#8211;<br \/>\nMetal container for 1 shell of 10cm Gr.39 Rot.<br \/>\nClosing with a hook and a metal carrying handle.<br \/>\nDimensions: d5,3&Prime; x h20,8&Prime;<br \/>\n(As is, wear, oxidation)<\/p>","protected":false},"excerpt":{"rendered":"<p>Container en m\u00e9tal pour 1 obus de 10cm Gr.39 Rot. Fermeture par un crochet &#038; une poign\u00e9e de transport en m\u00e9tal. Dimension : d13,5cm x h53cm (En l&rsquo;\u00e9tat, usures, oxydation) &#8211; Metal container for 1 shell of 10cm Gr.39 Rot. Closing with a hook and a metal carrying handle. Dimensions: d5,3&Prime; x h20,8&Prime; (As is,<a class=\"more-link\" href=\"https:\/\/military-classic-auction.com\/en\/product\/container-en-metal-pour-1-obus-de-10cm-gr-39-rot\/\">Read more  &#10230;<\/a><\/p>","protected":false},"featured_media":12028,"template":"","meta":[],"product_brand":[],"product_cat":[27],"product_tag":[],"class_list":{"0":"post-12919","1":"product","2":"type-product","3":"status-publish","4":"has-post-thumbnail","6":"product_cat-larmee-des-caisses","8":"first","9":"instock","10":"sold-individually","11":"purchasable","12":"product-type-auction"},"aioseo_notices":[],"_links":{"self":[{"href":"https:\/\/military-classic-auction.com\/en\/wp-json\/wp\/v2\/product\/12919","targetHints":{"allow":["GET"]}}],"collection":[{"href":"https:\/\/military-classic-auction.com\/en\/wp-json\/wp\/v2\/product"}],"about":[{"href":"https:\/\/military-classic-auction.com\/en\/wp-json\/wp\/v2\/types\/product"}],"wp:featuredmedia":[{"embeddable":true,"href":"https:\/\/military-classic-auction.com\/en\/wp-json\/wp\/v2\/media\/12028"}],"wp:attachment":[{"href":"https:\/\/military-classic-auction.com\/en\/wp-json\/wp\/v2\/media?parent=12919"}],"wp:term":[{"taxonomy":"product_brand","embeddable":true,"href":"https:\/\/military-classic-auction.com\/en\/wp-json\/wp\/v2\/product_brand?post=12919"},{"taxonomy":"product_cat","embeddable":true,"href":"https:\/\/military-classic-auction.com\/en\/wp-json\/wp\/v2\/product_cat?post=12919"},{"taxonomy":"product_tag","embeddable":true,"href":"https:\/\/military-classic-auction.com\/en\/wp-json\/wp\/v2\/product_tag?post=12919"}],"curies":[{"name":"wp","href":"https:\/\/api.w.org\/{rel}","templated":true}]}}